{"id":1675,"date":"2017-05-08T12:03:02","date_gmt":"2017-05-08T10:03:02","guid":{"rendered":"http:\/\/s251.cl2.clustered.nl\/uber-uns\/"},"modified":"2025-12-12T14:09:27","modified_gmt":"2025-12-12T13:09:27","slug":"uber-uns","status":"publish","type":"page","link":"https:\/\/sibo.nl\/de\/uber-uns\/","title":{"rendered":"\u00dcber uns"},"content":{"rendered":"<p>[et_pb_section fb_built=&#8220;1&#8243; admin_label=&#8220;section&#8220; _builder_version=&#8220;4.16&#8243; background_image=&#8220;https:\/\/sibo.nl\/wp-content\/uploads\/2017\/04\/Blue-sibo.jpg&#8220; custom_padding=&#8220;0px|0px|0px|0px&#8220; global_colors_info=&#8220;{}&#8220;][et_pb_row admin_label=&#8220;row&#8220; _builder_version=&#8220;4.16&#8243; background_size=&#8220;initial&#8220; background_position=&#8220;top_left&#8220; background_repeat=&#8220;repeat&#8220; global_colors_info=&#8220;{}&#8220;][et_pb_column type=&#8220;4_4&#8243; _builder_version=&#8220;4.16&#8243; custom_padding=&#8220;|||&#8220; global_colors_info=&#8220;{}&#8220; custom_padding__hover=&#8220;|||&#8220;][et_pb_text _builder_version=&#8220;4.16&#8243; background_size=&#8220;initial&#8220; background_position=&#8220;top_left&#8220; background_repeat=&#8220;repeat&#8220; text_orientation=&#8220;center&#8220; background_layout=&#8220;dark&#8220; module_alignment=&#8220;center&#8220; custom_margin=&#8220;-40px||57px|||&#8220; custom_padding=&#8220;5%||||false|false&#8220; use_border_color=&#8220;off&#8220; border_color=&#8220;#ffffff&#8220; border_style=&#8220;solid&#8220; global_colors_info=&#8220;{}&#8220;]<\/p>\n<h2>\u00dcber SIBO Fluidra<\/h2>\n<p>[\/et_pb_text][\/et_pb_column][\/et_pb_row][\/et_pb_section][et_pb_section fb_built=&#8220;1&#8243; admin_label=&#8220;section&#8220; _builder_version=&#8220;4.16&#8243; custom_margin=&#8220;-46px|||||&#8220; custom_padding=&#8220;31px|0px|25px|0px&#8220; global_colors_info=&#8220;{}&#8220;][et_pb_row column_structure=&#8220;1_5,3_5,1_5&#8243; _builder_version=&#8220;4.16&#8243; background_size=&#8220;initial&#8220; background_position=&#8220;top_left&#8220; background_repeat=&#8220;repeat&#8220; global_colors_info=&#8220;{}&#8220;][et_pb_column type=&#8220;1_5&#8243; _builder_version=&#8220;4.16&#8243; custom_padding=&#8220;|||&#8220; global_colors_info=&#8220;{}&#8220; custom_padding__hover=&#8220;|||&#8220;][\/et_pb_column][et_pb_column type=&#8220;3_5&#8243; _builder_version=&#8220;4.16&#8243; custom_padding=&#8220;|||&#8220; global_colors_info=&#8220;{}&#8220; custom_padding__hover=&#8220;|||&#8220;][et_pb_text _builder_version=&#8220;4.16&#8243; background_size=&#8220;initial&#8220; background_position=&#8220;top_left&#8220; background_repeat=&#8220;repeat&#8220; use_border_color=&#8220;off&#8220; border_color=&#8220;#ffffff&#8220; border_style=&#8220;solid&#8220; global_colors_info=&#8220;{}&#8220;]<iframe src=\"https:\/\/www.youtube.com\/embed\/idMkIqEq3os\" width=\"1280\" height=\"720\" frameborder=\"0\" allowfullscreen=\"allowfullscreen\"><\/iframe><br \/>\n[\/et_pb_text][\/et_pb_column][et_pb_column type=&#8220;1_5&#8243; _builder_version=&#8220;4.16&#8243; custom_padding=&#8220;|||&#8220; global_colors_info=&#8220;{}&#8220; custom_padding__hover=&#8220;|||&#8220;][\/et_pb_column][\/et_pb_row][et_pb_row column_structure=&#8220;1_2,1_2&#8243; admin_label=&#8220;row&#8220; _builder_version=&#8220;4.27.4&#8243; background_size=&#8220;initial&#8220; background_position=&#8220;top_left&#8220; background_repeat=&#8220;repeat&#8220; custom_padding=&#8220;27px|0px|11px|0px&#8220; global_colors_info=&#8220;{}&#8220;][et_pb_column type=&#8220;1_2&#8243; _builder_version=&#8220;4.16&#8243; custom_padding=&#8220;|||&#8220; global_colors_info=&#8220;{}&#8220; custom_padding__hover=&#8220;|||&#8220;][et_pb_text _builder_version=&#8220;4.16&#8243; background_size=&#8220;initial&#8220; background_position=&#8220;top_left&#8220; background_repeat=&#8220;repeat&#8220; use_border_color=&#8220;off&#8220; border_color=&#8220;#ffffff&#8220; border_style=&#8220;solid&#8220; global_colors_info=&#8220;{}&#8220;]SIBO wurde 1993 gegr\u00fcndet, und ist seither zu einem spezialisierten Gro\u00dfhandel f\u00fcr Teich-, Schwimmbad-, Schwimmteich und Beregnungsprodukten sowie<br \/>\nAnschlussmaterial geworden. Mit unserem Paket \u2018Professional Water Products\u2019 bedienen wir einen breiten Kreis von Installateuren, Einzelh\u00e4ndlern und Webshops in \u00fcber 50 L\u00e4ndern. Das komplette Sortiment besteht inzwischen aus mehr als 6.000 Produkten, die aus dem Vorrat lieferbar sind.<\/p>\n<p>Seit Juli 2016 geh\u00f6rt SIBO der <a href=\"https:\/\/www.fluidra.com\/\" target=\"_blank\" rel=\"noopener noreferrer\">Fluidra Gruppe<\/a> an, wodurch unsere Kunden neben dem AquaForte und Blue Eco Sortiment, nun auch auf die innovativen AstralPool Produkte zugreifen k\u00f6nnen. Als Gro\u00dfhandel liefern wir ebenso <a href=\"https:\/\/sibo.nl\/de\/unsere-marken\/\">bekannte Marken<\/a> wie Microbe-Lift, Kusuri, Effast, Blue Lagoon, Hunter und RainBird.[\/et_pb_text][\/et_pb_column][et_pb_column type=&#8220;1_2&#8243; _builder_version=&#8220;4.16&#8243; custom_padding=&#8220;|||&#8220; global_colors_info=&#8220;{}&#8220; custom_padding__hover=&#8220;|||&#8220;][et_pb_text _builder_version=&#8220;4.16&#8243; background_size=&#8220;initial&#8220; background_position=&#8220;top_left&#8220; background_repeat=&#8220;repeat&#8220; use_border_color=&#8220;off&#8220; border_color=&#8220;#ffffff&#8220; border_style=&#8220;solid&#8220; global_colors_info=&#8220;{}&#8220;]Als zeitgen\u00f6ssisches Unternehmen achten wir auf Innovation und Weiterentwicklung von bestehenden Produkten. Durch unseren Erneuerungsdrang gelingt es uns jedes Jahr, Ihnen die neuesten Innovationen im Bereich Filtertechnik und Wasserbehandlung zu pr\u00e4sentieren. Dieser Innovationsdrang in Kombination mit der Produktkapazit\u00e4t und der Produktkenntnis der Fluidra Gruppe sorgt daf\u00fcr, dass wir unser Sortiment.<\/p>\n<p>Hauptsitz und Vertriebszentrale von SIBO Fluidra Netherlands B.V. befinden sich in Veghel (Niederlande). Wir sind stolz auf unsere engagierten Mitarbeiter \u2013 gut 75 an der Zahl -, die Tag f\u00fcr Tag bereitstehen, um Ihnen als Kunde weiterzuhelfen. Wir sind die richtige Adresse f\u00fcr fachgerechte Beratung, schnelle und ad\u00e4quate Lieferung der Produkte und guten Service.[\/et_pb_text][\/et_pb_column][\/et_pb_row][\/et_pb_section]<\/p>\n","protected":false},"excerpt":{"rendered":"<p>\u00dcber SIBO Fluidra SIBO wurde 1993 gegr\u00fcndet, und ist seither zu einem spezialisierten Gro\u00dfhandel f\u00fcr Teich-, Schwimmbad-, Schwimmteich und Beregnungsprodukten sowie Anschlussmaterial geworden. Mit unserem Paket \u2018Professional Water Products\u2019 bedienen [&hellip;]<\/p>\n","protected":false},"author":7,"featured_media":3020,"parent":0,"menu_order":0,"comment_status":"closed","ping_status":"closed","template":"","meta":{"_et_pb_use_builder":"on","_et_pb_old_content":"","_et_gb_content_width":"","_price":"","_stock":"","_tribe_ticket_header":"","_tribe_default_ticket_provider":"","_tribe_ticket_capacity":"0","_ticket_start_date":"","_ticket_end_date":"","_tribe_ticket_show_description":"","_tribe_ticket_show_not_going":false,"_tribe_ticket_use_global_stock":"","_tribe_ticket_global_stock_level":"","_global_stock_mode":"","_global_stock_cap":"","_tribe_rsvp_for_event":"","_tribe_ticket_going_count":"","_tribe_ticket_not_going_count":"","_tribe_tickets_list":"[]","_tribe_ticket_has_attendee_info_fields":false,"footnotes":"","_tec_slr_enabled":"","_tec_slr_layout":""},"class_list":["post-1675","page","type-page","status-publish","has-post-thumbnail","hentry"],"yoast_head":"<!-- This site is optimized with the Yoast SEO plugin v24.9 - https:\/\/yoast.com\/wordpress\/plugins\/seo\/ -->\n<title>\u00dcber uns - SIBO Fluidra Firmeneinf\u00fchrung<\/title>\n<meta name=\"description\" content=\"Seit der Gr\u00fcndung hat sich SIBO zu einem Spezialvertrieb f\u00fcr Teich-, Schwimmbad-, Schwimmteich- und Beregnungsprodukte sowie Anschlussmaterialien entwickelt.\" \/>\n<meta name=\"robots\" content=\"index, follow, max-snippet:-1, max-image-preview:large, max-video-preview:-1\" \/>\n<link rel=\"canonical\" href=\"https:\/\/sibo.nl\/de\/uber-uns\/\" \/>\n<meta property=\"og:locale\" content=\"de_DE\" \/>\n<meta property=\"og:type\" content=\"article\" \/>\n<meta property=\"og:title\" content=\"\u00dcber uns - SIBO Fluidra Firmeneinf\u00fchrung\" \/>\n<meta property=\"og:description\" content=\"Seit der Gr\u00fcndung hat sich SIBO zu einem Spezialvertrieb f\u00fcr Teich-, Schwimmbad-, Schwimmteich- und Beregnungsprodukte sowie Anschlussmaterialien entwickelt.\" \/>\n<meta property=\"og:url\" content=\"https:\/\/sibo.nl\/de\/uber-uns\/\" \/>\n<meta property=\"og:site_name\" content=\"SIBO Fluidra\" \/>\n<meta property=\"article:publisher\" content=\"https:\/\/www.facebook.com\/SiboVeghel\/\" \/>\n<meta property=\"article:modified_time\" content=\"2025-12-12T13:09:27+00:00\" \/>\n<meta property=\"og:image\" content=\"https:\/\/sibo.nl\/wp-content\/uploads\/2017\/04\/SIBO_Drone_shot_email.jpg\" \/>\n\t<meta property=\"og:image:width\" content=\"360\" \/>\n\t<meta property=\"og:image:height\" content=\"209\" \/>\n\t<meta property=\"og:image:type\" content=\"image\/jpeg\" \/>\n<meta name=\"twitter:card\" content=\"summary_large_image\" \/>\n<meta name=\"twitter:site\" content=\"@SIBOBV\" \/>\n<meta name=\"twitter:label1\" content=\"Gesch\u00e4tzte Lesezeit\" \/>\n\t<meta name=\"twitter:data1\" content=\"2\u00a0Minuten\" \/>\n<script type=\"application\/ld+json\" class=\"yoast-schema-graph\">{\"@context\":\"https:\/\/schema.org\",\"@graph\":[{\"@type\":\"WebPage\",\"@id\":\"https:\/\/sibo.nl\/de\/uber-uns\/\",\"url\":\"https:\/\/sibo.nl\/de\/uber-uns\/\",\"name\":\"\u00dcber uns - SIBO Fluidra Firmeneinf\u00fchrung\",\"isPartOf\":{\"@id\":\"https:\/\/sibo.nl\/de\/#website\"},\"primaryImageOfPage\":{\"@id\":\"https:\/\/sibo.nl\/de\/uber-uns\/#primaryimage\"},\"image\":{\"@id\":\"https:\/\/sibo.nl\/de\/uber-uns\/#primaryimage\"},\"thumbnailUrl\":\"https:\/\/sibo.nl\/wp-content\/uploads\/2017\/04\/SIBO_Drone_shot_email.jpg\",\"datePublished\":\"2017-05-08T10:03:02+00:00\",\"dateModified\":\"2025-12-12T13:09:27+00:00\",\"description\":\"Seit der Gr\u00fcndung hat sich SIBO zu einem Spezialvertrieb f\u00fcr Teich-, Schwimmbad-, Schwimmteich- und Beregnungsprodukte sowie Anschlussmaterialien entwickelt.\",\"breadcrumb\":{\"@id\":\"https:\/\/sibo.nl\/de\/uber-uns\/#breadcrumb\"},\"inLanguage\":\"de\",\"potentialAction\":[{\"@type\":\"ReadAction\",\"target\":[\"https:\/\/sibo.nl\/de\/uber-uns\/\"]}]},{\"@type\":\"ImageObject\",\"inLanguage\":\"de\",\"@id\":\"https:\/\/sibo.nl\/de\/uber-uns\/#primaryimage\",\"url\":\"https:\/\/sibo.nl\/wp-content\/uploads\/2017\/04\/SIBO_Drone_shot_email.jpg\",\"contentUrl\":\"https:\/\/sibo.nl\/wp-content\/uploads\/2017\/04\/SIBO_Drone_shot_email.jpg\",\"width\":360,\"height\":209},{\"@type\":\"BreadcrumbList\",\"@id\":\"https:\/\/sibo.nl\/de\/uber-uns\/#breadcrumb\",\"itemListElement\":[{\"@type\":\"ListItem\",\"position\":1,\"name\":\"Home\",\"item\":\"https:\/\/sibo.nl\/de\/\"},{\"@type\":\"ListItem\",\"position\":2,\"name\":\"\u00dcber uns\"}]},{\"@type\":\"WebSite\",\"@id\":\"https:\/\/sibo.nl\/de\/#website\",\"url\":\"https:\/\/sibo.nl\/de\/\",\"name\":\"SIBO Fluidra\",\"description\":\"Professional Water Products\",\"publisher\":{\"@id\":\"https:\/\/sibo.nl\/de\/#organization\"},\"potentialAction\":[{\"@type\":\"SearchAction\",\"target\":{\"@type\":\"EntryPoint\",\"urlTemplate\":\"https:\/\/sibo.nl\/de\/?s={search_term_string}\"},\"query-input\":{\"@type\":\"PropertyValueSpecification\",\"valueRequired\":true,\"valueName\":\"search_term_string\"}}],\"inLanguage\":\"de\"},{\"@type\":\"Organization\",\"@id\":\"https:\/\/sibo.nl\/de\/#organization\",\"name\":\"SIBO Fluidra Netherlands B.V.\",\"url\":\"https:\/\/sibo.nl\/de\/\",\"logo\":{\"@type\":\"ImageObject\",\"inLanguage\":\"de\",\"@id\":\"https:\/\/sibo.nl\/de\/#\/schema\/logo\/image\/\",\"url\":\"https:\/\/sibo.nl\/wp-content\/uploads\/2019\/05\/Sibo_Fluidra-Logo-RGB.png\",\"contentUrl\":\"https:\/\/sibo.nl\/wp-content\/uploads\/2019\/05\/Sibo_Fluidra-Logo-RGB.png\",\"width\":524,\"height\":208,\"caption\":\"SIBO Fluidra Netherlands B.V.\"},\"image\":{\"@id\":\"https:\/\/sibo.nl\/de\/#\/schema\/logo\/image\/\"},\"sameAs\":[\"https:\/\/www.facebook.com\/SiboVeghel\/\",\"https:\/\/x.com\/SIBOBV\",\"https:\/\/nl.linkedin.com\/company\/sibo-bv\",\"https:\/\/www.youtube.com\/channel\/UCIwehKuyVSB5zdsFcjENAhg\"]}]}<\/script>\n<!-- \/ Yoast SEO plugin. -->","yoast_head_json":{"title":"\u00dcber uns - SIBO Fluidra Firmeneinf\u00fchrung","description":"Seit der Gr\u00fcndung hat sich SIBO zu einem Spezialvertrieb f\u00fcr Teich-, Schwimmbad-, Schwimmteich- und Beregnungsprodukte sowie Anschlussmaterialien entwickelt.","robots":{"index":"index","follow":"follow","max-snippet":"max-snippet:-1","max-image-preview":"max-image-preview:large","max-video-preview":"max-video-preview:-1"},"canonical":"https:\/\/sibo.nl\/de\/uber-uns\/","og_locale":"de_DE","og_type":"article","og_title":"\u00dcber uns - SIBO Fluidra Firmeneinf\u00fchrung","og_description":"Seit der Gr\u00fcndung hat sich SIBO zu einem Spezialvertrieb f\u00fcr Teich-, Schwimmbad-, Schwimmteich- und Beregnungsprodukte sowie Anschlussmaterialien entwickelt.","og_url":"https:\/\/sibo.nl\/de\/uber-uns\/","og_site_name":"SIBO Fluidra","article_publisher":"https:\/\/www.facebook.com\/SiboVeghel\/","article_modified_time":"2025-12-12T13:09:27+00:00","og_image":[{"width":360,"height":209,"url":"https:\/\/sibo.nl\/wp-content\/uploads\/2017\/04\/SIBO_Drone_shot_email.jpg","type":"image\/jpeg"}],"twitter_card":"summary_large_image","twitter_site":"@SIBOBV","twitter_misc":{"Gesch\u00e4tzte Lesezeit":"2\u00a0Minuten"},"schema":{"@context":"https:\/\/schema.org","@graph":[{"@type":"WebPage","@id":"https:\/\/sibo.nl\/de\/uber-uns\/","url":"https:\/\/sibo.nl\/de\/uber-uns\/","name":"\u00dcber uns - SIBO Fluidra Firmeneinf\u00fchrung","isPartOf":{"@id":"https:\/\/sibo.nl\/de\/#website"},"primaryImageOfPage":{"@id":"https:\/\/sibo.nl\/de\/uber-uns\/#primaryimage"},"image":{"@id":"https:\/\/sibo.nl\/de\/uber-uns\/#primaryimage"},"thumbnailUrl":"https:\/\/sibo.nl\/wp-content\/uploads\/2017\/04\/SIBO_Drone_shot_email.jpg","datePublished":"2017-05-08T10:03:02+00:00","dateModified":"2025-12-12T13:09:27+00:00","description":"Seit der Gr\u00fcndung hat sich SIBO zu einem Spezialvertrieb f\u00fcr Teich-, Schwimmbad-, Schwimmteich- und Beregnungsprodukte sowie Anschlussmaterialien entwickelt.","breadcrumb":{"@id":"https:\/\/sibo.nl\/de\/uber-uns\/#breadcrumb"},"inLanguage":"de","potentialAction":[{"@type":"ReadAction","target":["https:\/\/sibo.nl\/de\/uber-uns\/"]}]},{"@type":"ImageObject","inLanguage":"de","@id":"https:\/\/sibo.nl\/de\/uber-uns\/#primaryimage","url":"https:\/\/sibo.nl\/wp-content\/uploads\/2017\/04\/SIBO_Drone_shot_email.jpg","contentUrl":"https:\/\/sibo.nl\/wp-content\/uploads\/2017\/04\/SIBO_Drone_shot_email.jpg","width":360,"height":209},{"@type":"BreadcrumbList","@id":"https:\/\/sibo.nl\/de\/uber-uns\/#breadcrumb","itemListElement":[{"@type":"ListItem","position":1,"name":"Home","item":"https:\/\/sibo.nl\/de\/"},{"@type":"ListItem","position":2,"name":"\u00dcber uns"}]},{"@type":"WebSite","@id":"https:\/\/sibo.nl\/de\/#website","url":"https:\/\/sibo.nl\/de\/","name":"SIBO Fluidra","description":"Professional Water Products","publisher":{"@id":"https:\/\/sibo.nl\/de\/#organization"},"potentialAction":[{"@type":"SearchAction","target":{"@type":"EntryPoint","urlTemplate":"https:\/\/sibo.nl\/de\/?s={search_term_string}"},"query-input":{"@type":"PropertyValueSpecification","valueRequired":true,"valueName":"search_term_string"}}],"inLanguage":"de"},{"@type":"Organization","@id":"https:\/\/sibo.nl\/de\/#organization","name":"SIBO Fluidra Netherlands B.V.","url":"https:\/\/sibo.nl\/de\/","logo":{"@type":"ImageObject","inLanguage":"de","@id":"https:\/\/sibo.nl\/de\/#\/schema\/logo\/image\/","url":"https:\/\/sibo.nl\/wp-content\/uploads\/2019\/05\/Sibo_Fluidra-Logo-RGB.png","contentUrl":"https:\/\/sibo.nl\/wp-content\/uploads\/2019\/05\/Sibo_Fluidra-Logo-RGB.png","width":524,"height":208,"caption":"SIBO Fluidra Netherlands B.V."},"image":{"@id":"https:\/\/sibo.nl\/de\/#\/schema\/logo\/image\/"},"sameAs":["https:\/\/www.facebook.com\/SiboVeghel\/","https:\/\/x.com\/SIBOBV","https:\/\/nl.linkedin.com\/company\/sibo-bv","https:\/\/www.youtube.com\/channel\/UCIwehKuyVSB5zdsFcjENAhg"]}]}},"ticketed":false,"_links":{"self":[{"href":"https:\/\/sibo.nl\/de\/wp-json\/wp\/v2\/pages\/1675","targetHints":{"allow":["GET"]}}],"collection":[{"href":"https:\/\/sibo.nl\/de\/wp-json\/wp\/v2\/pages"}],"about":[{"href":"https:\/\/sibo.nl\/de\/wp-json\/wp\/v2\/types\/page"}],"author":[{"embeddable":true,"href":"https:\/\/sibo.nl\/de\/wp-json\/wp\/v2\/users\/7"}],"replies":[{"embeddable":true,"href":"https:\/\/sibo.nl\/de\/wp-json\/wp\/v2\/comments?post=1675"}],"version-history":[{"count":4,"href":"https:\/\/sibo.nl\/de\/wp-json\/wp\/v2\/pages\/1675\/revisions"}],"predecessor-version":[{"id":30724,"href":"https:\/\/sibo.nl\/de\/wp-json\/wp\/v2\/pages\/1675\/revisions\/30724"}],"wp:featuredmedia":[{"embeddable":true,"href":"https:\/\/sibo.nl\/de\/wp-json\/wp\/v2\/media\/3020"}],"wp:attachment":[{"href":"https:\/\/sibo.nl\/de\/wp-json\/wp\/v2\/media?parent=1675"}],"curies":[{"name":"wp","href":"https:\/\/api.w.org\/{rel}","templated":true}]}}