{"id":17078,"date":"2022-12-05T12:17:39","date_gmt":"2022-12-05T11:17:39","guid":{"rendered":"https:\/\/sibo.nl\/haftungsausschluss-und-bedingungen-fur-benutzung-der-website\/"},"modified":"2026-02-03T13:05:23","modified_gmt":"2026-02-03T12:05:23","slug":"haftungsausschluss-und-bedingungen-fur-benutzung-der-website","status":"publish","type":"page","link":"https:\/\/sibo.nl\/de\/haftungsausschluss-und-bedingungen-fur-benutzung-der-website\/","title":{"rendered":"Haftungsausschluss und bedingungen f\u00fcr benutzung der Website"},"content":{"rendered":"<p><strong>Fluidra Benelux B.V. <\/strong>(im Folgenden &#8222;Fluidra Benelux&#8220;) mit Sitz in Doornhoek 3950 5465 TC Veghel, Inhaber der Gesch\u00e4ftsregisternummer NL810872626, ist der Eigent\u00fcmer der Website https:\/\/sibo.nl (im Folgenden &#8222;Website&#8220;).<\/p>\n<p>Der Zweck dieser Nutzungsbedingungen (im Folgenden die &#8222;Nutzungsbedingungen&#8220;) ist es, dem Nutzer (im Folgenden der &#8222;Nutzer&#8220; oder &#8222;Nutzer&#8220;) Informationen \u00fcber Fluidra Benelux, seine Gesch\u00e4fte, Dienstleistungen, Produkte, ver\u00f6ffentlichten Nachrichten und seine verschiedenen Gesch\u00e4ftsbereiche zur Verf\u00fcgung zu stellen.<\/p>\n<p>Diese Website dient nur zu Informationszwecken.<\/p>\n<p>Sowohl das Browsen als auch der Zugriff auf die auf dieser Website ver\u00f6ffentlichten Informationen implizieren, dass der Nutzer alle diese Bedingungen ohne jegliche Vorbehalte akzeptiert.<\/p>\n<p>Wenn Sie diese Bedingungen nicht akzeptieren, sollten Sie von der Nutzung der Website und ihrer Inhalte absehen.<\/p>\n<p>Zu den Inhalten geh\u00f6ren unter anderem: Texte, Fotografien, grafische Darstellungen, Bilder, Technologie, Software, Links und andere audiovisuelle oder akustische Inhalte sowie deren grafische Gestaltung und Quellcodes (im Folgenden &#8222;Inhalte&#8220; oder &#8222;Inhalte&#8220;), die mit dem Gesetz, den vorliegenden Allgemeinen Gesch\u00e4ftsbedingungen, anderen Mitteilungen, Benutzerhandb\u00fcchern sowie der \u00f6ffentlichen Ordnung, den guten Sitten und den allgemein anerkannten Gebr\u00e4uchen vereinbar sind.<\/p>\n<p>Fluidra Benelux kann diese auf der Website ver\u00f6ffentlichten Bedingungen jederzeit ohne Vorank\u00fcndigung \u00e4ndern, indem diese \u00c4nderungen auf der Website ver\u00f6ffentlicht werden, so dass die Nutzer sie beim Besuch der Website zur Kenntnis nehmen k\u00f6nnen.<\/p>\n<p>Die fortgesetzte Nutzung der Website durch den Nutzer nach der Ver\u00f6ffentlichung solcher \u00c4nderungen gilt als deren Annahme.<\/p>\n<p>Jede andere als die in diesen Bedingungen genehmigte Nutzung ist ausdr\u00fccklich untersagt, wobei Fluidra Benelux berechtigt ist, Nutzern, die die Inhalte missbrauchen und\/oder gegen diese Bedingungen versto\u00dfen, den Zugang und die Nutzung der Website jederzeit und ohne Vorwarnung zu verweigern oder zu entziehen.<\/p>\n<p><strong>ZUGANG UND NUTZUNG<\/strong><\/p>\n<p>Der Zugang zur Website ist kostenlos, mit Ausnahme der Kosten f\u00fcr die Verbindung \u00fcber den vom Nutzer beauftragten Internetdienstleister.<\/p>\n<p>Der Nutzer verpflichtet sich, die Website und die darin enthaltenen Informationen verantwortungsvoll zu nutzen. Die Nutzung unterliegt sowohl den geltenden Rechtsvorschriften als auch den vorliegenden Bedingungen.<\/p>\n<p>Dar\u00fcber hinaus verpflichtet sich der Nutzer, seinen Benutzernamen und sein Passwort nicht an Dritte weiterzugeben und Fluidra Benelux so schnell wie m\u00f6glich \u00fcber den Verlust, den Diebstahl oder die Gefahr eines Zugriffs durch Dritte zu informieren.<\/p>\n<p><strong>RECHTLICHE VERPFLICHTUNG ZUR ORDNUNGSGEM\u00c4SSEN NUTZUNG DER WEBSITE<\/strong><\/p>\n<p>Der Nutzer ist f\u00fcr die Verwendung der Informationen, auf die er beim Surfen auf der Website zugreift, sowie f\u00fcr jede sp\u00e4tere Verwendung dieser Informationen voll verantwortlich.<\/p>\n<p>Der Nutzer verpflichtet sich, die Website und ihre Funktionalit\u00e4ten in \u00dcbereinstimmung mit dem Gesetz, den vorliegenden Bedingungen, den erhaltenen Anweisungen oder Warnungen sowie mit der \u00f6ffentlichen Ordnung, den guten Sitten und den allgemein anerkannten Br\u00e4uchen zu nutzen.<\/p>\n<p>Der Nutzer verpflichtet sich, die Website und ihre Inhalte nur zu rechtm\u00e4\u00dfigen und legitimen Zwecken zu nutzen, die weder gegen geltende Gesetze versto\u00dfen noch die legitimen Rechte von Fluidra Benelux oder Dritten verletzen und\/oder direkte oder indirekte Sch\u00e4den verursachen k\u00f6nnten.<\/p>\n<p>Der Nutzer verpflichtet sich, es zu unterlassen, die Inhalte zu vervielf\u00e4ltigen, zu kopieren, zu verbreiten, zur Verf\u00fcgung zu stellen oder in sonstiger Weise \u00f6ffentlich zug\u00e4nglich zu machen, umzugestalten oder zu ver\u00e4ndern, es sei denn, er hat die Zustimmung des Inhabers der betreffenden Rechte dazu, ist gesetzlich dazu berechtigt oder diese Handlungen erfolgen gegebenenfalls unter Nutzung der von Fluidra Benelux f\u00fcr soziale Medien zur Verf\u00fcgung gestellten Funktionen. Dar\u00fcber hinaus ist es dem Nutzer nicht gestattet, die Urheberrechts- und sonstigen Kennzeichen der ausschlie\u00dflichen Rechte von Fluidra Benelux oder andere technische Mittel, die zur Erkennung der Marke eingerichtet wurden, zu l\u00f6schen, zu manipulieren oder in sonstiger Weise zu ver\u00e4ndern.<\/p>\n<p>Der Nutzer verpflichtet sich, unter anderem, aber nicht ausschlie\u00dflich, die Informationen, Daten, Inhalte, Nachrichten, grafischen Darstellungen, Zeichnungen, Ton- und\/oder Bilddateien, Fotografien, Aufzeichnungen, Software und allgemein jede Art von Material, das zu dieser Website geh\u00f6rt, nicht zu ver\u00f6ffentlichen, zu verbreiten oder Dritten zur Verf\u00fcgung zu stellen, sowie keine Handlungen vorzunehmen:<\/p>\n<ul>\n<li>die zu kriminellen, verleumderischen und gewaltt\u00e4tigen Handlungen auffordern, anstiften oder ermutigen oder die allgemein gegen das Gesetz, die \u00f6ffentliche Ordnung, die guten Sitten und die allgemein anerkannten Br\u00e4uche versto\u00dfen.<\/li>\n<li>die falsch, zweideutig, unwahr, \u00fcbertrieben oder unzeitgem\u00e4\u00df sind und die zu Fehlinterpretationen des Gegenstands oder der Absichten oder Zwecke der offenlegenden Partei f\u00fchren k\u00f6nnten.<\/li>\n<li>auf Inhalte, die durch geistige oder gewerbliche Eigentumsrechte Dritter gesch\u00fctzt sind, ohne dass der Nutzer zuvor die f\u00fcr die Nutzung dieser Rechte erforderliche Genehmigung der Rechtsinhaber eingeholt hat.<\/li>\n<li>die eine unzul\u00e4ssige, irref\u00fchrende oder unlautere Werbung darstellen und ganz allgemein einen unlauteren Wettbewerb darstellen oder gegen die gesetzlichen Bestimmungen zum Schutz personenbezogener Daten versto\u00dfen.<\/li>\n<li>die Viren oder andere physische oder elektronische Komponenten enthalten, die das Netzwerk, das IT-System, die Hardware oder die Software von Fluidra Benelux besch\u00e4digen oder verhindern k\u00f6nnten.<\/li>\n<li>die aufgrund ihrer Eigenschaften (z. B. Dateiformate und -erweiterungen) zu St\u00f6rungen bei den auf dieser Website angebotenen Diensten f\u00fchren.<\/li>\n<\/ul>\n<p>Der Nutzer haftet f\u00fcr Sch\u00e4den jeglicher Art, die Fluidra Benelux infolge einer Verletzung einer der Verpflichtungen, denen er gem\u00e4\u00df den vorliegenden Bedingungen oder dem geltenden Recht unterliegt, erleiden kann.<\/p>\n<p><strong>HAFTUNGSAUSSCHLUSS<\/strong><\/p>\n<p>Als Beispiel, aber nicht beschr\u00e4nkt auf, erkl\u00e4rt Fluidra Benelux hiermit, dass es unter keinen Umst\u00e4nden haftbar gemacht werden kann f\u00fcr:<\/p>\n<ul>\n<li>Die Nutzung der Inhalte dieser Website und\/oder verlinkter Websites durch die Nutzer, die gegen die geistigen und gewerblichen Eigentumsrechte der Website oder die Rechte Dritter versto\u00dfen.<\/li>\n<li>Die m\u00f6glichen Sch\u00e4den, die den Nutzern durch korrekte oder falsche Suchwerkzeuge, die Organisation oder Lokalisierung der Inhalte und\/oder den Zugang zur Website und allgemein durch Fehler oder Probleme, die bei der Entwicklung oder Implementierung der technischen Komponenten, die die Website oder eine oder Software dem Nutzer zur Verf\u00fcgung stellt, entstehen k\u00f6nnen.<\/li>\n<li>Die Inhalte von Websites, auf die die Nutzer \u00fcber Links auf der Website zugreifen k\u00f6nnen, unabh\u00e4ngig davon, ob sie autorisiert sind oder nicht.<\/li>\n<\/ul>\n<p>Fluidra Benelux informiert die Nutzer dar\u00fcber, dass es NICHT in der Lage ist, dies zu garantieren:<\/p>\n<ul>\n<li>Der Zugang zur Website und\/oder zu den verlinkten Websites muss ununterbrochen und fehlerfrei sein.<\/li>\n<li>Die Inhalte oder die Software, auf die die Nutzer von der Website oder den verlinkten Websites aus zugreifen, enthalten keine Fehler, Computerviren oder andere Merkmale, die ihr Computersystem, ihre elektronischen Dokumente oder die auf ihrem Computersystem gespeicherten Dateien besch\u00e4digen oder andere Sch\u00e4den verursachen k\u00f6nnten.<\/li>\n<li>Die Richtigkeit der Informationen auf der Website. Daher \u00fcbernimmt Fluidra Benelux keinerlei Haftung f\u00fcr eventuelle Sch\u00e4den, die den Nutzern infolge der Ungenauigkeit der Inhalte auf der Website entstehen k\u00f6nnten. In jeder Hinsicht sind die auf der Website ver\u00f6ffentlichten Informationen von den Nutzern nur als Richtwerte zu betrachten.<\/li>\n<\/ul>\n<p><strong>DATENSCHUTZPOLITIK<\/strong><\/p>\n<p>Wenn Sie weitere Informationen \u00fcber die Verarbeitung Ihrer Daten w\u00fcnschen, lesen Sie bitte unsere <a href=\"https:\/\/sibo.nl\/privacy-statement\/\">Privacy Statement.<\/a><\/p>\n<p><strong>VERWENDUNG VON COOKIES<\/strong><\/p>\n<p>Diese Website verwendet Cookies. Wenn Sie weitere Informationen \u00fcber die Verwendung von Cookies w\u00fcnschen, lesen Sie bitte unsere <a href=\"https:\/\/sibo.nl\/de\/cookie-policy\/\">Cookie-Richtlinie<\/a>.<\/p>\n<p><strong>GEISTIGES UND GEWERBLICHES EIGENTUM<\/strong><\/p>\n<p>Fluidra Benelux besitzt alle Rechte am Inhalt, am Design und am Quellcode der Website und insbesondere, aber nicht ausschlie\u00dflich, an den auf der Website enthaltenen Fotos, Bildern, Texten, Logos, Designs, Warenzeichen, Markennamen und Daten.<\/p>\n<p>Die Nutzer werden darauf hingewiesen, dass diese Rechte durch die geltenden spanischen und internationalen Gesetze \u00fcber geistiges und gewerbliches Eigentum gesch\u00fctzt sind.<\/p>\n<p>Die vollst\u00e4ndige oder teilweise Reproduktion der Website, auch mittels eines Hyperlinks, oder eines ihrer Inhalte ist ohne ausdr\u00fcckliche schriftliche Genehmigung von Fluidra Benelux ausdr\u00fccklich untersagt.<\/p>\n<p>Ebenso ist das Kopieren, die Vervielf\u00e4ltigung, die Anpassung, die Ver\u00e4nderung, der Vertrieb, die Vermarktung, die Kommerzialisierung, die \u00f6ffentliche Kommunikation und\/oder jede andere Handlung, die einen Versto\u00df gegen die geltenden spanischen und\/oder internationalen Gesetze darstellt, sowie die Nutzung des Inhalts dieser Website strengstens untersagt, es sei denn, es liegt eine ausdr\u00fcckliche schriftliche Genehmigung von Fluidra Benelux vor.<\/p>\n<p>Fluidra Benelux teilt den Nutzern mit, dass sie weder Lizenzen noch eine implizite oder stillschweigende Zustimmung zu den geistigen und\/oder gewerblichen Eigentumsrechten oder zu anderen Rechten oder Eigentum erteilt, die direkt oder indirekt mit den auf der Website ver\u00f6ffentlichten Inhalten zusammenh\u00e4ngen.<\/p>\n<p><strong>LEITLINIEN F\u00dcR DIE SICHERE NUTZUNG<\/strong><\/p>\n<p><strong><u>Phishing<\/u><\/strong><\/p>\n<p>Verwenden Sie keine Links, die in E-Mails oder auf Websites Dritter enthalten sind, um auf diese Website zuzugreifen. Von Zeit zu Zeit wird die wahllose massenhafte Verbreitung von E-Mails von falschen E-Mail-Adressen festgestellt, deren einziger Zweck es ist, vertrauliche Informationen der Nutzer zu erhalten. Diese Technik wird als PHISHING bezeichnet. Fluidra Benelux lehnt jede Haftung in diesem Zusammenhang ab.<\/p>\n<p><strong>GELTENDE RECHTSVORSCHRIFTEN UND RECHTSPRECHUNG<\/strong><\/p>\n<p>Der Zugriff auf die Website und ihre Nutzung unterliegen dem niederl\u00e4ndischen Recht und werden nach diesem ausgelegt. Alle Streitigkeiten, die zwischen Fluidra Benelux und den Nutzern der Website entstehen k\u00f6nnen, werden den Gerichten am Wohnsitz der Nutzer vorgelegt, es sei denn, es handelt sich um Unternehmen oder Freiberufler, die keine Verbraucher sind; in diesem Fall werden sie den Gerichten von &#8217;s-Hertogenbosch vorgelegt, mit dem ausdr\u00fccklichen Verzicht der Parteien auf jede andere Gerichtsbarkeit, auf die sie m\u00f6glicherweise zur\u00fcckgreifen k\u00f6nnen.<\/p>\n<p>&nbsp;<\/p>\n","protected":false},"excerpt":{"rendered":"<p>Fluidra Benelux B.V. (im Folgenden &#8222;Fluidra Benelux&#8220;) mit Sitz in Doornhoek 3950 5465 TC Veghel, Inhaber der Gesch\u00e4ftsregisternummer NL810872626, ist der Eigent\u00fcmer der Website https:\/\/sibo.nl (im Folgenden &#8222;Website&#8220;). Der Zweck [&hellip;]<\/p>\n","protected":false},"author":7,"featured_media":0,"parent":0,"menu_order":0,"comment_status":"closed","ping_status":"closed","template":"","meta":{"_et_pb_use_builder":"","_et_pb_old_content":"","_et_gb_content_width":"","_price":"","_stock":"","_tribe_ticket_header":"","_tribe_default_ticket_provider":"","_tribe_ticket_capacity":"0","_ticket_start_date":"","_ticket_end_date":"","_tribe_ticket_show_description":"","_tribe_ticket_show_not_going":false,"_tribe_ticket_use_global_stock":"","_tribe_ticket_global_stock_level":"","_global_stock_mode":"","_global_stock_cap":"","_tribe_rsvp_for_event":"","_tribe_ticket_going_count":"","_tribe_ticket_not_going_count":"","_tribe_tickets_list":"[]","_tribe_ticket_has_attendee_info_fields":false,"footnotes":"","_tec_slr_enabled":"","_tec_slr_layout":""},"class_list":["post-17078","page","type-page","status-publish","hentry"],"yoast_head":"<!-- This site is optimized with the Yoast SEO plugin v24.9 - https:\/\/yoast.com\/wordpress\/plugins\/seo\/ -->\n<title>Haftungsausschluss und bedingungen f\u00fcr benutzung der Website - SIBO Fluidra<\/title>\n<meta name=\"robots\" content=\"index, follow, max-snippet:-1, max-image-preview:large, max-video-preview:-1\" \/>\n<link rel=\"canonical\" href=\"https:\/\/sibo.nl\/de\/haftungsausschluss-und-bedingungen-fur-benutzung-der-website\/\" \/>\n<meta property=\"og:locale\" content=\"de_DE\" \/>\n<meta property=\"og:type\" content=\"article\" \/>\n<meta property=\"og:title\" content=\"Haftungsausschluss und bedingungen f\u00fcr benutzung der Website - SIBO Fluidra\" \/>\n<meta property=\"og:description\" content=\"Fluidra Benelux B.V. (im Folgenden &#8222;Fluidra Benelux&#8220;) mit Sitz in Doornhoek 3950 5465 TC Veghel, Inhaber der Gesch\u00e4ftsregisternummer NL810872626, ist der Eigent\u00fcmer der Website https:\/\/sibo.nl (im Folgenden &#8222;Website&#8220;). Der Zweck [&hellip;]\" \/>\n<meta property=\"og:url\" content=\"https:\/\/sibo.nl\/de\/haftungsausschluss-und-bedingungen-fur-benutzung-der-website\/\" \/>\n<meta property=\"og:site_name\" content=\"SIBO Fluidra\" \/>\n<meta property=\"article:publisher\" content=\"https:\/\/www.facebook.com\/SiboVeghel\/\" \/>\n<meta property=\"article:modified_time\" content=\"2026-02-03T12:05:23+00:00\" \/>\n<meta property=\"og:image\" content=\"https:\/\/sibo.nl\/wp-content\/uploads\/2017\/04\/Foto-bedrijfspand-met-lichte-wolken.jpg\" \/>\n\t<meta property=\"og:image:width\" content=\"3673\" \/>\n\t<meta property=\"og:image:height\" content=\"2448\" \/>\n\t<meta property=\"og:image:type\" content=\"image\/jpeg\" \/>\n<meta name=\"twitter:card\" content=\"summary_large_image\" \/>\n<meta name=\"twitter:site\" content=\"@SIBOBV\" \/>\n<meta name=\"twitter:label1\" content=\"Gesch\u00e4tzte Lesezeit\" \/>\n\t<meta name=\"twitter:data1\" content=\"7\u00a0Minuten\" \/>\n<script type=\"application\/ld+json\" class=\"yoast-schema-graph\">{\"@context\":\"https:\/\/schema.org\",\"@graph\":[{\"@type\":\"WebPage\",\"@id\":\"https:\/\/sibo.nl\/de\/haftungsausschluss-und-bedingungen-fur-benutzung-der-website\/\",\"url\":\"https:\/\/sibo.nl\/de\/haftungsausschluss-und-bedingungen-fur-benutzung-der-website\/\",\"name\":\"Haftungsausschluss und bedingungen f\u00fcr benutzung der Website - SIBO Fluidra\",\"isPartOf\":{\"@id\":\"https:\/\/sibo.nl\/de\/#website\"},\"datePublished\":\"2022-12-05T11:17:39+00:00\",\"dateModified\":\"2026-02-03T12:05:23+00:00\",\"breadcrumb\":{\"@id\":\"https:\/\/sibo.nl\/de\/haftungsausschluss-und-bedingungen-fur-benutzung-der-website\/#breadcrumb\"},\"inLanguage\":\"de\",\"potentialAction\":[{\"@type\":\"ReadAction\",\"target\":[\"https:\/\/sibo.nl\/de\/haftungsausschluss-und-bedingungen-fur-benutzung-der-website\/\"]}]},{\"@type\":\"BreadcrumbList\",\"@id\":\"https:\/\/sibo.nl\/de\/haftungsausschluss-und-bedingungen-fur-benutzung-der-website\/#breadcrumb\",\"itemListElement\":[{\"@type\":\"ListItem\",\"position\":1,\"name\":\"Home\",\"item\":\"https:\/\/sibo.nl\/de\/\"},{\"@type\":\"ListItem\",\"position\":2,\"name\":\"Haftungsausschluss und bedingungen f\u00fcr benutzung der Website\"}]},{\"@type\":\"WebSite\",\"@id\":\"https:\/\/sibo.nl\/de\/#website\",\"url\":\"https:\/\/sibo.nl\/de\/\",\"name\":\"SIBO Fluidra\",\"description\":\"Professional Water Products\",\"publisher\":{\"@id\":\"https:\/\/sibo.nl\/de\/#organization\"},\"potentialAction\":[{\"@type\":\"SearchAction\",\"target\":{\"@type\":\"EntryPoint\",\"urlTemplate\":\"https:\/\/sibo.nl\/de\/?s={search_term_string}\"},\"query-input\":{\"@type\":\"PropertyValueSpecification\",\"valueRequired\":true,\"valueName\":\"search_term_string\"}}],\"inLanguage\":\"de\"},{\"@type\":\"Organization\",\"@id\":\"https:\/\/sibo.nl\/de\/#organization\",\"name\":\"SIBO Fluidra Netherlands B.V.\",\"url\":\"https:\/\/sibo.nl\/de\/\",\"logo\":{\"@type\":\"ImageObject\",\"inLanguage\":\"de\",\"@id\":\"https:\/\/sibo.nl\/de\/#\/schema\/logo\/image\/\",\"url\":\"https:\/\/sibo.nl\/wp-content\/uploads\/2019\/05\/Sibo_Fluidra-Logo-RGB.png\",\"contentUrl\":\"https:\/\/sibo.nl\/wp-content\/uploads\/2019\/05\/Sibo_Fluidra-Logo-RGB.png\",\"width\":524,\"height\":208,\"caption\":\"SIBO Fluidra Netherlands B.V.\"},\"image\":{\"@id\":\"https:\/\/sibo.nl\/de\/#\/schema\/logo\/image\/\"},\"sameAs\":[\"https:\/\/www.facebook.com\/SiboVeghel\/\",\"https:\/\/x.com\/SIBOBV\",\"https:\/\/nl.linkedin.com\/company\/sibo-bv\",\"https:\/\/www.youtube.com\/channel\/UCIwehKuyVSB5zdsFcjENAhg\"]}]}<\/script>\n<!-- \/ Yoast SEO plugin. -->","yoast_head_json":{"title":"Haftungsausschluss und bedingungen f\u00fcr benutzung der Website - SIBO Fluidra","robots":{"index":"index","follow":"follow","max-snippet":"max-snippet:-1","max-image-preview":"max-image-preview:large","max-video-preview":"max-video-preview:-1"},"canonical":"https:\/\/sibo.nl\/de\/haftungsausschluss-und-bedingungen-fur-benutzung-der-website\/","og_locale":"de_DE","og_type":"article","og_title":"Haftungsausschluss und bedingungen f\u00fcr benutzung der Website - SIBO Fluidra","og_description":"Fluidra Benelux B.V. (im Folgenden &#8222;Fluidra Benelux&#8220;) mit Sitz in Doornhoek 3950 5465 TC Veghel, Inhaber der Gesch\u00e4ftsregisternummer NL810872626, ist der Eigent\u00fcmer der Website https:\/\/sibo.nl (im Folgenden &#8222;Website&#8220;). Der Zweck [&hellip;]","og_url":"https:\/\/sibo.nl\/de\/haftungsausschluss-und-bedingungen-fur-benutzung-der-website\/","og_site_name":"SIBO Fluidra","article_publisher":"https:\/\/www.facebook.com\/SiboVeghel\/","article_modified_time":"2026-02-03T12:05:23+00:00","og_image":[{"width":3673,"height":2448,"url":"https:\/\/sibo.nl\/wp-content\/uploads\/2017\/04\/Foto-bedrijfspand-met-lichte-wolken.jpg","type":"image\/jpeg"}],"twitter_card":"summary_large_image","twitter_site":"@SIBOBV","twitter_misc":{"Gesch\u00e4tzte Lesezeit":"7\u00a0Minuten"},"schema":{"@context":"https:\/\/schema.org","@graph":[{"@type":"WebPage","@id":"https:\/\/sibo.nl\/de\/haftungsausschluss-und-bedingungen-fur-benutzung-der-website\/","url":"https:\/\/sibo.nl\/de\/haftungsausschluss-und-bedingungen-fur-benutzung-der-website\/","name":"Haftungsausschluss und bedingungen f\u00fcr benutzung der Website - SIBO Fluidra","isPartOf":{"@id":"https:\/\/sibo.nl\/de\/#website"},"datePublished":"2022-12-05T11:17:39+00:00","dateModified":"2026-02-03T12:05:23+00:00","breadcrumb":{"@id":"https:\/\/sibo.nl\/de\/haftungsausschluss-und-bedingungen-fur-benutzung-der-website\/#breadcrumb"},"inLanguage":"de","potentialAction":[{"@type":"ReadAction","target":["https:\/\/sibo.nl\/de\/haftungsausschluss-und-bedingungen-fur-benutzung-der-website\/"]}]},{"@type":"BreadcrumbList","@id":"https:\/\/sibo.nl\/de\/haftungsausschluss-und-bedingungen-fur-benutzung-der-website\/#breadcrumb","itemListElement":[{"@type":"ListItem","position":1,"name":"Home","item":"https:\/\/sibo.nl\/de\/"},{"@type":"ListItem","position":2,"name":"Haftungsausschluss und bedingungen f\u00fcr benutzung der Website"}]},{"@type":"WebSite","@id":"https:\/\/sibo.nl\/de\/#website","url":"https:\/\/sibo.nl\/de\/","name":"SIBO Fluidra","description":"Professional Water Products","publisher":{"@id":"https:\/\/sibo.nl\/de\/#organization"},"potentialAction":[{"@type":"SearchAction","target":{"@type":"EntryPoint","urlTemplate":"https:\/\/sibo.nl\/de\/?s={search_term_string}"},"query-input":{"@type":"PropertyValueSpecification","valueRequired":true,"valueName":"search_term_string"}}],"inLanguage":"de"},{"@type":"Organization","@id":"https:\/\/sibo.nl\/de\/#organization","name":"SIBO Fluidra Netherlands B.V.","url":"https:\/\/sibo.nl\/de\/","logo":{"@type":"ImageObject","inLanguage":"de","@id":"https:\/\/sibo.nl\/de\/#\/schema\/logo\/image\/","url":"https:\/\/sibo.nl\/wp-content\/uploads\/2019\/05\/Sibo_Fluidra-Logo-RGB.png","contentUrl":"https:\/\/sibo.nl\/wp-content\/uploads\/2019\/05\/Sibo_Fluidra-Logo-RGB.png","width":524,"height":208,"caption":"SIBO Fluidra Netherlands B.V."},"image":{"@id":"https:\/\/sibo.nl\/de\/#\/schema\/logo\/image\/"},"sameAs":["https:\/\/www.facebook.com\/SiboVeghel\/","https:\/\/x.com\/SIBOBV","https:\/\/nl.linkedin.com\/company\/sibo-bv","https:\/\/www.youtube.com\/channel\/UCIwehKuyVSB5zdsFcjENAhg"]}]}},"ticketed":false,"_links":{"self":[{"href":"https:\/\/sibo.nl\/de\/wp-json\/wp\/v2\/pages\/17078","targetHints":{"allow":["GET"]}}],"collection":[{"href":"https:\/\/sibo.nl\/de\/wp-json\/wp\/v2\/pages"}],"about":[{"href":"https:\/\/sibo.nl\/de\/wp-json\/wp\/v2\/types\/page"}],"author":[{"embeddable":true,"href":"https:\/\/sibo.nl\/de\/wp-json\/wp\/v2\/users\/7"}],"replies":[{"embeddable":true,"href":"https:\/\/sibo.nl\/de\/wp-json\/wp\/v2\/comments?post=17078"}],"version-history":[{"count":4,"href":"https:\/\/sibo.nl\/de\/wp-json\/wp\/v2\/pages\/17078\/revisions"}],"predecessor-version":[{"id":31330,"href":"https:\/\/sibo.nl\/de\/wp-json\/wp\/v2\/pages\/17078\/revisions\/31330"}],"wp:attachment":[{"href":"https:\/\/sibo.nl\/de\/wp-json\/wp\/v2\/media?parent=17078"}],"curies":[{"name":"wp","href":"https:\/\/api.w.org\/{rel}","templated":true}]}}