{"id":17312,"date":"2023-01-30T14:26:19","date_gmt":"2023-01-30T13:26:19","guid":{"rendered":"https:\/\/sibo.nl\/privacy-statement\/"},"modified":"2026-02-12T14:44:06","modified_gmt":"2026-02-12T13:44:06","slug":"privacy-statement","status":"publish","type":"page","link":"https:\/\/sibo.nl\/de\/privacy-statement\/","title":{"rendered":"Privacy Statement"},"content":{"rendered":"<p><strong>1. Einleitung<\/strong><\/p>\n<p>Das Recht auf Datenschutz und insbesondere das Recht auf den Schutz von personenbezogenen Daten ist einer der Werte von FLUIDRA Benelux, B.V. (im Folgenden, \u201c Fluidra\u201d), die in unserem Ethik-Kodex verankert sind.<br \/>\nDas Ziel dieser Richtlinie besteht darin, zu erl\u00e4utern, wie Fluidra die personenbezogenen Daten verarbeitet, die \u00fcber die verschiedenen Formulare auf dieser Website erfasst werden. Ihre personenbezogenen Daten werden vertraulich behandelt und nur zu den Zwecken verarbeitet, denen Sie zugestimmt haben, wie im Folgenden in dieser allgemeinen Datenschutzrichtlinie und in den jeweiligen Datenschutzrichtlinien der einzelnen Formulare erl\u00e4utert wird.<\/p>\n<p><strong>2. Verpflichtung zum Datenschutz<\/strong><\/p>\n<p>Fluidra verpflichtet sich umfassend zur Einhaltung der Vorschriften und der Datenschutz-Grundverordnung der EU sowie der jeweils g\u00fcltigen Bestimmungen zum Schutz von personenbezogenen Daten, da dies f\u00fcr die Fluidra-Gruppe ein vorrangiges Ziel darstellt.<\/p>\n<p>Daher hat Fluidra den Beschluss gefasst, die folgenden Prinzipien umzusetzen, hierbei bildet der Datenschutz die Grundlage f\u00fcr die Datenverarbeitung.<\/p>\n<p>\u25cf Die Transparenz bei der Datenverarbeitung ist eine unserer Priorit\u00e4ten. Daher werden wir Sie immer, wenn wir personenbezogene Daten von Ihnen erfassen, in der entsprechenden Datenschutzrichtlinie \u00fcber die Zwecke dieser Verarbeitung informieren.<br \/>\n\u25cf Wir verarbeiten ausschlie\u00dflich die Daten, die f\u00fcr die Zwecke, \u00fcber die Sie in Kenntnis gesetzt wurden, unbedingt notwendig sind.<br \/>\n\u25cf Wir werden Sie nie zur Angabe personenbezogener Daten verpflichten, au\u00dfer wenn diese unbedingt erforderlich sind, um Ihnen den beantragten Service leisten zu k\u00f6nnen.<br \/>\n\u25cf Wo immer m\u00f6glich geben wir Ihnen m\u00f6glichst einfache Mittel an die Hand, mit denen Sie Ihre personenbezogenen Daten kontrollieren k\u00f6nnen.<br \/>\n\u25cf Ihre Daten werden nicht \u00fcbertragen, verkauft oder Dritten verliehen oder diesen auf eine andere Art zur Verf\u00fcgung gestellt, au\u00dfer bei Diensteanbietern von Fluidra, die bestimmten Dienste leisten; in keinem Fall jedoch werden Ihre Daten zu deren eigenen Zwecken verarbeitet. Einige dieser Diensteanbieter k\u00f6nnen sich, wie im Abschnitt \u201eInternationale Daten\u00fcbermittlungen\u201c angegeben, au\u00dferhalb der Europ\u00e4ischen Union befinden.<\/p>\n<p><strong>Zwecke, Legitimationsgrundlagen und Datenspeicherfristen.<\/strong><\/p>\n<p>Fluidra erfasst Ihre personenbezogenen Daten, um Ihre Antr\u00e4ge zu bearbeiten und Ihnen Dienste und Produkte anbieten zu k\u00f6nnen, die f\u00fcr Sie von Nutzen sein k\u00f6nnen. Abh\u00e4ngig von Ihrer Interaktion mit der Website verarbeiten wir Ihre personenbezogenen Daten f\u00fcr die folgende Zwecke, beispielsweise:<\/p>\n<table style=\"border-collapse: collapse; width: 100%; height: 429px;\" border=\"1\">\n<tbody>\n<tr style=\"height: 18px;\">\n<td style=\"width: 33.1408%; height: 18px;\"><strong>Zweck <\/strong><\/td>\n<td style=\"width: 33.1408%; height: 18px;\"><strong>Rechtsgrundlagen<\/strong><\/td>\n<td style=\"width: 33.1427%; height: 18px;\"><strong>Speicherdauer<\/strong><\/td>\n<\/tr>\n<tr style=\"height: 306px;\">\n<td style=\"width: 33.1408%; height: 306px;\">Zur Beantwortung Ihrer Anfragen, Fragen und W\u00fcnsche, die Sie \u00fcber das Kontaktformular gestellt haben.<\/td>\n<td style=\"width: 33.1408%; height: 306px;\">Der Nutzen f\u00fcr Fluidra besteht darin, eine potenzielle vorvertragliche Beziehung mit dem Interessenten aufzubauen und so seine\/ ihre Bed\u00fcrfnisse genau zu kennen.<\/p>\n<p>Der Vorteil f\u00fcr den Interessenten besteht darin, dass er klare und pr\u00e4zise Informationen zu seinen Anfragen oder W\u00fcnschen erh\u00e4lt.<\/p>\n<p>Weitere Informationen zum berechtigten Interesse finden Sie in Abschnitt 4 dieser Datenschutzrichtlinie. Alle Daten, die Sie uns zur Verf\u00fcgung stellen, werden so lange verarbeitet, wie es f\u00fcr die Erf\u00fcllung Ihrer Anfrage oder Ihres Anliegens erforderlich ist.<\/td>\n<td style=\"width: 33.1427%; height: 306px;\">Alle von Ihnen zur Verf\u00fcgung gestellten Daten werden so lange verarbeitet, wie es f\u00fcr die Bearbeitung Ihres Anliegens oder Ihrer Anfrage erforderlich ist.<\/td>\n<\/tr>\n<tr>\n<td style=\"width: 33.1408%;\">Um Ihnen die Erstellung und den Zugang zu verschiedenen Dienstleistungen auf der Plattform \u00fcber Ihr Konto zu erm\u00f6glichen.<\/p>\n<p>Um Ihnen den Zugang zu bestimmten eingeschr\u00e4nkten Bereichen der Website zu gew\u00e4hren.<\/td>\n<td style=\"width: 33.1408%;\">Die Grundlage der Legitimit\u00e4t ist die vorvertragliche und vertragliche Beziehung zwischen den Parteien.<\/td>\n<td style=\"width: 33.1427%;\">Die von Ihnen bereitgestellten Daten werden verarbeitet, solange Ihr Konto aktiv bleibt,z.B. solange Sie Ihre vertragliche Beziehung mit Fluidra Benelux B.V. aufrechterhalten.<\/td>\n<\/tr>\n<tr style=\"height: 36px;\">\n<td style=\"width: 33.1408%; height: 36px;\">Um R\u00fccksendungen effizient zu bearbeiten und um mit dem Kunden bez\u00fcglich ihrer R\u00fccksendeanfrage zu kommunizieren.<\/td>\n<td style=\"width: 33.1408%; height: 36px;\">Die Grundlage der Legitimation ist die vertragliche Beziehung zwischen den Parteien.<\/td>\n<td style=\"width: 33.1427%; height: 36px;\">Die von Ihnen bereitgestellten Daten werden f\u00fcr die Zeit verarbeitet, die erforderlich ist, um die R\u00fccksendeanfrage zu erf\u00fcllen.<\/td>\n<\/tr>\n<tr style=\"height: 23px;\">\n<td style=\"width: 33.1408%; height: 23px;\">Um Kundenbeschwerden effizient zu bearbeiten und mit den Kunden zu kommunizieren.<\/td>\n<td style=\"width: 33.1408%; height: 23px;\">Die Grundlage der Legitimation ist die vertragliche Beziehung zwischen den Parteien<\/td>\n<td style=\"width: 33.1427%; height: 23px;\">Ihre bereitgestellten Daten werden f\u00fcr die Dauer verarbeitet, die erforderlich ist, um die Beschwerde effektiv zu bearbeiten und zu l\u00f6sen.<\/td>\n<\/tr>\n<tr style=\"height: 23px;\">\n<td style=\"width: 33.1408%; height: 23px;\">Um kommerzielle Mitteilungen \u00fcber unsere Produkte und Dienstleistungen zu versenden.<\/td>\n<td style=\"width: 33.1408%; height: 23px;\">Grundlage ist die Zustimmung der betroffenen Person zum Erhalt kommerzieller Kommunikation.<\/td>\n<td style=\"width: 33.1427%; height: 23px;\">Die von Ihnen bereitgestellten Daten werden so lange verarbeitet, wie die Zustimmung zum Erhalt kommerzieller Mitteilungen von der betroffenen Person nicht widerrufen wird.<\/td>\n<\/tr>\n<tr style=\"height: 23px;\">\n<td style=\"width: 33.1408%; height: 23px;\">Zum Verbessern unserer Websites, Dienste, Produkte und um Ihnen einen besseren Service und Inhalt anbieten zu k\u00f6nnen.<\/td>\n<td style=\"width: 33.1408%; height: 23px;\">Zum Verbessern unserer Websites, Dienste, Produkte und um Ihnen einen besseren Service und Inhalt anbieten zu k\u00f6nnen.<\/p>\n<p>Der rechtliche Grund f\u00fcr die strikt notwendigen Cookies ist das legitime Interesse von Fluidra, Ihnen ein besseres Surferlebnis auf unserer Website bieten zu k\u00f6nnen. Der Nutzen f\u00fcr Fluidra besteht darin, eine qualitativ hochwertige Website anzubieten. Der Nutzen f\u00fcr die Betroffenen besteht darin, dass sie beim Surfen auf der Website ein hochwertiges Erlebnis haben. Bitte beachten Sie, dass zur Bewertung des berechtigten Interesses eine Abw\u00e4gung des berechtigten Interesses vorgenommen wurde, bei der wir unsere eigenen Vorteile als Datenverantwortlicher sowie die Vorteile Dritter analysiert haben und zu dem Schluss gekommen sind, dass unser berechtigtes Interesse an der Verarbeitung die Interessen, Rechte und Freiheiten der Nutzer \u00fcberwiegt. Sie k\u00f6nnen weitere Informationen \u00fcber die Gewichtung des berechtigten Interesses anfordern, indem Sie sich an unseren Datenschutzbeauftragten (DSB) unter der am Ende dieses Abschnitts angegebenen Adresse wenden. Wir m\u00f6chten Sie bei dieser Gelegenheit auch daran erinnern, dass Sie das Recht haben, der Verarbeitung auf der Grundlage eines berechtigten Interesses zu widersprechen.<\/p>\n<p>Ebenso ist die Legitimationsgrundlage f\u00fcr Analyse- und Werbe-Cookies die Erteilung Ihrer Zustimmung. Weitere Informationen finden Sie in unserer <a href=\"https:\/\/sibo.nl\/de\/cookie-policy\/\">Cookie-Richtlinie<\/a> .<\/td>\n<td style=\"width: 33.1427%; height: 23px;\">Weitere Informationen finden Sie in unserer <a href=\"https:\/\/sibo.nl\/de\/cookie-policy\/\">Cookie-Richtlinie<\/a> .<\/td>\n<\/tr>\n<\/tbody>\n<\/table>\n<p>In einigen F\u00e4llen kann die Verarbeitung Ihrer personenbezogenen Daten zur Erf\u00fcllung gesetzlicher Verpflichtungen oder im Zusammenhang mit einer Vertragsbeziehung, die wir mit Ihnen haben, erforderlich sein.<\/p>\n<p>In den sonstigen F\u00e4llen fordern wir ggf. immer Ihre Einwilligung f\u00fcr die Verarbeitung Ihrer personenbezogenen Daten an.<\/p>\n<p><strong>3. Internationale Daten\u00fcbermittlungen<\/strong><\/p>\n<p>Als international ausgerichtetes Unternehmen verf\u00fcgt Fluidra \u00fcber internationale Anbieter, die ihre Dienste von au\u00dferhalb der EU erbingen k\u00f6nnen. Daher ist es m\u00f6glich, dass Ihre Daten au\u00dferhalb der Europ\u00e4ischen Union oder des Europ\u00e4ischen Wirtschaftsraums verarbeitet werden.<\/p>\n<p>In jedem Fall stellt Fluidra sicher, dass diese Datenverarbeitungen stets mit den geeigneten Garantien gesch\u00fctzt werden. Hierzu k\u00f6nnen von der EU genehmigte Standardklauseln der im europ\u00e4ischen Regulierungsrahmen zugelassenen Vertr\u00e4ge geh\u00f6ren, die ausreichende Garantien daf\u00fcr bieten, dass die Verarbeitung die.<\/p>\n<p><strong>4. Verarbeitungen auf Grundlage des berechtigten Interesses<\/strong><\/p>\n<p>Gem\u00e4\u00df den Angaben im zweiten Abschnitt dieser Datenschutzrichtlinie kann Fluidra eine Verarbeitung auf Grundlage der berechtigten Interessen durchf\u00fchren. Zur Bewertung des berechtigten Interesses wurde eine Interessenabw\u00e4gung durchgef\u00fchrt, in der wir unsere eigenen Vorteile als Verantwortliche f\u00fcr die Datenverarbeitung sowie die Vorteiler Dritter analysiert haben. Hierbei sind wir zu dem Schluss gekommen, dass unser berechtigtes Interesse die Interessen, Rechte und Freiheiten der Nutzer \u00fcberwiegt.<\/p>\n<p>Sie k\u00f6nnen jederzeit weitere Informationen \u00fcber die Interessenabw\u00e4gung anfordern, indem Sie sich an unseren Datenschutzbeauftragten unter der in Abschnitt 6 dieser Datenschutzrichtlinie angegebenen Adresse wenden. Bei dieser Gelegenheit erinnern wir Sie daran, dass Sie das Recht haben, der Datenverarbeitung auf Grundlage der berechtigten Interessen zu widersprechen.<\/p>\n<p><strong>5. Dauer der Verarbeitung und Speicherfrist<\/strong><\/p>\n<p>Fluidra ist dazu verpflichtet, Ihre personenbezogenen Daten nur so lange zu verarbeiten, wie sie uns von Nutzen sind und wir Ihnen durch ihre Nutzung einen hochwertigen Service bieten k\u00f6nnen. Daher unternehmen wir alle erforderlichen und angemessenen Anstrengungen, um den Zeitraum der Verarbeitung und Speicherung der personenbezogenen Daten zu reduzieren.<\/p>\n<p>In dieser Hinsicht informieren wir Sie in jedem Formular zur Erfassung von Daten \u00fcber die Dauer der Verarbeitung und\/oder der Speicherung Ihrer personenbezogenen Daten.<\/p>\n<p>Auch wenn Sie uns zur L\u00f6schung Ihrer Daten aufgefordert haben, k\u00f6nnen wir die Daten in jedem Fall f\u00fcr die Dauer speichern und wie gesetzlich vorgeschrieben entsprechend gesperrt aufbewahren, die zur Einhaltung unserer gesetzlichen Verpflichtungen und zur Bereithaltung f\u00fcr die zust\u00e4ndigen Beh\u00f6rden in den verschiedenen Anwendungsbereichen erforderlich ist.<\/p>\n<p><strong>6. Aus\u00fcbung der Rechte und Beschwerden bei der zust\u00e4ndigen Datenschutzbeh\u00f6rde<\/strong><br \/>\nInfolge der Verarbeitung Ihrer personenbezogenen Daten seitens Fluidra gew\u00e4hrt Ihnen das geltende Recht eine Reihe von Rechten. Nachfolgend finden Sie eine kurze Erl\u00e4uterung der einzelnen Ihnen zustehenden Rechte, f\u00fcr den Fall, dass Sie sie aus\u00fcben m\u00f6chten:<\/p>\n<p><strong>1. Recht auf Zugriff.<\/strong> Sie haben das Recht zu erfahren, welche personenbezogenen Daten wir von Ihnen verarbeiten und zu welchen Zwecken.<\/p>\n<p><strong>2. Recht auf Berichtigung.<\/strong> Ihre Daten geh\u00f6ren immer Ihnen, Sie k\u00f6nnen daher jederzeit beantragen, dass sie berichtigt werden, falls unsere Datens\u00e4tze falsch sein sollten.<\/p>\n<p><strong>3. Recht auf L\u00f6schung.<\/strong> Sie k\u00f6nnen jederzeit beantragen, dass Ihre personenbezogenen Daten aus unseren Dateien gel\u00f6scht werden. Beachten Sie aber, dass, wie im vorhergehenden Abschnitt zur Datenspeicherung erl\u00e4utert, unter bestimmten Umst\u00e4nden die Einhaltung der geltenden Gesetze die effektive Aus\u00fcbung dieses Rechts verhindern kann.<\/p>\n<p><strong>4. Recht auf Widerspruch.<\/strong> Im Einklang mit der jeweils geltenden Datenschutzrichtlinie k\u00f6nnen Sie jederzeit der Verarbeitung Ihrer personenbezogenen Daten im Zusammenhang mit jedem der Zwecke, zu denen wir Ihre Daten verarbeiten, widersprechen.<\/p>\n<p><strong>5. Recht auf Einschr\u00e4nkung der Verarbeitung.<\/strong> Sie k\u00f6nnen in folgenden F\u00e4llen die Einschr\u00e4nkung der Verarbeitung beantragen:<\/p>\n<p>a. Wenn Sie der Ansicht sind, dass die von uns gespeicherten Daten \u00fcber Sie falsch oder ungenau sind.<br \/>\nb. Wenn Sie im Fall, dass Sie der Ansicht sind, dass wir Ihre Daten nicht auf rechtm\u00e4\u00dfige Weise verarbeiten, die Einschr\u00e4nkung der Datenverarbeitung deren L\u00f6schung vorziehen.<br \/>\nc. Wenn die von uns aufbewahrten Daten nicht mehr gem\u00e4\u00df den Zwecken, zu denen sie erfasst wurden, erforderlich sind, aber aufbewahrt werden m\u00fcssen, damit Rechtsanspr\u00fcche geltend gemacht werden k\u00f6nnen.<br \/>\nd. Wenn Sie das Recht auf Widerspruch gegen die Verarbeitung Ihrer Daten f\u00fcr einen bestimmten Zweck ausge\u00fcbt haben und die entsprechende Antwort unsererseits noch aussteht.<\/p>\n<p><strong>6. Recht auf Daten\u00fcbertragbarkeit.<\/strong> Soweit technisch m\u00f6glich und zumutbar, haben Sie das Recht zu beantragen, dass die von Ihnen direkt an uns \u00fcbermittelten personenbezogenen Daten an einen anderen Verantwortlichen f\u00fcr die Datenverarbeitung weitergegeben werden. Wenn es uns m\u00f6glich ist, \u00fcbermitteln wir Ihre Daten direkt diesem anderen Verantwortlichen f\u00fcr die Datenverarbeitung; andernfalls \u00fcbermitteln wir sie Ihnen in einem Standardformat.<\/p>\n<p>Sofern wir Ihre Daten aufgrund Ihrer Einwilligung verarbeiten, k\u00f6nnen Sie Ihre Einwilligung jederzeit widerrufen, und die einzige Konsequenz f\u00fcr Sie besteht darin, abh\u00e4ngig von dem ausge\u00fcbten Recht, dass wir Ihnen bestimmte Dienste nicht mehr bereitstellen k\u00f6nnen.<\/p>\n<p>Sie k\u00f6nnen Ihre Rechte aus\u00fcben, indem Sie sich per E-Mail an Fluidra wenden unter dataprivacy@fluidra.com.<\/p>\n<p>Bei Bedarf k\u00f6nnen Sie sich auch an unseren Datenschutzbeauftragten (Delegado de Protecci\u00f3n de Datos) wenden, indem Sie eine E-Mail an die Adresse dataprivacy@fluidra.com richten.<\/p>\n<p>F\u00fcr jegliche Fragen oder Beanstandungen zum Umgang mit Ihren personenbezogenen Daten, oder alle anderen Fragen in diesem Zusammenhang wenden Sie sich bitte per E-Mail an unseren Datenschutzbeauftragten, gerichtet an dataprivacy@fluidra.com, mit dem Betreff bzw. f\u00fcr \u201eDatenschutzbeauftragter\u201c. Falls Sie nicht innerhalb einer angemessenen Frist eine Antwort erhalten, k\u00f6nnen Sie bei der zust\u00e4ndigen Datenschutzbeh\u00f6rde eine Beschwerde einreichen.<\/p>\n<p><strong>7. Vertraulichkeit und Sicherheit bei der Datenverarbeitung<\/strong><\/p>\n<p>Ihre personenbezogenen Daten sind f\u00fcr uns sehr wichtig, und wir verpflichten uns, sie mit maximaler Vertraulichkeit und Diskretion zu behandeln und alle sinnvollen und angemessenen Schutzma\u00dfnahmen zu ergreifen.<\/p>\n<p>In diesem Sinn erkl\u00e4rt und garantiert Fluidra, dass alle ihr verf\u00fcgbaren technischen Mittel genutzt wurden, um den Verlust, den Missbrauch, die Ver\u00e4nderung, den unbefugten Zugriff auf und den Diebstahl der von den Benutzern bereitgestellten Daten zu verhindern.<\/p>\n<p><strong>8. Soziale Netzwerke<\/strong><\/p>\n<p>Die sozialen Netzwerke geh\u00f6ren zum Alltag vieler Internetbenutzer, daher haben wir verschiedene Fluidra -Profile in diesen Netzwerken erstellt.<br \/>\nAlle Nutzer haben die M\u00f6glichkeit, sich den Seiten oder Gruppen anzuschlie\u00dfen, die Fluidra in verschiedenen sozialen Netzwerken unterh\u00e4lt.<br \/>\nBeachten Sie aber bitte, dass au\u00dfer in dem Fall, dass wir Sie direkt um Ihre Daten bitten (z. B. f\u00fcr Marketingma\u00dfnahmen, Wettbewerbe, Promotionen oder auf andere zul\u00e4ssige Weisen), Ihre Daten dem entsprechenden sozialen Netzwerk geh\u00f6ren, weshalb wir empfehlen, dessen Nutzungsbedingungen und Datenschutzrichtlinie aufmerksam durchzulesen und sicherzustellen, dass Sie Ihre Einstellungen bez\u00fcglich der Datenverarbeitung konfigurieros.<\/p>\n","protected":false},"excerpt":{"rendered":"<p>1. Einleitung Das Recht auf Datenschutz und insbesondere das Recht auf den Schutz von personenbezogenen Daten ist einer der Werte von FLUIDRA Benelux, B.V. (im Folgenden, \u201c Fluidra\u201d), die in [&hellip;]<\/p>\n","protected":false},"author":7,"featured_media":0,"parent":0,"menu_order":0,"comment_status":"closed","ping_status":"closed","template":"","meta":{"_et_pb_use_builder":"","_et_pb_old_content":"","_et_gb_content_width":"","_price":"","_stock":"","_tribe_ticket_header":"","_tribe_default_ticket_provider":"","_tribe_ticket_capacity":"0","_ticket_start_date":"","_ticket_end_date":"","_tribe_ticket_show_description":"","_tribe_ticket_show_not_going":false,"_tribe_ticket_use_global_stock":"","_tribe_ticket_global_stock_level":"","_global_stock_mode":"","_global_stock_cap":"","_tribe_rsvp_for_event":"","_tribe_ticket_going_count":"","_tribe_ticket_not_going_count":"","_tribe_tickets_list":"[]","_tribe_ticket_has_attendee_info_fields":false,"footnotes":"","_tec_slr_enabled":"","_tec_slr_layout":""},"class_list":["post-17312","page","type-page","status-publish","hentry"],"yoast_head":"<!-- This site is optimized with the Yoast SEO plugin v24.9 - https:\/\/yoast.com\/wordpress\/plugins\/seo\/ -->\n<title>Privacy Statement - Fluidra Benelux<\/title>\n<meta name=\"robots\" content=\"index, follow, max-snippet:-1, max-image-preview:large, max-video-preview:-1\" \/>\n<link rel=\"canonical\" href=\"https:\/\/sibo.nl\/de\/privacy-statement\/\" \/>\n<meta property=\"og:locale\" content=\"de_DE\" \/>\n<meta property=\"og:type\" content=\"article\" \/>\n<meta property=\"og:title\" content=\"Privacy Statement - Fluidra Benelux\" \/>\n<meta property=\"og:description\" content=\"1. Einleitung Das Recht auf Datenschutz und insbesondere das Recht auf den Schutz von personenbezogenen Daten ist einer der Werte von FLUIDRA Benelux, B.V. (im Folgenden, \u201c Fluidra\u201d), die in [&hellip;]\" \/>\n<meta property=\"og:url\" content=\"https:\/\/sibo.nl\/de\/privacy-statement\/\" \/>\n<meta property=\"og:site_name\" content=\"SIBO Fluidra\" \/>\n<meta property=\"article:publisher\" content=\"https:\/\/www.facebook.com\/SiboVeghel\/\" \/>\n<meta property=\"article:modified_time\" content=\"2026-02-12T13:44:06+00:00\" \/>\n<meta property=\"og:image\" content=\"https:\/\/sibo.nl\/wp-content\/uploads\/2017\/04\/Foto-bedrijfspand-met-lichte-wolken.jpg\" \/>\n\t<meta property=\"og:image:width\" content=\"3673\" \/>\n\t<meta property=\"og:image:height\" content=\"2448\" \/>\n\t<meta property=\"og:image:type\" content=\"image\/jpeg\" \/>\n<meta name=\"twitter:card\" content=\"summary_large_image\" \/>\n<meta name=\"twitter:site\" content=\"@SIBOBV\" \/>\n<meta name=\"twitter:label1\" content=\"Gesch\u00e4tzte Lesezeit\" \/>\n\t<meta name=\"twitter:data1\" content=\"10\u00a0Minuten\" \/>\n<script type=\"application\/ld+json\" class=\"yoast-schema-graph\">{\"@context\":\"https:\/\/schema.org\",\"@graph\":[{\"@type\":\"WebPage\",\"@id\":\"https:\/\/sibo.nl\/de\/privacy-statement\/\",\"url\":\"https:\/\/sibo.nl\/de\/privacy-statement\/\",\"name\":\"Privacy Statement - Fluidra Benelux\",\"isPartOf\":{\"@id\":\"https:\/\/sibo.nl\/de\/#website\"},\"datePublished\":\"2023-01-30T13:26:19+00:00\",\"dateModified\":\"2026-02-12T13:44:06+00:00\",\"breadcrumb\":{\"@id\":\"https:\/\/sibo.nl\/de\/privacy-statement\/#breadcrumb\"},\"inLanguage\":\"de\",\"potentialAction\":[{\"@type\":\"ReadAction\",\"target\":[\"https:\/\/sibo.nl\/de\/privacy-statement\/\"]}]},{\"@type\":\"BreadcrumbList\",\"@id\":\"https:\/\/sibo.nl\/de\/privacy-statement\/#breadcrumb\",\"itemListElement\":[{\"@type\":\"ListItem\",\"position\":1,\"name\":\"Home\",\"item\":\"https:\/\/sibo.nl\/de\/\"},{\"@type\":\"ListItem\",\"position\":2,\"name\":\"Privacy Statement\"}]},{\"@type\":\"WebSite\",\"@id\":\"https:\/\/sibo.nl\/de\/#website\",\"url\":\"https:\/\/sibo.nl\/de\/\",\"name\":\"SIBO Fluidra\",\"description\":\"Professional Water Products\",\"publisher\":{\"@id\":\"https:\/\/sibo.nl\/de\/#organization\"},\"potentialAction\":[{\"@type\":\"SearchAction\",\"target\":{\"@type\":\"EntryPoint\",\"urlTemplate\":\"https:\/\/sibo.nl\/de\/?s={search_term_string}\"},\"query-input\":{\"@type\":\"PropertyValueSpecification\",\"valueRequired\":true,\"valueName\":\"search_term_string\"}}],\"inLanguage\":\"de\"},{\"@type\":\"Organization\",\"@id\":\"https:\/\/sibo.nl\/de\/#organization\",\"name\":\"SIBO Fluidra Netherlands B.V.\",\"url\":\"https:\/\/sibo.nl\/de\/\",\"logo\":{\"@type\":\"ImageObject\",\"inLanguage\":\"de\",\"@id\":\"https:\/\/sibo.nl\/de\/#\/schema\/logo\/image\/\",\"url\":\"https:\/\/sibo.nl\/wp-content\/uploads\/2019\/05\/Sibo_Fluidra-Logo-RGB.png\",\"contentUrl\":\"https:\/\/sibo.nl\/wp-content\/uploads\/2019\/05\/Sibo_Fluidra-Logo-RGB.png\",\"width\":524,\"height\":208,\"caption\":\"SIBO Fluidra Netherlands B.V.\"},\"image\":{\"@id\":\"https:\/\/sibo.nl\/de\/#\/schema\/logo\/image\/\"},\"sameAs\":[\"https:\/\/www.facebook.com\/SiboVeghel\/\",\"https:\/\/x.com\/SIBOBV\",\"https:\/\/nl.linkedin.com\/company\/sibo-bv\",\"https:\/\/www.youtube.com\/channel\/UCIwehKuyVSB5zdsFcjENAhg\"]}]}<\/script>\n<!-- \/ Yoast SEO plugin. -->","yoast_head_json":{"title":"Privacy Statement - Fluidra Benelux","robots":{"index":"index","follow":"follow","max-snippet":"max-snippet:-1","max-image-preview":"max-image-preview:large","max-video-preview":"max-video-preview:-1"},"canonical":"https:\/\/sibo.nl\/de\/privacy-statement\/","og_locale":"de_DE","og_type":"article","og_title":"Privacy Statement - Fluidra Benelux","og_description":"1. Einleitung Das Recht auf Datenschutz und insbesondere das Recht auf den Schutz von personenbezogenen Daten ist einer der Werte von FLUIDRA Benelux, B.V. (im Folgenden, \u201c Fluidra\u201d), die in [&hellip;]","og_url":"https:\/\/sibo.nl\/de\/privacy-statement\/","og_site_name":"SIBO Fluidra","article_publisher":"https:\/\/www.facebook.com\/SiboVeghel\/","article_modified_time":"2026-02-12T13:44:06+00:00","og_image":[{"width":3673,"height":2448,"url":"https:\/\/sibo.nl\/wp-content\/uploads\/2017\/04\/Foto-bedrijfspand-met-lichte-wolken.jpg","type":"image\/jpeg"}],"twitter_card":"summary_large_image","twitter_site":"@SIBOBV","twitter_misc":{"Gesch\u00e4tzte Lesezeit":"10\u00a0Minuten"},"schema":{"@context":"https:\/\/schema.org","@graph":[{"@type":"WebPage","@id":"https:\/\/sibo.nl\/de\/privacy-statement\/","url":"https:\/\/sibo.nl\/de\/privacy-statement\/","name":"Privacy Statement - Fluidra Benelux","isPartOf":{"@id":"https:\/\/sibo.nl\/de\/#website"},"datePublished":"2023-01-30T13:26:19+00:00","dateModified":"2026-02-12T13:44:06+00:00","breadcrumb":{"@id":"https:\/\/sibo.nl\/de\/privacy-statement\/#breadcrumb"},"inLanguage":"de","potentialAction":[{"@type":"ReadAction","target":["https:\/\/sibo.nl\/de\/privacy-statement\/"]}]},{"@type":"BreadcrumbList","@id":"https:\/\/sibo.nl\/de\/privacy-statement\/#breadcrumb","itemListElement":[{"@type":"ListItem","position":1,"name":"Home","item":"https:\/\/sibo.nl\/de\/"},{"@type":"ListItem","position":2,"name":"Privacy Statement"}]},{"@type":"WebSite","@id":"https:\/\/sibo.nl\/de\/#website","url":"https:\/\/sibo.nl\/de\/","name":"SIBO Fluidra","description":"Professional Water Products","publisher":{"@id":"https:\/\/sibo.nl\/de\/#organization"},"potentialAction":[{"@type":"SearchAction","target":{"@type":"EntryPoint","urlTemplate":"https:\/\/sibo.nl\/de\/?s={search_term_string}"},"query-input":{"@type":"PropertyValueSpecification","valueRequired":true,"valueName":"search_term_string"}}],"inLanguage":"de"},{"@type":"Organization","@id":"https:\/\/sibo.nl\/de\/#organization","name":"SIBO Fluidra Netherlands B.V.","url":"https:\/\/sibo.nl\/de\/","logo":{"@type":"ImageObject","inLanguage":"de","@id":"https:\/\/sibo.nl\/de\/#\/schema\/logo\/image\/","url":"https:\/\/sibo.nl\/wp-content\/uploads\/2019\/05\/Sibo_Fluidra-Logo-RGB.png","contentUrl":"https:\/\/sibo.nl\/wp-content\/uploads\/2019\/05\/Sibo_Fluidra-Logo-RGB.png","width":524,"height":208,"caption":"SIBO Fluidra Netherlands B.V."},"image":{"@id":"https:\/\/sibo.nl\/de\/#\/schema\/logo\/image\/"},"sameAs":["https:\/\/www.facebook.com\/SiboVeghel\/","https:\/\/x.com\/SIBOBV","https:\/\/nl.linkedin.com\/company\/sibo-bv","https:\/\/www.youtube.com\/channel\/UCIwehKuyVSB5zdsFcjENAhg"]}]}},"ticketed":false,"_links":{"self":[{"href":"https:\/\/sibo.nl\/de\/wp-json\/wp\/v2\/pages\/17312","targetHints":{"allow":["GET"]}}],"collection":[{"href":"https:\/\/sibo.nl\/de\/wp-json\/wp\/v2\/pages"}],"about":[{"href":"https:\/\/sibo.nl\/de\/wp-json\/wp\/v2\/types\/page"}],"author":[{"embeddable":true,"href":"https:\/\/sibo.nl\/de\/wp-json\/wp\/v2\/users\/7"}],"replies":[{"embeddable":true,"href":"https:\/\/sibo.nl\/de\/wp-json\/wp\/v2\/comments?post=17312"}],"version-history":[{"count":3,"href":"https:\/\/sibo.nl\/de\/wp-json\/wp\/v2\/pages\/17312\/revisions"}],"predecessor-version":[{"id":31597,"href":"https:\/\/sibo.nl\/de\/wp-json\/wp\/v2\/pages\/17312\/revisions\/31597"}],"wp:attachment":[{"href":"https:\/\/sibo.nl\/de\/wp-json\/wp\/v2\/media?parent=17312"}],"curies":[{"name":"wp","href":"https:\/\/api.w.org\/{rel}","templated":true}]}}