{"id":22963,"date":"2024-07-10T10:33:11","date_gmt":"2024-07-10T08:33:11","guid":{"rendered":"https:\/\/sibo.nl\/?page_id=22963"},"modified":"2026-02-12T14:02:45","modified_gmt":"2026-02-12T13:02:45","slug":"cookie-policy","status":"publish","type":"page","link":"https:\/\/sibo.nl\/de\/cookie-policy\/","title":{"rendered":"Cookie policy"},"content":{"rendered":"<h2><strong>Was ist ein Cookie?<\/strong><\/h2>\n<p><script id=\"CookieDeclaration\" data-culture=\"de\" src=\"https:\/\/consent.cookiebot.com\/611f608d-fb3e-4f0b-82f4-ab2b17201bd3\/cd.js\" type=\"text\/javascript\" async><\/script><\/p>\n<h2><strong><br \/>\nCookie-Einstellungen<\/strong><\/h2>\n<p>Sie k\u00f6nnen die Cookies \u00fcber die Cookie Consent Management Platform dieser Richtlinie, \u00fcber Ihren Browser und auch \u00fcber die Websites derjeniger Drittanbieter, die Cookies auf Ihrem Ger\u00e4t installieren, einstellen.<\/p>\n<p>1.- Cookies \u00fcber die Cookie-Setup-Plattform deaktivieren<\/p>\n<p>Sie k\u00f6nnen Ihre Einwilligung hinsichtlich der Art der verwendeten Cookies \u00fcber die Cookie Consent Management Platform geben oder widerrufen.<\/p>\n<p>2.- Cookies \u00fcber Ihren Webbrowser deaktivieren<\/p>\n<p>Alle Internetbrowser erm\u00f6glichen es den Nutzern durch \u00c4ndern der Browsereinstellungen und -optionen das Verhalten eines Cookies einzuschr\u00e4nken oder auch Cookies zu deaktivieren. Die Schritte hierf\u00fcr sind bei jedem Browser unterschiedlich. Spezifische Anweisungen finden Sie im Hilfemen\u00fc Ihres Browsers.<\/p>\n<p>Abh\u00e4ngig vom verwendeten Browser kann der Nutzer folgende Optionen aktivieren, um den Umfang oder die Art des Einsatzes der installierten Cookies zu beschr\u00e4nken:<\/p>\n<p>\u2022 Die Option des Browsings im Privatmodus, so dass der Browserverlauf, Website-Passw\u00f6rter, Cookies und weitere Informationen \u00fcber die besuchten Websites nicht gespeichert werden.<\/p>\n<p>\u2022 Die \u201eDo not Track\u201c-Funktion, womit der Browser anfordert, dass die besuchten Websites Ihre Surfgewohnheiten nicht nachverfolgen, um beispielsweise f\u00fcr Sie eventuell interessante Werbung auf den von Ihnen besuchten Websites anzuzeigen.<\/p>\n<table style=\"height: 209px;\" width=\"800\">\n<tbody>\n<tr style=\"height: 23px;\">\n<td style=\"height: 23px; width: 279.344px;\"><strong>Browser<\/strong><\/td>\n<td style=\"height: 23px; width: 504.656px;\"><strong>Link<\/strong><\/td>\n<\/tr>\n<tr style=\"height: 71px;\">\n<td style=\"height: 71px; width: 279.344px;\">Microsoft Internet Explorer<\/td>\n<td style=\"height: 71px; width: 504.656px;\"><a href=\"https:\/\/support.microsoft.com\/de-de\/windows\/l%C3%B6schen-und-verwalten-von-cookies-168dab11-0753-043d-7c16-ede5947fc64d#ie=ie-11\">https:\/\/support.microsoft.com\/de-de\/windows\/l%C3%B6schen-und-verwalten-von-cookies-168dab11-0753-043d-7c16-ede5947fc64d#ie=ie-11<\/a><\/td>\n<\/tr>\n<tr style=\"height: 23px;\">\n<td style=\"height: 23px; width: 279.344px;\">Apple Safari<\/td>\n<td style=\"height: 23px; width: 504.656px;\"><a href=\"https:\/\/support.apple.com\/de-de\/guide\/safari\/sfri11471\/mac\">https:\/\/support.apple.com\/de-de\/guide\/safari\/sfri11471\/mac<\/a><\/td>\n<\/tr>\n<tr style=\"height: 23px;\">\n<td style=\"height: 23px; width: 279.344px;\">Google Chrome<\/td>\n<td style=\"height: 23px; width: 504.656px;\"><a href=\"https:\/\/support.google.com\/chrome\/answer\/95647?hl=de\">https:\/\/support.google.com\/chrome\/answer\/95647?hl=de<\/a><\/td>\n<\/tr>\n<tr style=\"height: 47px;\">\n<td style=\"height: 47px; width: 279.344px;\">Mozilla Firefox<\/td>\n<td style=\"height: 47px; width: 504.656px;\"><a href=\"https:\/\/support.mozilla.org\/en-US\/kb\/clear-cookies-and-site-data-firefox\">https:\/\/support.mozilla.org\/en-US\/kb\/clear-cookies-and-site-data-firefox<\/a><\/td>\n<\/tr>\n<\/tbody>\n<\/table>\n<p>Wenn Sie die zuvor genannten Cookies deaktivieren, bedenken Sie bitte, dass wir nicht erfahren k\u00f6nnen, was Ihnen an unseren Seiten zusagt oder missf\u00e4llt und wir schwerlich Ihre Nutzererfahrung auf dieser Website verbessern k\u00f6nnen.<\/p>\n<h2><strong>Internationale Daten\u00fcbermittlung<\/strong><\/h2>\n<p>Bitte beachten Sie, dass die Verwendung von Cookies je nach Ihren Einstellungen eine Daten\u00fcbermittlung au\u00dferhalb des Europ\u00e4ischen Wirtschaftsraums, in die Vereinigten Staaten, gem\u00e4\u00df Artikel 45 der Europ\u00e4ischen Datenschutzverordnung zur Folge haben kann. F\u00fcr dieses Drittland liegt ein Angemessenheitsbeschluss vor, und die betreffenden Dritten sind durch den neuen Datenschutzrahmen zertifiziert. Weitere Informationen k\u00f6nnen Sie unter folgendem Link abrufen: <a href=\"https:\/\/commission.europa.eu\/document\/fa09cbad-dd7d-4684-ae60-be03fcb0fddf_en\">https:\/\/commission.europa.eu\/document\/fa09cbad-dd7d-4684-ae60-be03fcb0fddf_en<\/a><\/p>\n<h2><strong>Weitere Informationen und Aus\u00fcbung Ihrer Rechte<\/strong><\/h2>\n<p>Unbeschadet der in dieser Richtlinie angebotenen M\u00f6glichkeiten zur Einstellung von Cookies sowie der verschiedenen Instrumente zur Verwaltung besagter Cookies, entnehmen Sie bitte bei weiteren Fragen hinsichtlich der Verarbeitung Ihrer personenbezogener Daten, oder falls Sie Ihre Rechte aus\u00fcben m\u00f6chten, unserer <a href=\"https:\/\/sibo.nl\/de\/privacy-statement\/\">Allgemeinen Datenschutzrichtlinie<\/a> weitere Informationen.<\/p>\n","protected":false},"excerpt":{"rendered":"<p>Was ist ein Cookie? Cookie-Einstellungen Sie k\u00f6nnen die Cookies \u00fcber die Cookie Consent Management Platform dieser Richtlinie, \u00fcber Ihren Browser und auch \u00fcber die Websites derjeniger Drittanbieter, die Cookies auf [&hellip;]<\/p>\n","protected":false},"author":4,"featured_media":0,"parent":0,"menu_order":0,"comment_status":"closed","ping_status":"closed","template":"","meta":{"_et_pb_use_builder":"","_et_pb_old_content":"","_et_gb_content_width":"","_price":"","_stock":"","_tribe_ticket_header":"","_tribe_default_ticket_provider":"","_tribe_ticket_capacity":"0","_ticket_start_date":"","_ticket_end_date":"","_tribe_ticket_show_description":"","_tribe_ticket_show_not_going":false,"_tribe_ticket_use_global_stock":"","_tribe_ticket_global_stock_level":"","_global_stock_mode":"","_global_stock_cap":"","_tribe_rsvp_for_event":"","_tribe_ticket_going_count":"","_tribe_ticket_not_going_count":"","_tribe_tickets_list":"[]","_tribe_ticket_has_attendee_info_fields":false,"footnotes":"","_tec_slr_enabled":"","_tec_slr_layout":""},"class_list":["post-22963","page","type-page","status-publish","hentry"],"yoast_head":"<!-- This site is optimized with the Yoast SEO plugin v24.9 - https:\/\/yoast.com\/wordpress\/plugins\/seo\/ -->\n<title>Cookie policy - SIBO Fluidra<\/title>\n<meta name=\"robots\" content=\"index, follow, max-snippet:-1, max-image-preview:large, max-video-preview:-1\" \/>\n<link rel=\"canonical\" href=\"https:\/\/sibo.nl\/de\/cookie-policy\/\" \/>\n<meta property=\"og:locale\" content=\"de_DE\" \/>\n<meta property=\"og:type\" content=\"article\" \/>\n<meta property=\"og:title\" content=\"Cookie policy - SIBO Fluidra\" \/>\n<meta property=\"og:description\" content=\"Was ist ein Cookie? Cookie-Einstellungen Sie k\u00f6nnen die Cookies \u00fcber die Cookie Consent Management Platform dieser Richtlinie, \u00fcber Ihren Browser und auch \u00fcber die Websites derjeniger Drittanbieter, die Cookies auf [&hellip;]\" \/>\n<meta property=\"og:url\" content=\"https:\/\/sibo.nl\/de\/cookie-policy\/\" \/>\n<meta property=\"og:site_name\" content=\"SIBO Fluidra\" \/>\n<meta property=\"article:publisher\" content=\"https:\/\/www.facebook.com\/SiboVeghel\/\" \/>\n<meta property=\"article:modified_time\" content=\"2026-02-12T13:02:45+00:00\" \/>\n<meta property=\"og:image\" content=\"https:\/\/sibo.nl\/wp-content\/uploads\/2017\/04\/Foto-bedrijfspand-met-lichte-wolken.jpg\" \/>\n\t<meta property=\"og:image:width\" content=\"3673\" \/>\n\t<meta property=\"og:image:height\" content=\"2448\" \/>\n\t<meta property=\"og:image:type\" content=\"image\/jpeg\" \/>\n<meta name=\"twitter:card\" content=\"summary_large_image\" \/>\n<meta name=\"twitter:site\" content=\"@SIBOBV\" \/>\n<meta name=\"twitter:label1\" content=\"Gesch\u00e4tzte Lesezeit\" \/>\n\t<meta name=\"twitter:data1\" content=\"2\u00a0Minuten\" \/>\n<script type=\"application\/ld+json\" class=\"yoast-schema-graph\">{\"@context\":\"https:\/\/schema.org\",\"@graph\":[{\"@type\":\"WebPage\",\"@id\":\"https:\/\/sibo.nl\/de\/cookie-policy\/\",\"url\":\"https:\/\/sibo.nl\/de\/cookie-policy\/\",\"name\":\"Cookie policy - SIBO Fluidra\",\"isPartOf\":{\"@id\":\"https:\/\/sibo.nl\/de\/#website\"},\"datePublished\":\"2024-07-10T08:33:11+00:00\",\"dateModified\":\"2026-02-12T13:02:45+00:00\",\"breadcrumb\":{\"@id\":\"https:\/\/sibo.nl\/de\/cookie-policy\/#breadcrumb\"},\"inLanguage\":\"de\",\"potentialAction\":[{\"@type\":\"ReadAction\",\"target\":[\"https:\/\/sibo.nl\/de\/cookie-policy\/\"]}]},{\"@type\":\"BreadcrumbList\",\"@id\":\"https:\/\/sibo.nl\/de\/cookie-policy\/#breadcrumb\",\"itemListElement\":[{\"@type\":\"ListItem\",\"position\":1,\"name\":\"Home\",\"item\":\"https:\/\/sibo.nl\/de\/\"},{\"@type\":\"ListItem\",\"position\":2,\"name\":\"Cookie policy\"}]},{\"@type\":\"WebSite\",\"@id\":\"https:\/\/sibo.nl\/de\/#website\",\"url\":\"https:\/\/sibo.nl\/de\/\",\"name\":\"SIBO Fluidra\",\"description\":\"Professional Water Products\",\"publisher\":{\"@id\":\"https:\/\/sibo.nl\/de\/#organization\"},\"potentialAction\":[{\"@type\":\"SearchAction\",\"target\":{\"@type\":\"EntryPoint\",\"urlTemplate\":\"https:\/\/sibo.nl\/de\/?s={search_term_string}\"},\"query-input\":{\"@type\":\"PropertyValueSpecification\",\"valueRequired\":true,\"valueName\":\"search_term_string\"}}],\"inLanguage\":\"de\"},{\"@type\":\"Organization\",\"@id\":\"https:\/\/sibo.nl\/de\/#organization\",\"name\":\"SIBO Fluidra Netherlands B.V.\",\"url\":\"https:\/\/sibo.nl\/de\/\",\"logo\":{\"@type\":\"ImageObject\",\"inLanguage\":\"de\",\"@id\":\"https:\/\/sibo.nl\/de\/#\/schema\/logo\/image\/\",\"url\":\"https:\/\/sibo.nl\/wp-content\/uploads\/2019\/05\/Sibo_Fluidra-Logo-RGB.png\",\"contentUrl\":\"https:\/\/sibo.nl\/wp-content\/uploads\/2019\/05\/Sibo_Fluidra-Logo-RGB.png\",\"width\":524,\"height\":208,\"caption\":\"SIBO Fluidra Netherlands B.V.\"},\"image\":{\"@id\":\"https:\/\/sibo.nl\/de\/#\/schema\/logo\/image\/\"},\"sameAs\":[\"https:\/\/www.facebook.com\/SiboVeghel\/\",\"https:\/\/x.com\/SIBOBV\",\"https:\/\/nl.linkedin.com\/company\/sibo-bv\",\"https:\/\/www.youtube.com\/channel\/UCIwehKuyVSB5zdsFcjENAhg\"]}]}<\/script>\n<!-- \/ Yoast SEO plugin. -->","yoast_head_json":{"title":"Cookie policy - SIBO Fluidra","robots":{"index":"index","follow":"follow","max-snippet":"max-snippet:-1","max-image-preview":"max-image-preview:large","max-video-preview":"max-video-preview:-1"},"canonical":"https:\/\/sibo.nl\/de\/cookie-policy\/","og_locale":"de_DE","og_type":"article","og_title":"Cookie policy - SIBO Fluidra","og_description":"Was ist ein Cookie? Cookie-Einstellungen Sie k\u00f6nnen die Cookies \u00fcber die Cookie Consent Management Platform dieser Richtlinie, \u00fcber Ihren Browser und auch \u00fcber die Websites derjeniger Drittanbieter, die Cookies auf [&hellip;]","og_url":"https:\/\/sibo.nl\/de\/cookie-policy\/","og_site_name":"SIBO Fluidra","article_publisher":"https:\/\/www.facebook.com\/SiboVeghel\/","article_modified_time":"2026-02-12T13:02:45+00:00","og_image":[{"width":3673,"height":2448,"url":"https:\/\/sibo.nl\/wp-content\/uploads\/2017\/04\/Foto-bedrijfspand-met-lichte-wolken.jpg","type":"image\/jpeg"}],"twitter_card":"summary_large_image","twitter_site":"@SIBOBV","twitter_misc":{"Gesch\u00e4tzte Lesezeit":"2\u00a0Minuten"},"schema":{"@context":"https:\/\/schema.org","@graph":[{"@type":"WebPage","@id":"https:\/\/sibo.nl\/de\/cookie-policy\/","url":"https:\/\/sibo.nl\/de\/cookie-policy\/","name":"Cookie policy - SIBO Fluidra","isPartOf":{"@id":"https:\/\/sibo.nl\/de\/#website"},"datePublished":"2024-07-10T08:33:11+00:00","dateModified":"2026-02-12T13:02:45+00:00","breadcrumb":{"@id":"https:\/\/sibo.nl\/de\/cookie-policy\/#breadcrumb"},"inLanguage":"de","potentialAction":[{"@type":"ReadAction","target":["https:\/\/sibo.nl\/de\/cookie-policy\/"]}]},{"@type":"BreadcrumbList","@id":"https:\/\/sibo.nl\/de\/cookie-policy\/#breadcrumb","itemListElement":[{"@type":"ListItem","position":1,"name":"Home","item":"https:\/\/sibo.nl\/de\/"},{"@type":"ListItem","position":2,"name":"Cookie policy"}]},{"@type":"WebSite","@id":"https:\/\/sibo.nl\/de\/#website","url":"https:\/\/sibo.nl\/de\/","name":"SIBO Fluidra","description":"Professional Water Products","publisher":{"@id":"https:\/\/sibo.nl\/de\/#organization"},"potentialAction":[{"@type":"SearchAction","target":{"@type":"EntryPoint","urlTemplate":"https:\/\/sibo.nl\/de\/?s={search_term_string}"},"query-input":{"@type":"PropertyValueSpecification","valueRequired":true,"valueName":"search_term_string"}}],"inLanguage":"de"},{"@type":"Organization","@id":"https:\/\/sibo.nl\/de\/#organization","name":"SIBO Fluidra Netherlands B.V.","url":"https:\/\/sibo.nl\/de\/","logo":{"@type":"ImageObject","inLanguage":"de","@id":"https:\/\/sibo.nl\/de\/#\/schema\/logo\/image\/","url":"https:\/\/sibo.nl\/wp-content\/uploads\/2019\/05\/Sibo_Fluidra-Logo-RGB.png","contentUrl":"https:\/\/sibo.nl\/wp-content\/uploads\/2019\/05\/Sibo_Fluidra-Logo-RGB.png","width":524,"height":208,"caption":"SIBO Fluidra Netherlands B.V."},"image":{"@id":"https:\/\/sibo.nl\/de\/#\/schema\/logo\/image\/"},"sameAs":["https:\/\/www.facebook.com\/SiboVeghel\/","https:\/\/x.com\/SIBOBV","https:\/\/nl.linkedin.com\/company\/sibo-bv","https:\/\/www.youtube.com\/channel\/UCIwehKuyVSB5zdsFcjENAhg"]}]}},"ticketed":false,"_links":{"self":[{"href":"https:\/\/sibo.nl\/de\/wp-json\/wp\/v2\/pages\/22963","targetHints":{"allow":["GET"]}}],"collection":[{"href":"https:\/\/sibo.nl\/de\/wp-json\/wp\/v2\/pages"}],"about":[{"href":"https:\/\/sibo.nl\/de\/wp-json\/wp\/v2\/types\/page"}],"author":[{"embeddable":true,"href":"https:\/\/sibo.nl\/de\/wp-json\/wp\/v2\/users\/4"}],"replies":[{"embeddable":true,"href":"https:\/\/sibo.nl\/de\/wp-json\/wp\/v2\/comments?post=22963"}],"version-history":[{"count":6,"href":"https:\/\/sibo.nl\/de\/wp-json\/wp\/v2\/pages\/22963\/revisions"}],"predecessor-version":[{"id":31592,"href":"https:\/\/sibo.nl\/de\/wp-json\/wp\/v2\/pages\/22963\/revisions\/31592"}],"wp:attachment":[{"href":"https:\/\/sibo.nl\/de\/wp-json\/wp\/v2\/media?parent=22963"}],"curies":[{"name":"wp","href":"https:\/\/api.w.org\/{rel}","templated":true}]}}