{"id":4410,"date":"2018-08-09T12:01:29","date_gmt":"2018-08-09T10:01:29","guid":{"rendered":"https:\/\/sibo.nl\/katalogubersicht-sibo\/"},"modified":"2026-03-13T09:15:35","modified_gmt":"2026-03-13T08:15:35","slug":"katalogubersicht","status":"publish","type":"page","link":"https:\/\/sibo.nl\/de\/katalogubersicht\/","title":{"rendered":"Katalog\u00fcbersicht SIBO"},"content":{"rendered":"<p>[et_pb_section fb_built=&#8220;1&#8243; admin_label=&#8220;section&#8220; _builder_version=&#8220;4.27.4&#8243; custom_padding=&#8220;15px||15px||false|false&#8220; global_colors_info=&#8220;{}&#8220;][et_pb_row admin_label=&#8220;row&#8220; _builder_version=&#8220;4.27.4&#8243; background_size=&#8220;initial&#8220; background_position=&#8220;top_left&#8220; background_repeat=&#8220;repeat&#8220; global_colors_info=&#8220;{}&#8220;][et_pb_column type=&#8220;4_4&#8243; _builder_version=&#8220;4.16&#8243; custom_padding=&#8220;|||&#8220; global_colors_info=&#8220;{}&#8220; custom_padding__hover=&#8220;|||&#8220;][et_pb_text _builder_version=&#8220;4.27.4&#8243; background_size=&#8220;initial&#8220; background_position=&#8220;top_left&#8220; background_repeat=&#8220;repeat&#8220; use_border_color=&#8220;off&#8220; border_color=&#8220;#ffffff&#8220; border_style=&#8220;solid&#8220; global_colors_info=&#8220;{}&#8220;]<\/p>\n<h1><strong>Der neueste Fluidra Benelux-Katalog<\/strong><\/h1>\n<p>Unten finden Sie den neuesten Katalog von Fluidra Benelux. Klicken Sie auf das Bild oder die Schaltfl\u00e4che, um den online durchsuchbaren Katalog in einem neuen Fenster zu \u00f6ffnen.<\/p>\n<p>M\u00f6chten Sie weitere Informationen zu unseren Produkten und Dienstleistungen erhalten oder bevorzugen Sie eine gedruckte Version des Katalogs? <a href=\"https:\/\/sibo.nl\/de\/kontakt-2\/\">Kontaktieren Sie uns direkt!<\/a><\/p>\n<p>[\/et_pb_text][et_pb_text _builder_version=&#8220;4.27.4&#8243; _module_preset=&#8220;default&#8220; global_colors_info=&#8220;{}&#8220;]<\/p>\n<h2>Entdecken Sie den vollst\u00e4ndigen Fluidra Benelux-Katalog 2026<\/h2>\n<p>Unser aktualisierter Katalog enth\u00e4lt unser gesamtes Produktsortiment, wobei alle Produktkategorien nun in einem praktischen Katalog zusammengefasst sind. Von L\u00f6sungen f\u00fcr Schwimmb\u00e4der, Spas und Teiche bis hin zu kompletten Sprinkleranlagen, alle Informationen, die Sie ben\u00f6tigen, sind direkt verf\u00fcgbar.<\/p>\n<p>[\/et_pb_text][\/et_pb_column][\/et_pb_row][\/et_pb_section][et_pb_section fb_built=&#8220;1&#8243; _builder_version=&#8220;4.27.4&#8243; _module_preset=&#8220;default&#8220; background_color=&#8220;#eaf6f7&#8243; custom_padding=&#8220;15px||15px||false|false&#8220; global_colors_info=&#8220;{}&#8220;][et_pb_row column_structure=&#8220;1_2,1_2&#8243; _builder_version=&#8220;4.27.4&#8243; background_size=&#8220;initial&#8220; background_position=&#8220;top_left&#8220; background_repeat=&#8220;repeat&#8220; global_colors_info=&#8220;{}&#8220;][et_pb_column type=&#8220;1_2&#8243; _builder_version=&#8220;4.16&#8243; custom_padding=&#8220;|||&#8220; global_colors_info=&#8220;{}&#8220; custom_padding__hover=&#8220;|||&#8220;][et_pb_text _builder_version=&#8220;4.27.4&#8243; background_size=&#8220;initial&#8220; background_position=&#8220;top_left&#8220; background_repeat=&#8220;repeat&#8220; use_border_color=&#8220;off&#8220; border_color=&#8220;#ffffff&#8220; border_style=&#8220;solid&#8220; global_colors_info=&#8220;{}&#8220;]<\/p>\n<h3>St\u00f6bern Sie in diesem Katalog finden Sie alle Informationen zu folgenden Themen:<\/h3>\n<ul>\n<li>Poolroboter<\/li>\n<li>Konstruktion<\/li>\n<li>Pool beleuchtung<\/li>\n<li>Pumpen<\/li>\n<li>Filtertechnik<\/li>\n<li>Heizung<\/li>\n<li>Mess- und regeltechnik \/ Chemikalien<\/li>\n<li>Wasseraufbereitung (Schwimm-)Teich<\/li>\n<li>Abdeckungen<\/li>\n<li>Wartung und zubeh\u00f6r<\/li>\n<li>Verbindungsmaterialien<\/li>\n<li>Bew\u00e4sserung<\/li>\n<\/ul>\n<p>[\/et_pb_text][\/et_pb_column][et_pb_column type=&#8220;1_2&#8243; _builder_version=&#8220;4.16&#8243; custom_padding=&#8220;|||&#8220; global_colors_info=&#8220;{}&#8220; custom_padding__hover=&#8220;|||&#8220;][et_pb_image src=&#8220;https:\/\/sibo.nl\/wp-content\/uploads\/2025\/11\/SIBO-Cat26-DE-HR-Kaft-Voorzijde-scaled.png&#8220; alt=&#8220;Katalog 2026 &#8211; SIBO Fluidra &#8211; DE&#8220; title_text=&#8220;SIBO-Cat26-DE-HR-Kaft-Voorzijde&#8220; url=&#8220;https:\/\/sibo.nl\/catalogus\/2026\/de\/&#8220; align=&#8220;center&#8220; _builder_version=&#8220;4.27.4&#8243; _module_preset=&#8220;default&#8220; width=&#8220;55%&#8220; max_width=&#8220;55%&#8220; border_width_all=&#8220;1px&#8220; global_colors_info=&#8220;{}&#8220;][\/et_pb_image][et_pb_button button_url=&#8220;https:\/\/sibo.nl\/catalogus\/2026\/de\/&#8220; url_new_window=&#8220;on&#8220; button_text=&#8220;Katalog 2026&#8243; button_alignment=&#8220;center&#8220; _builder_version=&#8220;4.27.4&#8243; _module_preset=&#8220;default&#8220; custom_button=&#8220;on&#8220; button_text_size=&#8220;22px&#8220; button_text_color=&#8220;#FFFFFF&#8220; button_bg_color=&#8220;#83bb4d&#8220; button_border_radius=&#8220;10px&#8220; button_font=&#8220;|800|||||||&#8220; global_colors_info=&#8220;{}&#8220;][\/et_pb_button][\/et_pb_column][\/et_pb_row][\/et_pb_section][et_pb_section fb_built=&#8220;1&#8243; _builder_version=&#8220;4.27.4&#8243; _module_preset=&#8220;default&#8220; custom_padding=&#8220;15px||15px||false|false&#8220; global_colors_info=&#8220;{}&#8220;][et_pb_row _builder_version=&#8220;4.27.4&#8243; _module_preset=&#8220;default&#8220; global_colors_info=&#8220;{}&#8220;][et_pb_column type=&#8220;4_4&#8243; _builder_version=&#8220;4.27.4&#8243; _module_preset=&#8220;default&#8220; global_colors_info=&#8220;{}&#8220;][et_pb_text _builder_version=&#8220;4.27.4&#8243; _module_preset=&#8220;default&#8220; global_colors_info=&#8220;{}&#8220;]<\/p>\n<h3><strong data-start=\"144\" data-end=\"231\">Bereit zur Bestellung oder w\u00fcnschen Sie weitere Informationen zu unseren Produkten?<\/strong><\/h3>\n<p><br data-start=\"231\" data-end=\"234\" \/><a href=\"https:\/\/webshop.sibo.nl\/de\/\">Melden Sie sich in unserem Webshop an<\/a> und bestellen Sie schnell, sicher und bequem.<\/p>\n<p>&nbsp;<\/p>\n<h3>Noch kein Kunde?<\/h3>\n<p><a href=\"https:\/\/sibo.nl\/de\/kunde-werden\/\">Nehmen Sie Kontakt mit uns auf<\/a>, um Gesch\u00e4ftskunde zu werden f\u00fcllen Sie einfach das Formular aus und sichern Sie sich die Vorteile einer Partnerschaft mit uns: kompetente Beratung, wettbewerbsf\u00e4hige Preise und eine z\u00fcgige Lieferung.<\/p>\n<p>[\/et_pb_text][\/et_pb_column][\/et_pb_row][et_pb_row _builder_version=&#8220;4.27.4&#8243; _module_preset=&#8220;default&#8220; global_colors_info=&#8220;{}&#8220;][et_pb_column type=&#8220;4_4&#8243; _builder_version=&#8220;4.27.4&#8243; _module_preset=&#8220;default&#8220; global_colors_info=&#8220;{}&#8220;][et_pb_text admin_label=&#8220;Tekst&#8220; _builder_version=&#8220;4.27.4&#8243; _module_preset=&#8220;default&#8220; global_colors_info=&#8220;{}&#8220;]<\/p>\n<h4>Fragen oder W\u00fcnsche?<\/h4>\n<p>Ben\u00f6tigen Sie zus\u00e4tzliche Informationen zu unserem Sortiment oder m\u00f6chten Sie einen gedruckten Katalog erhalten? <a href=\"https:\/\/sibo.nl\/de\/kontakt-2\/\">Kontaktieren Sie uns.<\/a><\/p>\n<p>Unser Team steht Ihnen jederzeit zur Verf\u00fcgung, wir beraten Sie gerne pers\u00f6nlich.<\/p>\n<p>[\/et_pb_text][\/et_pb_column][\/et_pb_row][\/et_pb_section]<\/p>\n","protected":false},"excerpt":{"rendered":"<p>Der neueste Fluidra Benelux-Katalog Unten finden Sie den neuesten Katalog von Fluidra Benelux. Klicken Sie auf das Bild oder die Schaltfl\u00e4che, um den online durchsuchbaren Katalog in einem neuen Fenster [&hellip;]<\/p>\n","protected":false},"author":7,"featured_media":5162,"parent":0,"menu_order":0,"comment_status":"closed","ping_status":"closed","template":"","meta":{"_et_pb_use_builder":"on","_et_pb_old_content":"","_et_gb_content_width":"","_price":"","_stock":"","_tribe_ticket_header":"","_tribe_default_ticket_provider":"","_tribe_ticket_capacity":"0","_ticket_start_date":"","_ticket_end_date":"","_tribe_ticket_show_description":"","_tribe_ticket_show_not_going":false,"_tribe_ticket_use_global_stock":"","_tribe_ticket_global_stock_level":"","_global_stock_mode":"","_global_stock_cap":"","_tribe_rsvp_for_event":"","_tribe_ticket_going_count":"","_tribe_ticket_not_going_count":"","_tribe_tickets_list":"[]","_tribe_ticket_has_attendee_info_fields":false,"footnotes":"","_tec_slr_enabled":"","_tec_slr_layout":""},"class_list":["post-4410","page","type-page","status-publish","has-post-thumbnail","hentry"],"yoast_head":"<!-- This site is optimized with the Yoast SEO plugin v24.9 - https:\/\/yoast.com\/wordpress\/plugins\/seo\/ -->\n<title>Katalog\u00fcbersicht SIBO - Fluidra Benelux<\/title>\n<meta name=\"robots\" content=\"index, follow, max-snippet:-1, max-image-preview:large, max-video-preview:-1\" \/>\n<link rel=\"canonical\" href=\"https:\/\/sibo.nl\/de\/katalogubersicht\/\" \/>\n<meta property=\"og:locale\" content=\"de_DE\" \/>\n<meta property=\"og:type\" content=\"article\" \/>\n<meta property=\"og:title\" content=\"Katalog\u00fcbersicht SIBO - Fluidra Benelux\" \/>\n<meta property=\"og:description\" content=\"Der neueste Fluidra Benelux-Katalog Unten finden Sie den neuesten Katalog von Fluidra Benelux. Klicken Sie auf das Bild oder die Schaltfl\u00e4che, um den online durchsuchbaren Katalog in einem neuen Fenster [&hellip;]\" \/>\n<meta property=\"og:url\" content=\"https:\/\/sibo.nl\/de\/katalogubersicht\/\" \/>\n<meta property=\"og:site_name\" content=\"SIBO Fluidra\" \/>\n<meta property=\"article:publisher\" content=\"https:\/\/www.facebook.com\/SiboVeghel\/\" \/>\n<meta property=\"article:modified_time\" content=\"2026-03-13T08:15:35+00:00\" \/>\n<meta property=\"og:image\" content=\"https:\/\/sibo.nl\/wp-content\/uploads\/2019\/05\/Sibo_Fluidra-Logo-RGB.png\" \/>\n\t<meta property=\"og:image:width\" content=\"524\" \/>\n\t<meta property=\"og:image:height\" content=\"208\" \/>\n\t<meta property=\"og:image:type\" content=\"image\/png\" \/>\n<meta name=\"twitter:card\" content=\"summary_large_image\" \/>\n<meta name=\"twitter:site\" content=\"@SIBOBV\" \/>\n<meta name=\"twitter:label1\" content=\"Gesch\u00e4tzte Lesezeit\" \/>\n\t<meta name=\"twitter:data1\" content=\"2\u00a0Minuten\" \/>\n<script type=\"application\/ld+json\" class=\"yoast-schema-graph\">{\"@context\":\"https:\/\/schema.org\",\"@graph\":[{\"@type\":\"WebPage\",\"@id\":\"https:\/\/sibo.nl\/de\/katalogubersicht\/\",\"url\":\"https:\/\/sibo.nl\/de\/katalogubersicht\/\",\"name\":\"Katalog\u00fcbersicht SIBO - Fluidra Benelux\",\"isPartOf\":{\"@id\":\"https:\/\/sibo.nl\/de\/#website\"},\"primaryImageOfPage\":{\"@id\":\"https:\/\/sibo.nl\/de\/katalogubersicht\/#primaryimage\"},\"image\":{\"@id\":\"https:\/\/sibo.nl\/de\/katalogubersicht\/#primaryimage\"},\"thumbnailUrl\":\"https:\/\/sibo.nl\/wp-content\/uploads\/2019\/05\/Sibo_Fluidra-Logo-RGB.png\",\"datePublished\":\"2018-08-09T10:01:29+00:00\",\"dateModified\":\"2026-03-13T08:15:35+00:00\",\"breadcrumb\":{\"@id\":\"https:\/\/sibo.nl\/de\/katalogubersicht\/#breadcrumb\"},\"inLanguage\":\"de\",\"potentialAction\":[{\"@type\":\"ReadAction\",\"target\":[\"https:\/\/sibo.nl\/de\/katalogubersicht\/\"]}]},{\"@type\":\"ImageObject\",\"inLanguage\":\"de\",\"@id\":\"https:\/\/sibo.nl\/de\/katalogubersicht\/#primaryimage\",\"url\":\"https:\/\/sibo.nl\/wp-content\/uploads\/2019\/05\/Sibo_Fluidra-Logo-RGB.png\",\"contentUrl\":\"https:\/\/sibo.nl\/wp-content\/uploads\/2019\/05\/Sibo_Fluidra-Logo-RGB.png\",\"width\":524,\"height\":208},{\"@type\":\"BreadcrumbList\",\"@id\":\"https:\/\/sibo.nl\/de\/katalogubersicht\/#breadcrumb\",\"itemListElement\":[{\"@type\":\"ListItem\",\"position\":1,\"name\":\"Home\",\"item\":\"https:\/\/sibo.nl\/de\/\"},{\"@type\":\"ListItem\",\"position\":2,\"name\":\"Katalog\u00fcbersicht SIBO\"}]},{\"@type\":\"WebSite\",\"@id\":\"https:\/\/sibo.nl\/de\/#website\",\"url\":\"https:\/\/sibo.nl\/de\/\",\"name\":\"SIBO Fluidra\",\"description\":\"Professional Water Products\",\"publisher\":{\"@id\":\"https:\/\/sibo.nl\/de\/#organization\"},\"potentialAction\":[{\"@type\":\"SearchAction\",\"target\":{\"@type\":\"EntryPoint\",\"urlTemplate\":\"https:\/\/sibo.nl\/de\/?s={search_term_string}\"},\"query-input\":{\"@type\":\"PropertyValueSpecification\",\"valueRequired\":true,\"valueName\":\"search_term_string\"}}],\"inLanguage\":\"de\"},{\"@type\":\"Organization\",\"@id\":\"https:\/\/sibo.nl\/de\/#organization\",\"name\":\"SIBO Fluidra Netherlands B.V.\",\"url\":\"https:\/\/sibo.nl\/de\/\",\"logo\":{\"@type\":\"ImageObject\",\"inLanguage\":\"de\",\"@id\":\"https:\/\/sibo.nl\/de\/#\/schema\/logo\/image\/\",\"url\":\"https:\/\/sibo.nl\/wp-content\/uploads\/2019\/05\/Sibo_Fluidra-Logo-RGB.png\",\"contentUrl\":\"https:\/\/sibo.nl\/wp-content\/uploads\/2019\/05\/Sibo_Fluidra-Logo-RGB.png\",\"width\":524,\"height\":208,\"caption\":\"SIBO Fluidra Netherlands B.V.\"},\"image\":{\"@id\":\"https:\/\/sibo.nl\/de\/#\/schema\/logo\/image\/\"},\"sameAs\":[\"https:\/\/www.facebook.com\/SiboVeghel\/\",\"https:\/\/x.com\/SIBOBV\",\"https:\/\/nl.linkedin.com\/company\/sibo-bv\",\"https:\/\/www.youtube.com\/channel\/UCIwehKuyVSB5zdsFcjENAhg\"]}]}<\/script>\n<!-- \/ Yoast SEO plugin. -->","yoast_head_json":{"title":"Katalog\u00fcbersicht SIBO - Fluidra Benelux","robots":{"index":"index","follow":"follow","max-snippet":"max-snippet:-1","max-image-preview":"max-image-preview:large","max-video-preview":"max-video-preview:-1"},"canonical":"https:\/\/sibo.nl\/de\/katalogubersicht\/","og_locale":"de_DE","og_type":"article","og_title":"Katalog\u00fcbersicht SIBO - Fluidra Benelux","og_description":"Der neueste Fluidra Benelux-Katalog Unten finden Sie den neuesten Katalog von Fluidra Benelux. Klicken Sie auf das Bild oder die Schaltfl\u00e4che, um den online durchsuchbaren Katalog in einem neuen Fenster [&hellip;]","og_url":"https:\/\/sibo.nl\/de\/katalogubersicht\/","og_site_name":"SIBO Fluidra","article_publisher":"https:\/\/www.facebook.com\/SiboVeghel\/","article_modified_time":"2026-03-13T08:15:35+00:00","og_image":[{"width":524,"height":208,"url":"https:\/\/sibo.nl\/wp-content\/uploads\/2019\/05\/Sibo_Fluidra-Logo-RGB.png","type":"image\/png"}],"twitter_card":"summary_large_image","twitter_site":"@SIBOBV","twitter_misc":{"Gesch\u00e4tzte Lesezeit":"2\u00a0Minuten"},"schema":{"@context":"https:\/\/schema.org","@graph":[{"@type":"WebPage","@id":"https:\/\/sibo.nl\/de\/katalogubersicht\/","url":"https:\/\/sibo.nl\/de\/katalogubersicht\/","name":"Katalog\u00fcbersicht SIBO - Fluidra Benelux","isPartOf":{"@id":"https:\/\/sibo.nl\/de\/#website"},"primaryImageOfPage":{"@id":"https:\/\/sibo.nl\/de\/katalogubersicht\/#primaryimage"},"image":{"@id":"https:\/\/sibo.nl\/de\/katalogubersicht\/#primaryimage"},"thumbnailUrl":"https:\/\/sibo.nl\/wp-content\/uploads\/2019\/05\/Sibo_Fluidra-Logo-RGB.png","datePublished":"2018-08-09T10:01:29+00:00","dateModified":"2026-03-13T08:15:35+00:00","breadcrumb":{"@id":"https:\/\/sibo.nl\/de\/katalogubersicht\/#breadcrumb"},"inLanguage":"de","potentialAction":[{"@type":"ReadAction","target":["https:\/\/sibo.nl\/de\/katalogubersicht\/"]}]},{"@type":"ImageObject","inLanguage":"de","@id":"https:\/\/sibo.nl\/de\/katalogubersicht\/#primaryimage","url":"https:\/\/sibo.nl\/wp-content\/uploads\/2019\/05\/Sibo_Fluidra-Logo-RGB.png","contentUrl":"https:\/\/sibo.nl\/wp-content\/uploads\/2019\/05\/Sibo_Fluidra-Logo-RGB.png","width":524,"height":208},{"@type":"BreadcrumbList","@id":"https:\/\/sibo.nl\/de\/katalogubersicht\/#breadcrumb","itemListElement":[{"@type":"ListItem","position":1,"name":"Home","item":"https:\/\/sibo.nl\/de\/"},{"@type":"ListItem","position":2,"name":"Katalog\u00fcbersicht SIBO"}]},{"@type":"WebSite","@id":"https:\/\/sibo.nl\/de\/#website","url":"https:\/\/sibo.nl\/de\/","name":"SIBO Fluidra","description":"Professional Water Products","publisher":{"@id":"https:\/\/sibo.nl\/de\/#organization"},"potentialAction":[{"@type":"SearchAction","target":{"@type":"EntryPoint","urlTemplate":"https:\/\/sibo.nl\/de\/?s={search_term_string}"},"query-input":{"@type":"PropertyValueSpecification","valueRequired":true,"valueName":"search_term_string"}}],"inLanguage":"de"},{"@type":"Organization","@id":"https:\/\/sibo.nl\/de\/#organization","name":"SIBO Fluidra Netherlands B.V.","url":"https:\/\/sibo.nl\/de\/","logo":{"@type":"ImageObject","inLanguage":"de","@id":"https:\/\/sibo.nl\/de\/#\/schema\/logo\/image\/","url":"https:\/\/sibo.nl\/wp-content\/uploads\/2019\/05\/Sibo_Fluidra-Logo-RGB.png","contentUrl":"https:\/\/sibo.nl\/wp-content\/uploads\/2019\/05\/Sibo_Fluidra-Logo-RGB.png","width":524,"height":208,"caption":"SIBO Fluidra Netherlands B.V."},"image":{"@id":"https:\/\/sibo.nl\/de\/#\/schema\/logo\/image\/"},"sameAs":["https:\/\/www.facebook.com\/SiboVeghel\/","https:\/\/x.com\/SIBOBV","https:\/\/nl.linkedin.com\/company\/sibo-bv","https:\/\/www.youtube.com\/channel\/UCIwehKuyVSB5zdsFcjENAhg"]}]}},"ticketed":false,"_links":{"self":[{"href":"https:\/\/sibo.nl\/de\/wp-json\/wp\/v2\/pages\/4410","targetHints":{"allow":["GET"]}}],"collection":[{"href":"https:\/\/sibo.nl\/de\/wp-json\/wp\/v2\/pages"}],"about":[{"href":"https:\/\/sibo.nl\/de\/wp-json\/wp\/v2\/types\/page"}],"author":[{"embeddable":true,"href":"https:\/\/sibo.nl\/de\/wp-json\/wp\/v2\/users\/7"}],"replies":[{"embeddable":true,"href":"https:\/\/sibo.nl\/de\/wp-json\/wp\/v2\/comments?post=4410"}],"version-history":[{"count":20,"href":"https:\/\/sibo.nl\/de\/wp-json\/wp\/v2\/pages\/4410\/revisions"}],"predecessor-version":[{"id":31789,"href":"https:\/\/sibo.nl\/de\/wp-json\/wp\/v2\/pages\/4410\/revisions\/31789"}],"wp:featuredmedia":[{"embeddable":true,"href":"https:\/\/sibo.nl\/de\/wp-json\/wp\/v2\/media\/5162"}],"wp:attachment":[{"href":"https:\/\/sibo.nl\/de\/wp-json\/wp\/v2\/media?parent=4410"}],"curies":[{"name":"wp","href":"https:\/\/api.w.org\/{rel}","templated":true}]}}