{"id":852,"date":"2017-05-02T15:57:22","date_gmt":"2017-05-02T13:57:22","guid":{"rendered":"http:\/\/s251.cl2.clustered.nl\/service\/"},"modified":"2025-08-13T14:49:48","modified_gmt":"2025-08-13T12:49:48","slug":"service","status":"publish","type":"page","link":"https:\/\/sibo.nl\/de\/service\/","title":{"rendered":"Service"},"content":{"rendered":"<p>[et_pb_section fb_built=&#8220;1&#8243; admin_label=&#8220;section&#8220; _builder_version=&#8220;4.16&#8243; background_image=&#8220;https:\/\/sibo.nl\/wp-content\/uploads\/2017\/04\/Blue-sibo.jpg&#8220; custom_padding=&#8220;0px|0px|0px|0px&#8220; transparent_background=&#8220;off&#8220; make_fullwidth=&#8220;off&#8220; use_custom_width=&#8220;off&#8220; width_unit=&#8220;on&#8220; global_colors_info=&#8220;{}&#8220;][et_pb_row admin_label=&#8220;row&#8220; _builder_version=&#8220;4.16&#8243; background_size=&#8220;initial&#8220; background_position=&#8220;top_left&#8220; background_repeat=&#8220;repeat&#8220; global_colors_info=&#8220;{}&#8220;][et_pb_column type=&#8220;4_4&#8243; _builder_version=&#8220;4.16&#8243; custom_padding=&#8220;|||&#8220; global_colors_info=&#8220;{}&#8220; custom_padding__hover=&#8220;|||&#8220;][et_pb_text _builder_version=&#8220;4.16&#8243; background_size=&#8220;initial&#8220; background_position=&#8220;top_left&#8220; background_repeat=&#8220;repeat&#8220; text_orientation=&#8220;center&#8220; background_layout=&#8220;dark&#8220; module_alignment=&#8220;center&#8220; global_colors_info=&#8220;{}&#8220;]<\/p>\n<h2>Service<\/h2>\n<p>[\/et_pb_text][\/et_pb_column][\/et_pb_row][\/et_pb_section][et_pb_section fb_built=&#8220;1&#8243; _builder_version=&#8220;4.16&#8243; global_colors_info=&#8220;{}&#8220;][et_pb_row column_structure=&#8220;1_2,1_2&#8243; _builder_version=&#8220;4.16&#8243; background_size=&#8220;initial&#8220; background_position=&#8220;top_left&#8220; background_repeat=&#8220;repeat&#8220; global_colors_info=&#8220;{}&#8220;][et_pb_column type=&#8220;1_2&#8243; _builder_version=&#8220;4.16&#8243; custom_padding=&#8220;|||&#8220; global_colors_info=&#8220;{}&#8220; custom_padding__hover=&#8220;|||&#8220;][et_pb_text _builder_version=&#8220;4.16&#8243; background_size=&#8220;initial&#8220; background_position=&#8220;top_left&#8220; background_repeat=&#8220;repeat&#8220; use_border_color=&#8220;off&#8220; border_color=&#8220;#ffffff&#8220; border_style=&#8220;solid&#8220; global_colors_info=&#8220;{}&#8220;]<\/p>\n<p>Auf dieser Seite finden Sie die Formulare, die, wie in den <a href=\"https:\/\/sibo.nl\/catalogus\/de\/5\/\" target=\"_blank\" rel=\"noopener\">Richtlinien f\u00fcr Reklamationen und Retouren angegeben<\/a>, f\u00fcr eine korrekte Bearbeitung ausgef\u00fcllt werden m\u00fcssen. Wenn diese Formulare nicht vollst\u00e4ndig ausgef\u00fcllt und an uns zur\u00fcckgeschickt werden, kann die Anfrage nicht bearbeitet werden.<\/p>\n<p>[\/et_pb_text][et_pb_button button_url=&#8220;https:\/\/sibo.nl\/de\/rucksende\/&#8220; button_text=&#8220;R\u00fccksende Formular&#8220; button_alignment=&#8220;left&#8220; _builder_version=&#8220;4.16&#8243; custom_button=&#8220;on&#8220; button_text_color=&#8220;#0c71c3&#8243; button_letter_spacing_hover=&#8220;0&#8243; global_colors_info=&#8220;{}&#8220; button_text_size__hover_enabled=&#8220;off&#8220; button_text_size__hover=&#8220;null&#8220; button_one_text_size__hover_enabled=&#8220;off&#8220; button_one_text_size__hover=&#8220;null&#8220; button_two_text_size__hover_enabled=&#8220;off&#8220; button_two_text_size__hover=&#8220;null&#8220; button_text_color__hover_enabled=&#8220;off&#8220; button_text_color__hover=&#8220;null&#8220; button_one_text_color__hover_enabled=&#8220;off&#8220; button_one_text_color__hover=&#8220;null&#8220; button_two_text_color__hover_enabled=&#8220;off&#8220; button_two_text_color__hover=&#8220;null&#8220; button_border_width__hover_enabled=&#8220;off&#8220; button_border_width__hover=&#8220;null&#8220; button_one_border_width__hover_enabled=&#8220;off&#8220; button_one_border_width__hover=&#8220;null&#8220; button_two_border_width__hover_enabled=&#8220;off&#8220; button_two_border_width__hover=&#8220;null&#8220; button_border_color__hover_enabled=&#8220;off&#8220; button_border_color__hover=&#8220;null&#8220; button_one_border_color__hover_enabled=&#8220;off&#8220; button_one_border_color__hover=&#8220;null&#8220; button_two_border_color__hover_enabled=&#8220;off&#8220; button_two_border_color__hover=&#8220;null&#8220; button_border_radius__hover_enabled=&#8220;off&#8220; button_border_radius__hover=&#8220;null&#8220; button_one_border_radius__hover_enabled=&#8220;off&#8220; button_one_border_radius__hover=&#8220;null&#8220; button_two_border_radius__hover_enabled=&#8220;off&#8220; button_two_border_radius__hover=&#8220;null&#8220; button_letter_spacing__hover_enabled=&#8220;on&#8220; button_letter_spacing__hover=&#8220;0&#8243; button_one_letter_spacing__hover_enabled=&#8220;off&#8220; button_one_letter_spacing__hover=&#8220;null&#8220; button_two_letter_spacing__hover_enabled=&#8220;off&#8220; button_two_letter_spacing__hover=&#8220;null&#8220; button_bg_color__hover_enabled=&#8220;off&#8220; button_bg_color__hover=&#8220;null&#8220; button_one_bg_color__hover_enabled=&#8220;off&#8220; button_one_bg_color__hover=&#8220;null&#8220; button_two_bg_color__hover_enabled=&#8220;off&#8220; button_two_bg_color__hover=&#8220;null&#8220;][\/et_pb_button][et_pb_button button_url=&#8220;https:\/\/sibo.nl\/de\/reklamation\/&#8220; button_text=&#8220;Reklamation Formular&#8220; button_alignment=&#8220;left&#8220; _builder_version=&#8220;4.16&#8243; custom_button=&#8220;on&#8220; button_text_color=&#8220;#0c71c3&#8243; button_letter_spacing_hover=&#8220;0&#8243; global_colors_info=&#8220;{}&#8220; button_text_size__hover_enabled=&#8220;off&#8220; button_text_size__hover=&#8220;null&#8220; button_one_text_size__hover_enabled=&#8220;off&#8220; button_one_text_size__hover=&#8220;null&#8220; button_two_text_size__hover_enabled=&#8220;off&#8220; button_two_text_size__hover=&#8220;null&#8220; button_text_color__hover_enabled=&#8220;off&#8220; button_text_color__hover=&#8220;null&#8220; button_one_text_color__hover_enabled=&#8220;off&#8220; button_one_text_color__hover=&#8220;null&#8220; button_two_text_color__hover_enabled=&#8220;off&#8220; button_two_text_color__hover=&#8220;null&#8220; button_border_width__hover_enabled=&#8220;off&#8220; button_border_width__hover=&#8220;null&#8220; button_one_border_width__hover_enabled=&#8220;off&#8220; button_one_border_width__hover=&#8220;null&#8220; button_two_border_width__hover_enabled=&#8220;off&#8220; button_two_border_width__hover=&#8220;null&#8220; button_border_color__hover_enabled=&#8220;off&#8220; button_border_color__hover=&#8220;null&#8220; button_one_border_color__hover_enabled=&#8220;off&#8220; button_one_border_color__hover=&#8220;null&#8220; button_two_border_color__hover_enabled=&#8220;off&#8220; button_two_border_color__hover=&#8220;null&#8220; button_border_radius__hover_enabled=&#8220;off&#8220; button_border_radius__hover=&#8220;null&#8220; button_one_border_radius__hover_enabled=&#8220;off&#8220; button_one_border_radius__hover=&#8220;null&#8220; button_two_border_radius__hover_enabled=&#8220;off&#8220; button_two_border_radius__hover=&#8220;null&#8220; button_letter_spacing__hover_enabled=&#8220;on&#8220; button_letter_spacing__hover=&#8220;0&#8243; button_one_letter_spacing__hover_enabled=&#8220;off&#8220; button_one_letter_spacing__hover=&#8220;null&#8220; button_two_letter_spacing__hover_enabled=&#8220;off&#8220; button_two_letter_spacing__hover=&#8220;null&#8220; button_bg_color__hover_enabled=&#8220;off&#8220; button_bg_color__hover=&#8220;null&#8220; button_one_bg_color__hover_enabled=&#8220;off&#8220; button_one_bg_color__hover=&#8220;null&#8220; button_two_bg_color__hover_enabled=&#8220;off&#8220; button_two_bg_color__hover=&#8220;null&#8220;][\/et_pb_button][\/et_pb_column][et_pb_column type=&#8220;1_2&#8243; _builder_version=&#8220;4.16&#8243; custom_padding=&#8220;|||&#8220; global_colors_info=&#8220;{}&#8220; custom_padding__hover=&#8220;|||&#8220;][et_pb_image src=&#8220;https:\/\/sibo.nl\/wp-content\/uploads\/2019\/03\/Hero_new_logo.jpg&#8220; align_tablet=&#8220;center&#8220; align_phone=&#8220;&#8220; align_last_edited=&#8220;on|desktop&#8220; _builder_version=&#8220;4.16&#8243; z_index_tablet=&#8220;500&#8243; use_border_color=&#8220;off&#8220; global_colors_info=&#8220;{}&#8220;][\/et_pb_image][\/et_pb_column][\/et_pb_row][\/et_pb_section][et_pb_section fb_built=&#8220;1&#8243; admin_label=&#8220;section&#8220; _builder_version=&#8220;4.27.4&#8243; background_color=&#8220;#1a1919&#8243; hover_enabled=&#8220;0&#8243; custom_css_main_element=&#8220;border-top: 5px solid #114c6d;&#8220; global_module=&#8220;150&#8243; global_colors_info=&#8220;{}&#8220; disabled_on=&#8220;on|on|on&#8220; disabled=&#8220;on&#8220; sticky_enabled=&#8220;0&#8243;][et_pb_row column_structure=&#8220;1_4,1_4,1_4,1_4&#8243; admin_label=&#8220;row&#8220; _builder_version=&#8220;4.16&#8243; background_size=&#8220;initial&#8220; background_position=&#8220;top_left&#8220; background_repeat=&#8220;repeat&#8220; global_colors_info=&#8220;{}&#8220;][et_pb_column type=&#8220;1_4&#8243; _builder_version=&#8220;4.16&#8243; custom_padding=&#8220;|||&#8220; global_colors_info=&#8220;{}&#8220; custom_padding__hover=&#8220;|||&#8220;][et_pb_text _builder_version=&#8220;4.17.3&#8243; background_size=&#8220;initial&#8220; background_position=&#8220;top_left&#8220; background_repeat=&#8220;repeat&#8220; background_layout=&#8220;dark&#8220; use_border_color=&#8220;off&#8220; border_color=&#8220;#ffffff&#8220; border_style=&#8220;solid&#8220; global_colors_info=&#8220;{}&#8220;]<span style=\"font-size: x-large;\"><strong>SIBO Fluidra Netherlands B.V.<\/strong><\/span><br \/>\nDoornhoek 3950 5465 TC Veghel (Niederlande)[\/et_pb_text][et_pb_social_media_follow admin_label=&#8220;Social Media volgen&#8220; _builder_version=&#8220;4.17.3&#8243; link_shape=&#8220;rounded_rectangle&#8220; global_colors_info=&#8220;{}&#8220;][et_pb_social_media_follow_network social_network=&#8220;facebook&#8220; url=&#8220;https:\/\/www.facebook.com\/SiboFluidra\/&#8220; _builder_version=&#8220;4.16&#8243; background_color=&#8220;#3b5998&#8243; bg_color=&#8220;#3b5998&#8243; global_colors_info=&#8220;{}&#8220; follow_button=&#8220;off&#8220; url_new_window=&#8220;on&#8220;] Facebook [\/et_pb_social_media_follow_network][et_pb_social_media_follow_network social_network=&#8220;twitter&#8220; url=&#8220;http:\/\/twitter.com\/#!\/SIBOBV&#8220; _builder_version=&#8220;4.22.2&#8243; background_color=&#8220;#000000&#8243; bg_color=&#8220;#00aced&#8220; global_colors_info=&#8220;{}&#8220; follow_button=&#8220;off&#8220; url_new_window=&#8220;on&#8220;] twitter [\/et_pb_social_media_follow_network][et_pb_social_media_follow_network social_network=&#8220;youtube&#8220; url=&#8220;https:\/\/www.youtube.com\/channel\/UCIwehKuyVSB5zdsFcjENAhg&#8220; _builder_version=&#8220;4.16&#8243; background_color=&#8220;#a82400&#8243; bg_color=&#8220;#a82400&#8243; global_colors_info=&#8220;{}&#8220; follow_button=&#8220;off&#8220; url_new_window=&#8220;on&#8220;] youtube [\/et_pb_social_media_follow_network][et_pb_social_media_follow_network social_network=&#8220;linkedin&#8220; url=&#8220;https:\/\/www.google.nl\/url?sa=t&#038;rct=j&#038;q=&#038;esrc=s&#038;source=web&#038;cd=1&#038;cad=rja&#038;uact=8&#038;ved=0ahUKEwj4s_Thi-jTAhVI2hoKHf-fCoMQFggmMAA&#038;url=https%3A%2F%2Fwww.linkedin.com%2Fcompany%2Fsibo-bv&#038;usg=AFQjCNF1-GFUoE7gR0nA9yFdu_sWy9bX8Q&#8220; _builder_version=&#8220;4.16&#8243; background_color=&#8220;#007bb6&#8243; bg_color=&#8220;#007bb6&#8243; global_colors_info=&#8220;{}&#8220; follow_button=&#8220;off&#8220; url_new_window=&#8220;on&#8220;] LinkedIn [\/et_pb_social_media_follow_network][\/et_pb_social_media_follow][\/et_pb_column][et_pb_column type=&#8220;1_4&#8243; _builder_version=&#8220;4.16&#8243; custom_padding=&#8220;|||&#8220; global_colors_info=&#8220;{}&#8220; custom_padding__hover=&#8220;|||&#8220;][et_pb_text _builder_version=&#8220;4.19.4&#8243; background_size=&#8220;initial&#8220; background_position=&#8220;top_left&#8220; background_repeat=&#8220;repeat&#8220; background_layout=&#8220;dark&#8220; z_index_tablet=&#8220;500&#8243; use_border_color=&#8220;off&#8220; global_colors_info=&#8220;{}&#8220;]<strong>T<\/strong> 0049 (0)2836-6999-002<br \/>\n<strong>E<\/strong>\u00a0<a href=\"mailto:deutschland@sibofluidra.nl\">deutschland@sibofluidra.nl<\/a><\/p>\n<p>&nbsp;[\/et_pb_text][\/et_pb_column][et_pb_column type=&#8220;1_4&#8243; _builder_version=&#8220;4.16&#8243; background_color=&#8220;RGBA(0,0,0,0)&#8220; custom_padding=&#8220;|||&#8220; global_colors_info=&#8220;{}&#8220; custom_padding__hover=&#8220;|||&#8220;][et_pb_text _builder_version=&#8220;4.19.2&#8243; custom_padding=&#8220;|||5px||&#8220; use_border_color=&#8220;off&#8220; global_colors_info=&#8220;{}&#8220;]<\/p>\n<div class=\"et_pb_module et_pb_text et_pb_text_9 et_pb_bg_layout_dark et_pb_text_align_left\">\n<div class=\"et_pb_text_inner\">\n<p><a href=\"https:\/\/sibo.nl\/\">Home<\/a><br \/>\n<a href=\"https:\/\/sibo.nl\/temp\/de\/unsere-marken\">Marken<\/a><br \/>\n<a href=\"https:\/\/sibo.nl\/catalogus\/de\/\">Katalog<\/a><br \/>\n<a href=\"https:\/\/sibo.nl\/de\/service\/\">Service<\/a><br \/>\n<a href=\"https:\/\/webshop.sibo.nl\/customer\/account\/login\/referer\/aHR0cHM6Ly93ZWJzaG9wLnNpYm8ubmwv\/\">Webshop<\/a><br \/>\n<a href=\"https:\/\/sibo.nl\/temp\/de\/kontakt\">Kontakt<\/a><br \/>\n<a href=\"https:\/\/sibo.nl\/de\/privacy-statement\/\">Privacy Statement<\/a><br \/>\n<a href=\"https:\/\/sibo.nl\/de\/haftungsausschluss-und-bedingungen-fur-benutzung-der-website\/\">Disclaimer<\/a><\/p>\n<\/div>\n<\/div>\n<p>[\/et_pb_text][\/et_pb_column][et_pb_column type=&#8220;1_4&#8243; _builder_version=&#8220;4.16&#8243; custom_padding=&#8220;|||&#8220; global_colors_info=&#8220;{}&#8220; custom_padding__hover=&#8220;|||&#8220;][et_pb_image src=&#8220;https:\/\/sibo.nl\/wp-content\/uploads\/2018\/07\/Sibo_Fluidra-Logo-wit.png&#8220; align_tablet=&#8220;center&#8220; align_phone=&#8220;&#8220; align_last_edited=&#8220;on|desktop&#8220; _builder_version=&#8220;4.17.3&#8243; max_width=&#8220;220px&#8220; custom_css_main_element=&#8220;float: right;&#8220; use_border_color=&#8220;off&#8220; border_color=&#8220;#ffffff&#8220; border_style=&#8220;solid&#8220; animation=&#8220;off&#8220; sticky=&#8220;off&#8220; always_center_on_mobile=&#8220;on&#8220; global_colors_info=&#8220;{}&#8220;][\/et_pb_image][\/et_pb_column][\/et_pb_row][et_pb_row admin_label=&#8220;row&#8220; _builder_version=&#8220;4.16&#8243; background_size=&#8220;initial&#8220; background_position=&#8220;top_left&#8220; background_repeat=&#8220;repeat&#8220; custom_padding=&#8220;0px|0px|27px|0px&#8220; global_colors_info=&#8220;{}&#8220;][et_pb_column type=&#8220;4_4&#8243; _builder_version=&#8220;4.16&#8243; custom_padding=&#8220;|||&#8220; global_colors_info=&#8220;{}&#8220; custom_padding__hover=&#8220;|||&#8220;][et_pb_text _builder_version=&#8220;4.21.0&#8243; background_size=&#8220;initial&#8220; background_position=&#8220;top_left&#8220; background_repeat=&#8220;repeat&#8220; background_layout=&#8220;dark&#8220; z_index_tablet=&#8220;500&#8243; use_border_color=&#8220;off&#8220; global_colors_info=&#8220;{}&#8220;](c) Copyright 2023 SIBO Fluidra Netherlands B.V. &#8211; Alle Rechte vorbehalten[\/et_pb_text][\/et_pb_column][\/et_pb_row][\/et_pb_section]<\/p>\n","protected":false},"excerpt":{"rendered":"<p>Service Auf dieser Seite finden Sie die Formulare, die, wie in den Richtlinien f\u00fcr Reklamationen und Retouren angegeben, f\u00fcr eine korrekte Bearbeitung ausgef\u00fcllt werden m\u00fcssen. Wenn diese Formulare nicht vollst\u00e4ndig [&hellip;]<\/p>\n","protected":false},"author":7,"featured_media":4504,"parent":0,"menu_order":0,"comment_status":"closed","ping_status":"closed","template":"","meta":{"_et_pb_use_builder":"on","_et_pb_old_content":"","_et_gb_content_width":"","_price":"","_stock":"","_tribe_ticket_header":"","_tribe_default_ticket_provider":"","_tribe_ticket_capacity":"0","_ticket_start_date":"","_ticket_end_date":"","_tribe_ticket_show_description":"","_tribe_ticket_show_not_going":false,"_tribe_ticket_use_global_stock":"","_tribe_ticket_global_stock_level":"","_global_stock_mode":"","_global_stock_cap":"","_tribe_rsvp_for_event":"","_tribe_ticket_going_count":"","_tribe_ticket_not_going_count":"","_tribe_tickets_list":"[]","_tribe_ticket_has_attendee_info_fields":false,"footnotes":"","_tec_slr_enabled":"","_tec_slr_layout":""},"class_list":["post-852","page","type-page","status-publish","has-post-thumbnail","hentry"],"yoast_head":"<!-- This site is optimized with the Yoast SEO plugin v24.9 - https:\/\/yoast.com\/wordpress\/plugins\/seo\/ -->\n<title>Service - SIBO Fluidra<\/title>\n<meta name=\"robots\" content=\"index, follow, max-snippet:-1, max-image-preview:large, max-video-preview:-1\" \/>\n<link rel=\"canonical\" href=\"https:\/\/sibo.nl\/de\/service\/\" \/>\n<meta property=\"og:locale\" content=\"de_DE\" \/>\n<meta property=\"og:type\" content=\"article\" \/>\n<meta property=\"og:title\" content=\"Service - SIBO Fluidra\" \/>\n<meta property=\"og:description\" content=\"Service Auf dieser Seite finden Sie die Formulare, die, wie in den Richtlinien f\u00fcr Reklamationen und Retouren angegeben, f\u00fcr eine korrekte Bearbeitung ausgef\u00fcllt werden m\u00fcssen. Wenn diese Formulare nicht vollst\u00e4ndig [&hellip;]\" \/>\n<meta property=\"og:url\" content=\"https:\/\/sibo.nl\/de\/service\/\" \/>\n<meta property=\"og:site_name\" content=\"SIBO Fluidra\" \/>\n<meta property=\"article:publisher\" content=\"https:\/\/www.facebook.com\/SiboVeghel\/\" \/>\n<meta property=\"article:modified_time\" content=\"2025-08-13T12:49:48+00:00\" \/>\n<meta property=\"og:image\" content=\"https:\/\/sibo.nl\/wp-content\/uploads\/2018\/11\/Doos-met-sticker.jpg\" \/>\n\t<meta property=\"og:image:width\" content=\"4496\" \/>\n\t<meta property=\"og:image:height\" content=\"3000\" \/>\n\t<meta property=\"og:image:type\" content=\"image\/jpeg\" \/>\n<meta name=\"twitter:card\" content=\"summary_large_image\" \/>\n<meta name=\"twitter:site\" content=\"@SIBOBV\" \/>\n<meta name=\"twitter:label1\" content=\"Gesch\u00e4tzte Lesezeit\" \/>\n\t<meta name=\"twitter:data1\" content=\"8\u00a0Minuten\" \/>\n<script type=\"application\/ld+json\" class=\"yoast-schema-graph\">{\"@context\":\"https:\/\/schema.org\",\"@graph\":[{\"@type\":\"WebPage\",\"@id\":\"https:\/\/sibo.nl\/de\/service\/\",\"url\":\"https:\/\/sibo.nl\/de\/service\/\",\"name\":\"Service - SIBO Fluidra\",\"isPartOf\":{\"@id\":\"https:\/\/sibo.nl\/de\/#website\"},\"primaryImageOfPage\":{\"@id\":\"https:\/\/sibo.nl\/de\/service\/#primaryimage\"},\"image\":{\"@id\":\"https:\/\/sibo.nl\/de\/service\/#primaryimage\"},\"thumbnailUrl\":\"https:\/\/sibo.nl\/wp-content\/uploads\/2018\/11\/Doos-met-sticker.jpg\",\"datePublished\":\"2017-05-02T13:57:22+00:00\",\"dateModified\":\"2025-08-13T12:49:48+00:00\",\"breadcrumb\":{\"@id\":\"https:\/\/sibo.nl\/de\/service\/#breadcrumb\"},\"inLanguage\":\"de\",\"potentialAction\":[{\"@type\":\"ReadAction\",\"target\":[\"https:\/\/sibo.nl\/de\/service\/\"]}]},{\"@type\":\"ImageObject\",\"inLanguage\":\"de\",\"@id\":\"https:\/\/sibo.nl\/de\/service\/#primaryimage\",\"url\":\"https:\/\/sibo.nl\/wp-content\/uploads\/2018\/11\/Doos-met-sticker.jpg\",\"contentUrl\":\"https:\/\/sibo.nl\/wp-content\/uploads\/2018\/11\/Doos-met-sticker.jpg\",\"width\":4496,\"height\":3000},{\"@type\":\"BreadcrumbList\",\"@id\":\"https:\/\/sibo.nl\/de\/service\/#breadcrumb\",\"itemListElement\":[{\"@type\":\"ListItem\",\"position\":1,\"name\":\"Home\",\"item\":\"https:\/\/sibo.nl\/de\/\"},{\"@type\":\"ListItem\",\"position\":2,\"name\":\"Service\"}]},{\"@type\":\"WebSite\",\"@id\":\"https:\/\/sibo.nl\/de\/#website\",\"url\":\"https:\/\/sibo.nl\/de\/\",\"name\":\"SIBO Fluidra\",\"description\":\"Professional Water Products\",\"publisher\":{\"@id\":\"https:\/\/sibo.nl\/de\/#organization\"},\"potentialAction\":[{\"@type\":\"SearchAction\",\"target\":{\"@type\":\"EntryPoint\",\"urlTemplate\":\"https:\/\/sibo.nl\/de\/?s={search_term_string}\"},\"query-input\":{\"@type\":\"PropertyValueSpecification\",\"valueRequired\":true,\"valueName\":\"search_term_string\"}}],\"inLanguage\":\"de\"},{\"@type\":\"Organization\",\"@id\":\"https:\/\/sibo.nl\/de\/#organization\",\"name\":\"SIBO Fluidra Netherlands B.V.\",\"url\":\"https:\/\/sibo.nl\/de\/\",\"logo\":{\"@type\":\"ImageObject\",\"inLanguage\":\"de\",\"@id\":\"https:\/\/sibo.nl\/de\/#\/schema\/logo\/image\/\",\"url\":\"https:\/\/sibo.nl\/wp-content\/uploads\/2019\/05\/Sibo_Fluidra-Logo-RGB.png\",\"contentUrl\":\"https:\/\/sibo.nl\/wp-content\/uploads\/2019\/05\/Sibo_Fluidra-Logo-RGB.png\",\"width\":524,\"height\":208,\"caption\":\"SIBO Fluidra Netherlands B.V.\"},\"image\":{\"@id\":\"https:\/\/sibo.nl\/de\/#\/schema\/logo\/image\/\"},\"sameAs\":[\"https:\/\/www.facebook.com\/SiboVeghel\/\",\"https:\/\/x.com\/SIBOBV\",\"https:\/\/nl.linkedin.com\/company\/sibo-bv\",\"https:\/\/www.youtube.com\/channel\/UCIwehKuyVSB5zdsFcjENAhg\"]}]}<\/script>\n<!-- \/ Yoast SEO plugin. -->","yoast_head_json":{"title":"Service - SIBO Fluidra","robots":{"index":"index","follow":"follow","max-snippet":"max-snippet:-1","max-image-preview":"max-image-preview:large","max-video-preview":"max-video-preview:-1"},"canonical":"https:\/\/sibo.nl\/de\/service\/","og_locale":"de_DE","og_type":"article","og_title":"Service - SIBO Fluidra","og_description":"Service Auf dieser Seite finden Sie die Formulare, die, wie in den Richtlinien f\u00fcr Reklamationen und Retouren angegeben, f\u00fcr eine korrekte Bearbeitung ausgef\u00fcllt werden m\u00fcssen. Wenn diese Formulare nicht vollst\u00e4ndig [&hellip;]","og_url":"https:\/\/sibo.nl\/de\/service\/","og_site_name":"SIBO Fluidra","article_publisher":"https:\/\/www.facebook.com\/SiboVeghel\/","article_modified_time":"2025-08-13T12:49:48+00:00","og_image":[{"width":4496,"height":3000,"url":"https:\/\/sibo.nl\/wp-content\/uploads\/2018\/11\/Doos-met-sticker.jpg","type":"image\/jpeg"}],"twitter_card":"summary_large_image","twitter_site":"@SIBOBV","twitter_misc":{"Gesch\u00e4tzte Lesezeit":"8\u00a0Minuten"},"schema":{"@context":"https:\/\/schema.org","@graph":[{"@type":"WebPage","@id":"https:\/\/sibo.nl\/de\/service\/","url":"https:\/\/sibo.nl\/de\/service\/","name":"Service - SIBO Fluidra","isPartOf":{"@id":"https:\/\/sibo.nl\/de\/#website"},"primaryImageOfPage":{"@id":"https:\/\/sibo.nl\/de\/service\/#primaryimage"},"image":{"@id":"https:\/\/sibo.nl\/de\/service\/#primaryimage"},"thumbnailUrl":"https:\/\/sibo.nl\/wp-content\/uploads\/2018\/11\/Doos-met-sticker.jpg","datePublished":"2017-05-02T13:57:22+00:00","dateModified":"2025-08-13T12:49:48+00:00","breadcrumb":{"@id":"https:\/\/sibo.nl\/de\/service\/#breadcrumb"},"inLanguage":"de","potentialAction":[{"@type":"ReadAction","target":["https:\/\/sibo.nl\/de\/service\/"]}]},{"@type":"ImageObject","inLanguage":"de","@id":"https:\/\/sibo.nl\/de\/service\/#primaryimage","url":"https:\/\/sibo.nl\/wp-content\/uploads\/2018\/11\/Doos-met-sticker.jpg","contentUrl":"https:\/\/sibo.nl\/wp-content\/uploads\/2018\/11\/Doos-met-sticker.jpg","width":4496,"height":3000},{"@type":"BreadcrumbList","@id":"https:\/\/sibo.nl\/de\/service\/#breadcrumb","itemListElement":[{"@type":"ListItem","position":1,"name":"Home","item":"https:\/\/sibo.nl\/de\/"},{"@type":"ListItem","position":2,"name":"Service"}]},{"@type":"WebSite","@id":"https:\/\/sibo.nl\/de\/#website","url":"https:\/\/sibo.nl\/de\/","name":"SIBO Fluidra","description":"Professional Water Products","publisher":{"@id":"https:\/\/sibo.nl\/de\/#organization"},"potentialAction":[{"@type":"SearchAction","target":{"@type":"EntryPoint","urlTemplate":"https:\/\/sibo.nl\/de\/?s={search_term_string}"},"query-input":{"@type":"PropertyValueSpecification","valueRequired":true,"valueName":"search_term_string"}}],"inLanguage":"de"},{"@type":"Organization","@id":"https:\/\/sibo.nl\/de\/#organization","name":"SIBO Fluidra Netherlands B.V.","url":"https:\/\/sibo.nl\/de\/","logo":{"@type":"ImageObject","inLanguage":"de","@id":"https:\/\/sibo.nl\/de\/#\/schema\/logo\/image\/","url":"https:\/\/sibo.nl\/wp-content\/uploads\/2019\/05\/Sibo_Fluidra-Logo-RGB.png","contentUrl":"https:\/\/sibo.nl\/wp-content\/uploads\/2019\/05\/Sibo_Fluidra-Logo-RGB.png","width":524,"height":208,"caption":"SIBO Fluidra Netherlands B.V."},"image":{"@id":"https:\/\/sibo.nl\/de\/#\/schema\/logo\/image\/"},"sameAs":["https:\/\/www.facebook.com\/SiboVeghel\/","https:\/\/x.com\/SIBOBV","https:\/\/nl.linkedin.com\/company\/sibo-bv","https:\/\/www.youtube.com\/channel\/UCIwehKuyVSB5zdsFcjENAhg"]}]}},"ticketed":false,"_links":{"self":[{"href":"https:\/\/sibo.nl\/de\/wp-json\/wp\/v2\/pages\/852","targetHints":{"allow":["GET"]}}],"collection":[{"href":"https:\/\/sibo.nl\/de\/wp-json\/wp\/v2\/pages"}],"about":[{"href":"https:\/\/sibo.nl\/de\/wp-json\/wp\/v2\/types\/page"}],"author":[{"embeddable":true,"href":"https:\/\/sibo.nl\/de\/wp-json\/wp\/v2\/users\/7"}],"replies":[{"embeddable":true,"href":"https:\/\/sibo.nl\/de\/wp-json\/wp\/v2\/comments?post=852"}],"version-history":[{"count":1,"href":"https:\/\/sibo.nl\/de\/wp-json\/wp\/v2\/pages\/852\/revisions"}],"predecessor-version":[{"id":28417,"href":"https:\/\/sibo.nl\/de\/wp-json\/wp\/v2\/pages\/852\/revisions\/28417"}],"wp:featuredmedia":[{"embeddable":true,"href":"https:\/\/sibo.nl\/de\/wp-json\/wp\/v2\/media\/4504"}],"wp:attachment":[{"href":"https:\/\/sibo.nl\/de\/wp-json\/wp\/v2\/media?parent=852"}],"curies":[{"name":"wp","href":"https:\/\/api.w.org\/{rel}","templated":true}]}}