{"id":17079,"date":"2022-12-05T12:22:14","date_gmt":"2022-12-05T11:22:14","guid":{"rendered":"https:\/\/sibo.nl\/clause-de-non-responsabilite-et-conditions-dutilisation-du-site-web\/"},"modified":"2026-03-27T14:48:24","modified_gmt":"2026-03-27T13:48:24","slug":"clause-de-non-responsabilite-et-conditions-dutilisation-du-site-web","status":"publish","type":"page","link":"https:\/\/sibo.nl\/fr\/clause-de-non-responsabilite-et-conditions-dutilisation-du-site-web\/","title":{"rendered":"Clause de non-responsabilit\u00e9 et conditions d&rsquo;utilisation du site web"},"content":{"rendered":"<h1>Avis juridique<\/h1>\n<p>Les droits d&rsquo;utilisation et d&rsquo;exploitation du portail web du canal professionnel (ci-apr\u00e8s, le \u00ab\u202fPortail\u202f\u00bb) appartiennent \u00e0 SIBO Fluidra Netherlands, B.V., titulaire du TIN NL810872626 et dont le si\u00e8ge social est situ\u00e9 \u00e0 Doornhoek 3950 5465 TC Veghel (NL) (ci-apr\u00e8s, \u00ab\u202fFLUIDRA\u202f\u00bb).<\/p>\n<p>Vous pouvez nous contacter \u00e0 l&rsquo;adresse suivante : [email g\u00e9n\u00e9rique SIBO].<\/p>\n<h2>1. Objet et champ d&rsquo;application<\/h2>\n<p>Le Portail est destin\u00e9 \u00e0 l&rsquo;enregistrement des clients\/distributeurs de FLUIDRA (ci-apr\u00e8s le \u00ab\u202fProfessionnel\u202f\u00bb), \u00e0 la gestion des achats en ligne effectu\u00e9s par son interm\u00e9diaire et \u00e0 l&rsquo;obtention d&rsquo;informations sur les produits, les activit\u00e9s et\/ou les nouveaut\u00e9s de FLUIDRA.<\/p>\n<p>Plus pr\u00e9cis\u00e9ment, le portail permet au professionnel de :<\/p>\n<ul>\n<li>G\u00e9rer son compte sur le portail ;<\/li>\n<li>Permettre la gestion des achats en ligne ;<\/li>\n<li>Permettre l&rsquo;affichage du catalogue et des prix des produits FLUIDRA ;<\/li>\n<li>Pr\u00e9server et g\u00e9rer le portefeuille de clients finaux de chaque professionnel ;<\/li>\n<li>Envoyer des commandes et de devis ;<\/li>\n<li>G\u00e9rer vos demandes, questions ou requ\u00eates formul\u00e9es par l&rsquo;interm\u00e9diaire des canaux de service \u00e0 la client\u00e8le ;<\/li>\n<li>Suivre l&rsquo;historique des commandes des clients.<\/li>\n<\/ul>\n<p>Ce Portail est destin\u00e9 au Professionnel qui en a demand\u00e9 l&rsquo;acc\u00e8s et dont les donn\u00e9es ont \u00e9t\u00e9 valid\u00e9es par l&rsquo;espace commercial de l&rsquo;entreprise et qui en a re\u00e7u l&rsquo;acc\u00e8s.<\/p>\n<h2>2. Conditions d&rsquo;utilisation<\/h2>\n<p>Les pr\u00e9sentes Conditions d&rsquo;utilisation r\u00e9gissent l&rsquo;acc\u00e8s au portail et son utilisation. L&rsquo;acc\u00e8s \u00e0 ce site implique l&rsquo;acceptation des pr\u00e9sentes Conditions d&rsquo;utilisation sans aucune r\u00e9serve.<\/p>\n<p>Le Professionnel est seul responsable de l&rsquo;utilisation qu&rsquo;il fait du Portail, de tout contenu affich\u00e9 sur ou par l&rsquo;interm\u00e9diaire de celui-ci et de toutes les cons\u00e9quences qui en d\u00e9coulent.<\/p>\n<p>Le Professionnel s&rsquo;engage \u00e0 utiliser ce Portail, ses contenus et ses services dans le respect de la loi, des pr\u00e9sentes Conditions d&rsquo;utilisation, des bonnes pratiques g\u00e9n\u00e9ralement accept\u00e9es et de l&rsquo;ordre public. En outre, l&rsquo;utilisateur s&rsquo;engage \u00e0 ne pas utiliser le Portail, ses contenus et les services qu&rsquo;il fournit \u00e0 des fins illicites ou contraires aux pr\u00e9sentes conditions d&rsquo;utilisation, susceptibles de violer les int\u00e9r\u00eats et les droits de tiers, ou susceptibles d&rsquo;endommager de toute autre mani\u00e8re le portail, ses contenus et ses services, de les rendre inutilisables, inaccessibles, de les alt\u00e9rer ou d&rsquo;en emp\u00eacher l&rsquo;utilisation normale par d&rsquo;autres utilisateurs.<\/p>\n<p>De m\u00eame, l&rsquo;utilisateur s&rsquo;engage express\u00e9ment \u00e0 ne pas d\u00e9truire, rendre inutilisables ou endommager de quelque mani\u00e8re que ce soit les donn\u00e9es, programmes ou documents \u00e9lectroniques qui se trouvent sur le portail, et \u00e0 ne pas entraver l&rsquo;acc\u00e8s d&rsquo;autres utilisateurs par l&rsquo;utilisation massive des ressources informatiques \u00e0 travers lesquelles FLUIDRA fournit les services, ainsi qu&rsquo;\u00e0 ne pas r\u00e9aliser d&rsquo;actions qui endommagent, interrompent ou provoquent des erreurs dans les syst\u00e8mes et services en question.<\/p>\n<p>L&rsquo;utilisateur s&rsquo;engage \u00e9galement \u00e0 ne pas introduire de programmes, de virus, de macros, d&rsquo;applets, de contr\u00f4les ActiveX ou toute autre s\u00e9quence de fichiers ou de caract\u00e8res pouvant causer ou susceptibles de causer une quelconque alt\u00e9ration des syst\u00e8mes informatiques de FLUIDRA ou de tiers.<\/p>\n<p>Les documents et les graphiques affich\u00e9s sur le serveur peuvent contenir des erreurs techniques et typographiques. Des modifications sont parfois apport\u00e9es aux informations disponibles. FLUIDRA et\/ou ses prestataires de services respectifs peuvent \u00e0 tout moment apporter des am\u00e9liorations et\/ou des modifications au programme.<\/p>\n<p>FLUIDRA se r\u00e9serve le droit de d\u00e9sactiver ou de bloquer l&rsquo;acc\u00e8s au Portail \u00e0 tout Professionnel qui enfreindrait les pr\u00e9sentes conditions d&rsquo;utilisation, les droits des tiers ou les lois en vigueur.<\/p>\n<p>FLUIDRA d\u00e9cline toute responsabilit\u00e9 pour les \u00e9ventuelles erreurs de s\u00e9curit\u00e9 qui pourraient survenir ou pour les \u00e9ventuels dommages caus\u00e9s \u00e0 l&rsquo;appareil (mat\u00e9riel ou logiciel) du client\/utilisateur et aux fichiers ou documents qui y sont stock\u00e9s en raison d&rsquo;un virus sur l&rsquo;appareil du client\/utilisateur utilis\u00e9 pour se connecter aux services et contenus du portail, de dysfonctionnements d&rsquo;Internet, de pannes t\u00e9l\u00e9phoniques, d&rsquo;interf\u00e9rences, de coupures ou de d\u00e9connexions dans le mode de fonctionnement du portail pour des raisons ind\u00e9pendantes de la volont\u00e9 de FLUIDRA.<\/p>\n<h2>3. Licence d&rsquo;utilisation du portail<\/h2>\n<p>FLUIDRA est propri\u00e9taire et titulaire de tous les droits sur le portail et, par cons\u00e9quent, accorde au client\/utilisateur une licence d&rsquo;utilisateur final gratuite pour utiliser les contenus et les fonctionnalit\u00e9s disponibles sur le portail conform\u00e9ment aux utilisations pour lesquelles il a \u00e9t\u00e9 con\u00e7u et, en particulier, conform\u00e9ment aux dispositions des pr\u00e9sentes et\/ou des lois en vigueur.<\/p>\n<p>La licence d&rsquo;utilisation du portail est limit\u00e9e au champ d&rsquo;application territorial de l&rsquo;UE, de sorte que m\u00eame si un professionnel peut acc\u00e9der au portail depuis l&rsquo;ext\u00e9rieur de l&rsquo;UE, son utilisation n&rsquo;est autoris\u00e9e que dans l&rsquo;UE.<\/p>\n<h2>4. Propri\u00e9t\u00e9 intellectuelle et industrielle<\/h2>\n<p>Tous les droits de propri\u00e9t\u00e9 intellectuelle et industrielle sur les informations, donn\u00e9es, diagrammes, dessins, logiciels, marques et autres contenus du portail sont la propri\u00e9t\u00e9 de FLUIDRA et\/ou de ses conc\u00e9dants, de sorte que leur utilisation, reproduction, transfert, transformation, distribution ou exploitation de quelque mani\u00e8re que ce soit par le client\/utilisateur est interdite, \u00e0 moins que cette utilisation ne fasse partie du service int\u00e9gr\u00e9 au portail et qu&rsquo;elle ne soit utilis\u00e9e uniquement \u00e0 des fins priv\u00e9es. La violation de ce qui pr\u00e9c\u00e8de peut donner lieu \u00e0 des actions judiciaires ou extrajudiciaires que Fluidra pourrait \u00eatre en droit d&rsquo;exercer.<\/p>\n<p>Fluidra interdit tout acte contraire aux lois en vigueur en ce qui concerne la documentation\/les contenus qui peuvent \u00eatre t\u00e9l\u00e9charg\u00e9s \u00e0 partir du portail et, en particulier, les contenus, c&rsquo;est-\u00e0-dire les catalogues de produits, les listes de prix, entre autres, ne peuvent pas \u00eatre modifi\u00e9s ni faire l&rsquo;objet d&rsquo;une utilisation autre que celle \u00e0 laquelle ils sont destin\u00e9s.<\/p>\n<h2>5. Politique de confidentialit\u00e9<\/h2>\n<p>Si vous souhaitez obtenir de plus amples informations sur le traitement de vos donn\u00e9es, veuillez consulter notre <a href=\"https:\/\/sibo.nl\/fr\/privacy-statement\/\">Politique de confidentialit\u00e9<\/a>.<\/p>\n<h2>6. Utilisation des cookies<\/h2>\n<p>Ce site Web utilise des cookies. Si vous souhaitez en savoir plus sur les cookies, veuillez consulter notre\u202fPolitique en mati\u00e8re de <a href=\"https:\/\/sibo.nl\/fr\/cookie-policy\/\">cookies<\/a>.<\/p>\n<h2>7. Interruptions et modifications<\/h2>\n<p>Les services du portail peuvent \u00eatre interrompus en raison de travaux de maintenance ou de pannes ind\u00e9pendantes de la volont\u00e9 de FLUIDRA, qui seront r\u00e9solus dans un d\u00e9lai raisonnable.<\/p>\n<p>FLUIDRA se r\u00e9serve le droit de modifier les caract\u00e9ristiques, les fonctions et la port\u00e9e des services du portail \u00e0 tout moment et sans pr\u00e9avis, ainsi que de changer toute information contenue dans le pr\u00e9sent document. L&rsquo;utilisateur doit \u00eatre raisonnablement averti de ces modifications.<\/p>\n<h2>8. Comp\u00e9tence et droit applicable<\/h2>\n<p>Le pr\u00e9sent portail est r\u00e9gi et interpr\u00e9t\u00e9 conform\u00e9ment \u00e0 la l\u00e9gislation n\u00e9erlandaise. En cas de d\u00e9saccord ou de litige, les deux parties s&rsquo;en remettent aux cours et tribunaux de la Cour du Brabant-Occidental, si\u00e9geant \u00e0 &lsquo;s-Hertogenbosch.<\/p>\n","protected":false},"excerpt":{"rendered":"<p>Avis juridique Les droits d&rsquo;utilisation et d&rsquo;exploitation du portail web du canal professionnel (ci-apr\u00e8s, le \u00ab\u202fPortail\u202f\u00bb) appartiennent \u00e0 SIBO Fluidra Netherlands, B.V., titulaire du TIN NL810872626 et dont le si\u00e8ge [&hellip;]<\/p>\n","protected":false},"author":7,"featured_media":0,"parent":0,"menu_order":0,"comment_status":"closed","ping_status":"closed","template":"","meta":{"_et_pb_use_builder":"","_et_pb_old_content":"","_et_gb_content_width":"","_price":"","_stock":"","_tribe_ticket_header":"","_tribe_default_ticket_provider":"","_tribe_ticket_capacity":"0","_ticket_start_date":"","_ticket_end_date":"","_tribe_ticket_show_description":"","_tribe_ticket_show_not_going":false,"_tribe_ticket_use_global_stock":"","_tribe_ticket_global_stock_level":"","_global_stock_mode":"","_global_stock_cap":"","_tribe_rsvp_for_event":"","_tribe_ticket_going_count":"","_tribe_ticket_not_going_count":"","_tribe_tickets_list":"[]","_tribe_ticket_has_attendee_info_fields":false,"footnotes":"","_tec_slr_enabled":"","_tec_slr_layout":""},"class_list":["post-17079","page","type-page","status-publish","hentry"],"yoast_head":"<!-- This site is optimized with the Yoast SEO plugin v24.9 - https:\/\/yoast.com\/wordpress\/plugins\/seo\/ -->\n<title>Clause de non-responsabilit\u00e9 et conditions d&#039;utilisation du site web - Fluidra Benelux<\/title>\n<meta name=\"robots\" content=\"index, follow, max-snippet:-1, max-image-preview:large, max-video-preview:-1\" \/>\n<link rel=\"canonical\" href=\"https:\/\/sibo.nl\/fr\/clause-de-non-responsabilite-et-conditions-dutilisation-du-site-web\/\" \/>\n<meta property=\"og:locale\" content=\"fr_FR\" \/>\n<meta property=\"og:type\" content=\"article\" \/>\n<meta property=\"og:title\" content=\"Clause de non-responsabilit\u00e9 et conditions d&#039;utilisation du site web - Fluidra Benelux\" \/>\n<meta property=\"og:description\" content=\"Avis juridique Les droits d&rsquo;utilisation et d&rsquo;exploitation du portail web du canal professionnel (ci-apr\u00e8s, le \u00ab\u202fPortail\u202f\u00bb) appartiennent \u00e0 SIBO Fluidra Netherlands, B.V., titulaire du TIN NL810872626 et dont le si\u00e8ge [&hellip;]\" \/>\n<meta property=\"og:url\" content=\"https:\/\/sibo.nl\/fr\/clause-de-non-responsabilite-et-conditions-dutilisation-du-site-web\/\" \/>\n<meta property=\"og:site_name\" content=\"Fluidra Benelux\" \/>\n<meta property=\"article:publisher\" content=\"https:\/\/www.facebook.com\/SiboVeghel\/\" \/>\n<meta property=\"article:modified_time\" content=\"2026-03-27T13:48:24+00:00\" \/>\n<meta property=\"og:image\" content=\"https:\/\/sibo.nl\/wp-content\/uploads\/2017\/04\/Foto-bedrijfspand-met-lichte-wolken.jpg\" \/>\n\t<meta property=\"og:image:width\" content=\"3673\" \/>\n\t<meta property=\"og:image:height\" content=\"2448\" \/>\n\t<meta property=\"og:image:type\" content=\"image\/jpeg\" \/>\n<meta name=\"twitter:card\" content=\"summary_large_image\" \/>\n<meta name=\"twitter:site\" content=\"@SIBOBV\" \/>\n<meta name=\"twitter:label1\" content=\"Dur\u00e9e de lecture estim\u00e9e\" \/>\n\t<meta name=\"twitter:data1\" content=\"6 minutes\" \/>\n<script type=\"application\/ld+json\" class=\"yoast-schema-graph\">{\"@context\":\"https:\/\/schema.org\",\"@graph\":[{\"@type\":\"WebPage\",\"@id\":\"https:\/\/sibo.nl\/fr\/clause-de-non-responsabilite-et-conditions-dutilisation-du-site-web\/\",\"url\":\"https:\/\/sibo.nl\/fr\/clause-de-non-responsabilite-et-conditions-dutilisation-du-site-web\/\",\"name\":\"Clause de non-responsabilit\u00e9 et conditions d'utilisation du site web - Fluidra Benelux\",\"isPartOf\":{\"@id\":\"https:\/\/sibo.nl\/fr\/#website\"},\"datePublished\":\"2022-12-05T11:22:14+00:00\",\"dateModified\":\"2026-03-27T13:48:24+00:00\",\"breadcrumb\":{\"@id\":\"https:\/\/sibo.nl\/fr\/clause-de-non-responsabilite-et-conditions-dutilisation-du-site-web\/#breadcrumb\"},\"inLanguage\":\"fr-FR\",\"potentialAction\":[{\"@type\":\"ReadAction\",\"target\":[\"https:\/\/sibo.nl\/fr\/clause-de-non-responsabilite-et-conditions-dutilisation-du-site-web\/\"]}]},{\"@type\":\"BreadcrumbList\",\"@id\":\"https:\/\/sibo.nl\/fr\/clause-de-non-responsabilite-et-conditions-dutilisation-du-site-web\/#breadcrumb\",\"itemListElement\":[{\"@type\":\"ListItem\",\"position\":1,\"name\":\"Home\",\"item\":\"https:\/\/sibo.nl\/fr\/\"},{\"@type\":\"ListItem\",\"position\":2,\"name\":\"Clause de non-responsabilit\u00e9 et conditions d&#8217;utilisation du site web\"}]},{\"@type\":\"WebSite\",\"@id\":\"https:\/\/sibo.nl\/fr\/#website\",\"url\":\"https:\/\/sibo.nl\/fr\/\",\"name\":\"SIBO Fluidra\",\"description\":\"Your One-Stop Shop Wholesaler\",\"publisher\":{\"@id\":\"https:\/\/sibo.nl\/fr\/#organization\"},\"potentialAction\":[{\"@type\":\"SearchAction\",\"target\":{\"@type\":\"EntryPoint\",\"urlTemplate\":\"https:\/\/sibo.nl\/fr\/?s={search_term_string}\"},\"query-input\":{\"@type\":\"PropertyValueSpecification\",\"valueRequired\":true,\"valueName\":\"search_term_string\"}}],\"inLanguage\":\"fr-FR\"},{\"@type\":\"Organization\",\"@id\":\"https:\/\/sibo.nl\/fr\/#organization\",\"name\":\"SIBO Fluidra Netherlands B.V.\",\"url\":\"https:\/\/sibo.nl\/fr\/\",\"logo\":{\"@type\":\"ImageObject\",\"inLanguage\":\"fr-FR\",\"@id\":\"https:\/\/sibo.nl\/fr\/#\/schema\/logo\/image\/\",\"url\":\"https:\/\/sibo.nl\/wp-content\/uploads\/2019\/05\/Sibo_Fluidra-Logo-RGB.png\",\"contentUrl\":\"https:\/\/sibo.nl\/wp-content\/uploads\/2019\/05\/Sibo_Fluidra-Logo-RGB.png\",\"width\":524,\"height\":208,\"caption\":\"SIBO Fluidra Netherlands B.V.\"},\"image\":{\"@id\":\"https:\/\/sibo.nl\/fr\/#\/schema\/logo\/image\/\"},\"sameAs\":[\"https:\/\/www.facebook.com\/SiboVeghel\/\",\"https:\/\/x.com\/SIBOBV\",\"https:\/\/nl.linkedin.com\/company\/sibo-bv\",\"https:\/\/www.youtube.com\/channel\/UCIwehKuyVSB5zdsFcjENAhg\"]}]}<\/script>\n<!-- \/ Yoast SEO plugin. -->","yoast_head_json":{"title":"Clause de non-responsabilit\u00e9 et conditions d'utilisation du site web - Fluidra Benelux","robots":{"index":"index","follow":"follow","max-snippet":"max-snippet:-1","max-image-preview":"max-image-preview:large","max-video-preview":"max-video-preview:-1"},"canonical":"https:\/\/sibo.nl\/fr\/clause-de-non-responsabilite-et-conditions-dutilisation-du-site-web\/","og_locale":"fr_FR","og_type":"article","og_title":"Clause de non-responsabilit\u00e9 et conditions d'utilisation du site web - Fluidra Benelux","og_description":"Avis juridique Les droits d&rsquo;utilisation et d&rsquo;exploitation du portail web du canal professionnel (ci-apr\u00e8s, le \u00ab\u202fPortail\u202f\u00bb) appartiennent \u00e0 SIBO Fluidra Netherlands, B.V., titulaire du TIN NL810872626 et dont le si\u00e8ge [&hellip;]","og_url":"https:\/\/sibo.nl\/fr\/clause-de-non-responsabilite-et-conditions-dutilisation-du-site-web\/","og_site_name":"Fluidra Benelux","article_publisher":"https:\/\/www.facebook.com\/SiboVeghel\/","article_modified_time":"2026-03-27T13:48:24+00:00","og_image":[{"width":3673,"height":2448,"url":"https:\/\/sibo.nl\/wp-content\/uploads\/2017\/04\/Foto-bedrijfspand-met-lichte-wolken.jpg","type":"image\/jpeg"}],"twitter_card":"summary_large_image","twitter_site":"@SIBOBV","twitter_misc":{"Dur\u00e9e de lecture estim\u00e9e":"6 minutes"},"schema":{"@context":"https:\/\/schema.org","@graph":[{"@type":"WebPage","@id":"https:\/\/sibo.nl\/fr\/clause-de-non-responsabilite-et-conditions-dutilisation-du-site-web\/","url":"https:\/\/sibo.nl\/fr\/clause-de-non-responsabilite-et-conditions-dutilisation-du-site-web\/","name":"Clause de non-responsabilit\u00e9 et conditions d'utilisation du site web - Fluidra Benelux","isPartOf":{"@id":"https:\/\/sibo.nl\/fr\/#website"},"datePublished":"2022-12-05T11:22:14+00:00","dateModified":"2026-03-27T13:48:24+00:00","breadcrumb":{"@id":"https:\/\/sibo.nl\/fr\/clause-de-non-responsabilite-et-conditions-dutilisation-du-site-web\/#breadcrumb"},"inLanguage":"fr-FR","potentialAction":[{"@type":"ReadAction","target":["https:\/\/sibo.nl\/fr\/clause-de-non-responsabilite-et-conditions-dutilisation-du-site-web\/"]}]},{"@type":"BreadcrumbList","@id":"https:\/\/sibo.nl\/fr\/clause-de-non-responsabilite-et-conditions-dutilisation-du-site-web\/#breadcrumb","itemListElement":[{"@type":"ListItem","position":1,"name":"Home","item":"https:\/\/sibo.nl\/fr\/"},{"@type":"ListItem","position":2,"name":"Clause de non-responsabilit\u00e9 et conditions d&#8217;utilisation du site web"}]},{"@type":"WebSite","@id":"https:\/\/sibo.nl\/fr\/#website","url":"https:\/\/sibo.nl\/fr\/","name":"SIBO Fluidra","description":"Your One-Stop Shop Wholesaler","publisher":{"@id":"https:\/\/sibo.nl\/fr\/#organization"},"potentialAction":[{"@type":"SearchAction","target":{"@type":"EntryPoint","urlTemplate":"https:\/\/sibo.nl\/fr\/?s={search_term_string}"},"query-input":{"@type":"PropertyValueSpecification","valueRequired":true,"valueName":"search_term_string"}}],"inLanguage":"fr-FR"},{"@type":"Organization","@id":"https:\/\/sibo.nl\/fr\/#organization","name":"SIBO Fluidra Netherlands B.V.","url":"https:\/\/sibo.nl\/fr\/","logo":{"@type":"ImageObject","inLanguage":"fr-FR","@id":"https:\/\/sibo.nl\/fr\/#\/schema\/logo\/image\/","url":"https:\/\/sibo.nl\/wp-content\/uploads\/2019\/05\/Sibo_Fluidra-Logo-RGB.png","contentUrl":"https:\/\/sibo.nl\/wp-content\/uploads\/2019\/05\/Sibo_Fluidra-Logo-RGB.png","width":524,"height":208,"caption":"SIBO Fluidra Netherlands B.V."},"image":{"@id":"https:\/\/sibo.nl\/fr\/#\/schema\/logo\/image\/"},"sameAs":["https:\/\/www.facebook.com\/SiboVeghel\/","https:\/\/x.com\/SIBOBV","https:\/\/nl.linkedin.com\/company\/sibo-bv","https:\/\/www.youtube.com\/channel\/UCIwehKuyVSB5zdsFcjENAhg"]}]}},"ticketed":false,"_links":{"self":[{"href":"https:\/\/sibo.nl\/fr\/wp-json\/wp\/v2\/pages\/17079","targetHints":{"allow":["GET"]}}],"collection":[{"href":"https:\/\/sibo.nl\/fr\/wp-json\/wp\/v2\/pages"}],"about":[{"href":"https:\/\/sibo.nl\/fr\/wp-json\/wp\/v2\/types\/page"}],"author":[{"embeddable":true,"href":"https:\/\/sibo.nl\/fr\/wp-json\/wp\/v2\/users\/7"}],"replies":[{"embeddable":true,"href":"https:\/\/sibo.nl\/fr\/wp-json\/wp\/v2\/comments?post=17079"}],"version-history":[{"count":4,"href":"https:\/\/sibo.nl\/fr\/wp-json\/wp\/v2\/pages\/17079\/revisions"}],"predecessor-version":[{"id":31940,"href":"https:\/\/sibo.nl\/fr\/wp-json\/wp\/v2\/pages\/17079\/revisions\/31940"}],"wp:attachment":[{"href":"https:\/\/sibo.nl\/fr\/wp-json\/wp\/v2\/media?parent=17079"}],"curies":[{"name":"wp","href":"https:\/\/api.w.org\/{rel}","templated":true}]}}