{"id":29990,"date":"2018-08-01T16:28:43","date_gmt":"2018-08-01T14:28:43","guid":{"rendered":"https:\/\/sibo.nl\/catalogi-overzicht\/"},"modified":"2026-04-14T13:56:52","modified_gmt":"2026-04-14T11:56:52","slug":"catalogue","status":"publish","type":"page","link":"https:\/\/sibo.nl\/fr\/catalogue\/","title":{"rendered":"Catalogi overzicht"},"content":{"rendered":"<p>[et_pb_section fb_built=\u00a0\u00bb1&Prime; admin_label=\u00a0\u00bbsection\u00a0\u00bb _builder_version=\u00a0\u00bb4.27.4&Prime; custom_padding=\u00a0\u00bb15px||15px||false|false\u00a0\u00bb global_colors_info=\u00a0\u00bb{}\u00a0\u00bb][et_pb_row admin_label=\u00a0\u00bbrow\u00a0\u00bb _builder_version=\u00a0\u00bb4.16&Prime; background_size=\u00a0\u00bbinitial\u00a0\u00bb background_position=\u00a0\u00bbtop_left\u00a0\u00bb background_repeat=\u00a0\u00bbrepeat\u00a0\u00bb global_colors_info=\u00a0\u00bb{}\u00a0\u00bb][et_pb_column type=\u00a0\u00bb4_4&Prime; _builder_version=\u00a0\u00bb4.16&Prime; custom_padding=\u00a0\u00bb|||\u00a0\u00bb global_colors_info=\u00a0\u00bb{}\u00a0\u00bb custom_padding__hover=\u00a0\u00bb|||\u00a0\u00bb][et_pb_text admin_label=\u00a0\u00bbTekst\u00a0\u00bb _builder_version=\u00a0\u00bb4.27.4&Prime; background_size=\u00a0\u00bbinitial\u00a0\u00bb background_position=\u00a0\u00bbtop_left\u00a0\u00bb background_repeat=\u00a0\u00bbrepeat\u00a0\u00bb global_colors_info=\u00a0\u00bb{}\u00a0\u00bb]<\/p>\n<h1>Le dernier catalogue SIBO Fluidra<\/h1>\n<p>Vous trouverez ci-dessous la toute derni\u00e8re \u00e9dition du <strong>catalogue SIBO Fluidra<\/strong>. Cliquez sur l\u2019image ou sur le bouton pour ouvrir le catalogue en ligne dans une nouvelle fen\u00eatre, simple \u00e0 consulter et \u00e0 parcourir.<br \/>Vous souhaitez obtenir davantage d\u2019informations sur nos produits et services, ou pr\u00e9f\u00e9rez recevoir une version imprim\u00e9e ? <a href=\"https:\/\/sibo.nl\/fr\/contact\/\">Contactez-nous directement<\/a> !<\/p>\n<p>[\/et_pb_text][\/et_pb_column][\/et_pb_row][et_pb_row admin_label=\u00a0\u00bbrow\u00a0\u00bb _builder_version=\u00a0\u00bb4.16&Prime; background_size=\u00a0\u00bbinitial\u00a0\u00bb background_position=\u00a0\u00bbtop_left\u00a0\u00bb background_repeat=\u00a0\u00bbrepeat\u00a0\u00bb global_colors_info=\u00a0\u00bb{}\u00a0\u00bb][et_pb_column type=\u00a0\u00bb4_4&Prime; _builder_version=\u00a0\u00bb4.16&Prime; custom_padding=\u00a0\u00bb|||\u00a0\u00bb global_colors_info=\u00a0\u00bb{}\u00a0\u00bb custom_padding__hover=\u00a0\u00bb|||\u00a0\u00bb][et_pb_text admin_label=\u00a0\u00bbTekst\u00a0\u00bb _builder_version=\u00a0\u00bb4.27.4&Prime; background_size=\u00a0\u00bbinitial\u00a0\u00bb background_position=\u00a0\u00bbtop_left\u00a0\u00bb background_repeat=\u00a0\u00bbrepeat\u00a0\u00bb global_colors_info=\u00a0\u00bb{}\u00a0\u00bb]<\/p>\n<h2>D\u00e9couvrez le catalogue complet SIBO Fluidra 2026<\/h2>\n<p>Dans notre catalogue renouvel\u00e9, vous retrouverez notre gamme compl\u00e8te de produits, d\u00e9sormais rassembl\u00e9e dans un seul document clair et pratique. Des solutions pour bassins (de baignade), piscines et syst\u00e8mes d\u2019irrigation jusqu\u2019aux \u00e9quipements techniques les plus avanc\u00e9s : tout ce dont vous avez besoin est \u00e0 port\u00e9e de main.<\/p>\n<p>[\/et_pb_text][\/et_pb_column][\/et_pb_row][\/et_pb_section][et_pb_section fb_built=\u00a0\u00bb1&Prime; _builder_version=\u00a0\u00bb4.27.4&Prime; _module_preset=\u00a0\u00bbdefault\u00a0\u00bb background_color=\u00a0\u00bb#eaf6f7&Prime; custom_padding=\u00a0\u00bb15px||15px||false|false\u00a0\u00bb global_colors_info=\u00a0\u00bb{}\u00a0\u00bb][et_pb_row column_structure=\u00a0\u00bb1_2,1_2&Prime; _builder_version=\u00a0\u00bb4.27.3&Prime; _module_preset=\u00a0\u00bbdefault\u00a0\u00bb global_colors_info=\u00a0\u00bb{}\u00a0\u00bb][et_pb_column type=\u00a0\u00bb1_2&Prime; _builder_version=\u00a0\u00bb4.27.3&Prime; _module_preset=\u00a0\u00bbdefault\u00a0\u00bb global_colors_info=\u00a0\u00bb{}\u00a0\u00bb][et_pb_text _builder_version=\u00a0\u00bb4.27.4&Prime; _module_preset=\u00a0\u00bbdefault\u00a0\u00bb global_colors_info=\u00a0\u00bb{}\u00a0\u00bb]<\/p>\n<h3>Feuilletez le catalogue et d\u00e9couvrez nos cat\u00e9gories :<\/h3>\n<ul>\n<li>Robots de piscine<\/li>\n<li>Construction<\/li>\n<li>\u00c9clairage<\/li>\n<li>Pompes<\/li>\n<li>Filtration<\/li>\n<li>Chauffage<\/li>\n<li>Technique de mesure et de contr\u00f4le \/ Produits chimiques<\/li>\n<li>Traitement de traitement de l&rsquo;eau<\/li>\n<li>Couvertures<\/li>\n<li>Maintenance et accessoires<\/li>\n<li>Mat\u00e9riaux de connexion<\/li>\n<li>Irrigation<\/li>\n<\/ul>\n<p>[\/et_pb_text][et_pb_text _builder_version=\u00a0\u00bb4.27.4&Prime; _module_preset=\u00a0\u00bbdefault\u00a0\u00bb global_colors_info=\u00a0\u00bb{}\u00a0\u00bb]<\/p>\n<p>Pr\u00eat \u00e0 commander ou besoin de plus d\u2019informations ?<\/p>\n<p><a href=\"https:\/\/webshop.sibo.nl\/fr\/customer\/account\/login\/\">Connectez-vous \u00e0 notre boutique en ligne<\/a> pour passer vos commandes rapidement, facilement et en toute s\u00e9curit\u00e9.<\/p>\n<p>[\/et_pb_text][\/et_pb_column][et_pb_column type=\u00a0\u00bb1_2&Prime; _builder_version=\u00a0\u00bb4.27.3&Prime; _module_preset=\u00a0\u00bbdefault\u00a0\u00bb global_colors_info=\u00a0\u00bb{}\u00a0\u00bb][et_pb_image src=\u00a0\u00bbhttps:\/\/sibo.nl\/wp-content\/uploads\/2025\/11\/SIBO-Cat26-FR-Kaft-Voorzijde-1.png\u00a0\u00bb alt=\u00a0\u00bbCatalogue en ligne Belgique\u00a0\u00bb title_text=\u00a0\u00bbSIBO-Cat26-FR-Kaft-Voorzijde\u00a0\u00bb url=\u00a0\u00bbhttps:\/\/sibo.nl\/catalogus\/2026\/fr-be\/\u00a0\u00bb align=\u00a0\u00bbcenter\u00a0\u00bb admin_label=\u00a0\u00bbAfbeelding\u00a0\u00bb _builder_version=\u00a0\u00bb4.27.4&Prime; _module_preset=\u00a0\u00bbdefault\u00a0\u00bb width=\u00a0\u00bb55%\u00a0\u00bb max_width=\u00a0\u00bb55%\u00a0\u00bb border_width_all=\u00a0\u00bb1px\u00a0\u00bb global_colors_info=\u00a0\u00bb{}\u00a0\u00bb][\/et_pb_image][et_pb_button button_url=\u00a0\u00bbhttps:\/\/sibo.nl\/catalogus\/2026\/fr-be\/\u00a0\u00bb url_new_window=\u00a0\u00bbon\u00a0\u00bb button_text=\u00a0\u00bbVoir le catalogue Belgique 2026&Prime; button_alignment=\u00a0\u00bbcenter\u00a0\u00bb _builder_version=\u00a0\u00bb4.27.4&Prime; _module_preset=\u00a0\u00bbdefault\u00a0\u00bb custom_button=\u00a0\u00bbon\u00a0\u00bb button_text_size=\u00a0\u00bb22px\u00a0\u00bb button_text_color=\u00a0\u00bb#ffffff\u00a0\u00bb button_bg_color=\u00a0\u00bb#83bb4d\u00a0\u00bb button_border_radius=\u00a0\u00bb10px\u00a0\u00bb button_font=\u00a0\u00bb|800|||||||\u00a0\u00bb global_colors_info=\u00a0\u00bb{}\u00a0\u00bb][\/et_pb_button][et_pb_button button_url=\u00a0\u00bbhttps:\/\/sibo.nl\/catalogus\/2026\/fr\/\u00a0\u00bb url_new_window=\u00a0\u00bbon\u00a0\u00bb button_text=\u00a0\u00bbVoir le catalogue en ligne France 2026&Prime; button_alignment=\u00a0\u00bbcenter\u00a0\u00bb _builder_version=\u00a0\u00bb4.27.4&Prime; _module_preset=\u00a0\u00bbdefault\u00a0\u00bb custom_button=\u00a0\u00bbon\u00a0\u00bb button_text_size=\u00a0\u00bb22px\u00a0\u00bb button_text_color=\u00a0\u00bb#ffffff\u00a0\u00bb button_bg_color=\u00a0\u00bb#83bb4d\u00a0\u00bb button_border_radius=\u00a0\u00bb10px\u00a0\u00bb button_font=\u00a0\u00bb|800|||||||\u00a0\u00bb global_colors_info=\u00a0\u00bb{}\u00a0\u00bb][\/et_pb_button][\/et_pb_column][\/et_pb_row][\/et_pb_section][et_pb_section fb_built=\u00a0\u00bb1&Prime; theme_builder_area=\u00a0\u00bbpost_content\u00a0\u00bb _builder_version=\u00a0\u00bb4.27.4&Prime; _module_preset=\u00a0\u00bbdefault\u00a0\u00bb][et_pb_row column_structure=\u00a0\u00bb1_2,1_2&Prime; _builder_version=\u00a0\u00bb4.27.3&Prime; _module_preset=\u00a0\u00bbdefault\u00a0\u00bb global_colors_info=\u00a0\u00bb{}\u00a0\u00bb theme_builder_area=\u00a0\u00bbpost_content\u00a0\u00bb][et_pb_column type=\u00a0\u00bb1_2&Prime; _builder_version=\u00a0\u00bb4.27.3&Prime; _module_preset=\u00a0\u00bbdefault\u00a0\u00bb global_colors_info=\u00a0\u00bb{}\u00a0\u00bb theme_builder_area=\u00a0\u00bbpost_content\u00a0\u00bb][et_pb_text _builder_version=\u00a0\u00bb4.27.4&Prime; _module_preset=\u00a0\u00bbdefault\u00a0\u00bb hover_enabled=\u00a0\u00bb0&Prime; global_colors_info=\u00a0\u00bb{}\u00a0\u00bb theme_builder_area=\u00a0\u00bbpost_content\u00a0\u00bb sticky_enabled=\u00a0\u00bb0&Prime;]<\/p>\n<h3>Fluidra Wellness &amp; Extended Range<\/h3>\n<p>D\u00e9couvrez dans le catalogue Fluidra Wellness &amp; Extended Range une gamme soigneusement s\u00e9lectionn\u00e9e pour les projets wellness et sur mesure, avec des solutions notamment dans les cat\u00e9gories suivantes :<\/p>\n<ul>\n<li>Liners<\/li>\n<li>Couvertures<\/li>\n<li>Piscines Laghetto<\/li>\n<li>Spas<\/li>\n<li>Saunas<\/li>\n<li>D\u00e9shumidificateurs<\/li>\n<\/ul>\n<p>[\/et_pb_text][\/et_pb_column][et_pb_column type=\u00a0\u00bb1_2&Prime; _builder_version=\u00a0\u00bb4.27.3&Prime; _module_preset=\u00a0\u00bbdefault\u00a0\u00bb global_colors_info=\u00a0\u00bb{}\u00a0\u00bb theme_builder_area=\u00a0\u00bbpost_content\u00a0\u00bb][et_pb_image src=\u00a0\u00bbhttps:\/\/sibo.nl\/wp-content\/uploads\/2026\/04\/BE-FR_Wellness-Catalogus_Cover_2026.png\u00a0\u00bb alt=\u00a0\u00bbFluidra Wellness &#038; Extended Range 2026 &#8211; FR-BE\u00a0\u00bb title_text=\u00a0\u00bbBE-FR_Wellness-Catalogus_Cover_2026&Prime; url=\u00a0\u00bbhttps:\/\/sibo.nl\/catalogus\/2026\/wellness-extended-range\/fr\/?utm_source=blog&#038;utm_medium=referral&#038;utm_campaign=wellness_extended_range_2026&#038;utm_content=launch_blog\u00a0\u00bb align=\u00a0\u00bbcenter\u00a0\u00bb admin_label=\u00a0\u00bbAfbeelding\u00a0\u00bb _builder_version=\u00a0\u00bb4.27.4&Prime; _module_preset=\u00a0\u00bbdefault\u00a0\u00bb width=\u00a0\u00bb55%\u00a0\u00bb max_width=\u00a0\u00bb55%\u00a0\u00bb hover_enabled=\u00a0\u00bb0&Prime; border_width_all=\u00a0\u00bb1px\u00a0\u00bb global_colors_info=\u00a0\u00bb{}\u00a0\u00bb theme_builder_area=\u00a0\u00bbpost_content\u00a0\u00bb sticky_enabled=\u00a0\u00bb0&Prime;][\/et_pb_image][et_pb_button button_url=\u00a0\u00bbhttps:\/\/sibo.nl\/catalogus\/2026\/wellness-extended-range\/fr\/?utm_source=blog&#038;utm_medium=referral&#038;utm_campaign=wellness_extended_range_2026&#038;utm_content=launch_blog\u00a0\u00bb url_new_window=\u00a0\u00bbon\u00a0\u00bb button_text=\u00a0\u00bbConsulter Wellness &#038; Extended Range\u00a0\u00bb button_alignment=\u00a0\u00bbcenter\u00a0\u00bb _builder_version=\u00a0\u00bb4.27.4&Prime; _module_preset=\u00a0\u00bbdefault\u00a0\u00bb custom_button=\u00a0\u00bbon\u00a0\u00bb button_text_size=\u00a0\u00bb22px\u00a0\u00bb button_text_color=\u00a0\u00bb#ffffff\u00a0\u00bb button_bg_color=\u00a0\u00bb#83bb4d\u00a0\u00bb button_border_radius=\u00a0\u00bb10px\u00a0\u00bb button_font=\u00a0\u00bb|800|||||||\u00a0\u00bb hover_enabled=\u00a0\u00bb0&Prime; global_colors_info=\u00a0\u00bb{}\u00a0\u00bb theme_builder_area=\u00a0\u00bbpost_content\u00a0\u00bb sticky_enabled=\u00a0\u00bb0&Prime;][\/et_pb_button][\/et_pb_column][\/et_pb_row][\/et_pb_section][et_pb_section fb_built=\u00a0\u00bb1&Prime; admin_label=\u00a0\u00bbSectie\u00a0\u00bb _builder_version=\u00a0\u00bb4.27.4&Prime; _module_preset=\u00a0\u00bbdefault\u00a0\u00bb custom_padding=\u00a0\u00bb15px||15px||false|false\u00a0\u00bb global_colors_info=\u00a0\u00bb{}\u00a0\u00bb][et_pb_row _builder_version=\u00a0\u00bb4.27.4&Prime; _module_preset=\u00a0\u00bbdefault\u00a0\u00bb global_colors_info=\u00a0\u00bb{}\u00a0\u00bb][et_pb_column type=\u00a0\u00bb4_4&Prime; _builder_version=\u00a0\u00bb4.27.4&Prime; _module_preset=\u00a0\u00bbdefault\u00a0\u00bb global_colors_info=\u00a0\u00bb{}\u00a0\u00bb][et_pb_text _builder_version=\u00a0\u00bb4.27.4&Prime; _module_preset=\u00a0\u00bbdefault\u00a0\u00bb global_colors_info=\u00a0\u00bb{}\u00a0\u00bb]<\/p>\n<h3>Vous n\u2019\u00eates pas encore client ?<\/h3>\n<p><a href=\"https:\/\/sibo.nl\/fr\/contact\/\">Soumettez votre demande commerciale ici<\/a> et d\u00e9couvrez les avantages de notre collaboration : expertise technique, prix comp\u00e9titifs et livraison rapide.<\/p>\n<p>[\/et_pb_text][et_pb_text _builder_version=\u00a0\u00bb4.27.4&Prime; _module_preset=\u00a0\u00bbdefault\u00a0\u00bb global_colors_info=\u00a0\u00bb{}\u00a0\u00bb]<\/p>\n<h4>Des questions ou des suggestions ?<\/h4>\n<p>Vous souhaitez obtenir plus d\u2019informations sur nos produits et services, ou recevoir un catalogue imprim\u00e9 ?<br \/><a href=\"https:\/\/sibo.nl\/fr\/contact\/\">Contactez notre \u00e9quipe<\/a>. nous serons ravis de vous aider.<\/p>\n<p>[\/et_pb_text][\/et_pb_column][\/et_pb_row][\/et_pb_section]<\/p>\n","protected":false},"excerpt":{"rendered":"<p>Le dernier catalogue SIBO Fluidra Vous trouverez ci-dessous la toute derni\u00e8re \u00e9dition du catalogue SIBO Fluidra. Cliquez sur l\u2019image ou sur le bouton pour ouvrir le catalogue en ligne dans [&hellip;]<\/p>\n","protected":false},"author":7,"featured_media":5161,"parent":0,"menu_order":0,"comment_status":"closed","ping_status":"closed","template":"","meta":{"_et_pb_use_builder":"on","_et_pb_old_content":"","_et_gb_content_width":"","_price":"","_stock":"","_tribe_ticket_header":"","_tribe_default_ticket_provider":"","_tribe_ticket_capacity":"0","_ticket_start_date":"","_ticket_end_date":"","_tribe_ticket_show_description":"","_tribe_ticket_show_not_going":false,"_tribe_ticket_use_global_stock":"","_tribe_ticket_global_stock_level":"","_global_stock_mode":"","_global_stock_cap":"","_tribe_rsvp_for_event":"","_tribe_ticket_going_count":"","_tribe_ticket_not_going_count":"","_tribe_tickets_list":"[]","_tribe_ticket_has_attendee_info_fields":false,"footnotes":"","_tec_slr_enabled":"","_tec_slr_layout":""},"class_list":["post-29990","page","type-page","status-publish","has-post-thumbnail","hentry"],"yoast_head":"<!-- This site is optimized with the Yoast SEO plugin v24.9 - https:\/\/yoast.com\/wordpress\/plugins\/seo\/ -->\n<title>Catalogues SIBO Fluidra \u2013 Piscines, Bassins &amp; Irrigation<\/title>\n<meta name=\"description\" content=\"Consultez le catalogue SIBO Fluidra : solutions pour piscines, bassins, irrigation et traitement de l\u2019eau. Lecture simple et accessible en ligne.\" \/>\n<meta name=\"robots\" content=\"index, follow, max-snippet:-1, max-image-preview:large, max-video-preview:-1\" \/>\n<link rel=\"canonical\" href=\"https:\/\/sibo.nl\/fr\/catalogue\/\" \/>\n<meta property=\"og:locale\" content=\"fr_FR\" \/>\n<meta property=\"og:type\" content=\"article\" \/>\n<meta property=\"og:title\" content=\"Catalogues SIBO Fluidra \u2013 Piscines, Bassins &amp; Irrigation\" \/>\n<meta property=\"og:description\" content=\"Consultez le catalogue SIBO Fluidra : solutions pour piscines, bassins, irrigation et traitement de l\u2019eau. Lecture simple et accessible en ligne.\" \/>\n<meta property=\"og:url\" content=\"https:\/\/sibo.nl\/fr\/catalogue\/\" \/>\n<meta property=\"og:site_name\" content=\"Fluidra Benelux\" \/>\n<meta property=\"article:publisher\" content=\"https:\/\/www.facebook.com\/SiboVeghel\/\" \/>\n<meta property=\"article:modified_time\" content=\"2026-04-14T11:56:52+00:00\" \/>\n<meta property=\"og:image\" content=\"https:\/\/sibo.nl\/wp-content\/uploads\/2019\/05\/Sibo_Fluidra-Logo-RGB.png\" \/>\n\t<meta property=\"og:image:width\" content=\"524\" \/>\n\t<meta property=\"og:image:height\" content=\"208\" \/>\n\t<meta property=\"og:image:type\" content=\"image\/png\" \/>\n<meta name=\"twitter:card\" content=\"summary_large_image\" \/>\n<meta name=\"twitter:site\" content=\"@SIBOBV\" \/>\n<meta name=\"twitter:label1\" content=\"Dur\u00e9e de lecture estim\u00e9e\" \/>\n\t<meta name=\"twitter:data1\" content=\"2 minutes\" \/>\n<script type=\"application\/ld+json\" class=\"yoast-schema-graph\">{\"@context\":\"https:\/\/schema.org\",\"@graph\":[{\"@type\":\"WebPage\",\"@id\":\"https:\/\/sibo.nl\/fr\/catalogue\/\",\"url\":\"https:\/\/sibo.nl\/fr\/catalogue\/\",\"name\":\"Catalogues SIBO Fluidra \u2013 Piscines, Bassins & Irrigation\",\"isPartOf\":{\"@id\":\"https:\/\/sibo.nl\/fr\/#website\"},\"primaryImageOfPage\":{\"@id\":\"https:\/\/sibo.nl\/fr\/catalogue\/#primaryimage\"},\"image\":{\"@id\":\"https:\/\/sibo.nl\/fr\/catalogue\/#primaryimage\"},\"thumbnailUrl\":\"https:\/\/sibo.nl\/wp-content\/uploads\/2019\/05\/Sibo_Fluidra-Logo-RGB.png\",\"datePublished\":\"2018-08-01T14:28:43+00:00\",\"dateModified\":\"2026-04-14T11:56:52+00:00\",\"description\":\"Consultez le catalogue SIBO Fluidra : solutions pour piscines, bassins, irrigation et traitement de l\u2019eau. Lecture simple et accessible en ligne.\",\"breadcrumb\":{\"@id\":\"https:\/\/sibo.nl\/fr\/catalogue\/#breadcrumb\"},\"inLanguage\":\"fr-FR\",\"potentialAction\":[{\"@type\":\"ReadAction\",\"target\":[\"https:\/\/sibo.nl\/fr\/catalogue\/\"]}]},{\"@type\":\"ImageObject\",\"inLanguage\":\"fr-FR\",\"@id\":\"https:\/\/sibo.nl\/fr\/catalogue\/#primaryimage\",\"url\":\"https:\/\/sibo.nl\/wp-content\/uploads\/2019\/05\/Sibo_Fluidra-Logo-RGB.png\",\"contentUrl\":\"https:\/\/sibo.nl\/wp-content\/uploads\/2019\/05\/Sibo_Fluidra-Logo-RGB.png\",\"width\":524,\"height\":208},{\"@type\":\"BreadcrumbList\",\"@id\":\"https:\/\/sibo.nl\/fr\/catalogue\/#breadcrumb\",\"itemListElement\":[{\"@type\":\"ListItem\",\"position\":1,\"name\":\"Home\",\"item\":\"https:\/\/sibo.nl\/fr\/\"},{\"@type\":\"ListItem\",\"position\":2,\"name\":\"Catalogi overzicht\"}]},{\"@type\":\"WebSite\",\"@id\":\"https:\/\/sibo.nl\/fr\/#website\",\"url\":\"https:\/\/sibo.nl\/fr\/\",\"name\":\"SIBO Fluidra\",\"description\":\"Your One-Stop Shop Wholesaler\",\"publisher\":{\"@id\":\"https:\/\/sibo.nl\/fr\/#organization\"},\"potentialAction\":[{\"@type\":\"SearchAction\",\"target\":{\"@type\":\"EntryPoint\",\"urlTemplate\":\"https:\/\/sibo.nl\/fr\/?s={search_term_string}\"},\"query-input\":{\"@type\":\"PropertyValueSpecification\",\"valueRequired\":true,\"valueName\":\"search_term_string\"}}],\"inLanguage\":\"fr-FR\"},{\"@type\":\"Organization\",\"@id\":\"https:\/\/sibo.nl\/fr\/#organization\",\"name\":\"SIBO Fluidra Netherlands B.V.\",\"url\":\"https:\/\/sibo.nl\/fr\/\",\"logo\":{\"@type\":\"ImageObject\",\"inLanguage\":\"fr-FR\",\"@id\":\"https:\/\/sibo.nl\/fr\/#\/schema\/logo\/image\/\",\"url\":\"https:\/\/sibo.nl\/wp-content\/uploads\/2019\/05\/Sibo_Fluidra-Logo-RGB.png\",\"contentUrl\":\"https:\/\/sibo.nl\/wp-content\/uploads\/2019\/05\/Sibo_Fluidra-Logo-RGB.png\",\"width\":524,\"height\":208,\"caption\":\"SIBO Fluidra Netherlands B.V.\"},\"image\":{\"@id\":\"https:\/\/sibo.nl\/fr\/#\/schema\/logo\/image\/\"},\"sameAs\":[\"https:\/\/www.facebook.com\/SiboVeghel\/\",\"https:\/\/x.com\/SIBOBV\",\"https:\/\/nl.linkedin.com\/company\/sibo-bv\",\"https:\/\/www.youtube.com\/channel\/UCIwehKuyVSB5zdsFcjENAhg\"]}]}<\/script>\n<!-- \/ Yoast SEO plugin. -->","yoast_head_json":{"title":"Catalogues SIBO Fluidra \u2013 Piscines, Bassins & Irrigation","description":"Consultez le catalogue SIBO Fluidra : solutions pour piscines, bassins, irrigation et traitement de l\u2019eau. Lecture simple et accessible en ligne.","robots":{"index":"index","follow":"follow","max-snippet":"max-snippet:-1","max-image-preview":"max-image-preview:large","max-video-preview":"max-video-preview:-1"},"canonical":"https:\/\/sibo.nl\/fr\/catalogue\/","og_locale":"fr_FR","og_type":"article","og_title":"Catalogues SIBO Fluidra \u2013 Piscines, Bassins & Irrigation","og_description":"Consultez le catalogue SIBO Fluidra : solutions pour piscines, bassins, irrigation et traitement de l\u2019eau. Lecture simple et accessible en ligne.","og_url":"https:\/\/sibo.nl\/fr\/catalogue\/","og_site_name":"Fluidra Benelux","article_publisher":"https:\/\/www.facebook.com\/SiboVeghel\/","article_modified_time":"2026-04-14T11:56:52+00:00","og_image":[{"width":524,"height":208,"url":"https:\/\/sibo.nl\/wp-content\/uploads\/2019\/05\/Sibo_Fluidra-Logo-RGB.png","type":"image\/png"}],"twitter_card":"summary_large_image","twitter_site":"@SIBOBV","twitter_misc":{"Dur\u00e9e de lecture estim\u00e9e":"2 minutes"},"schema":{"@context":"https:\/\/schema.org","@graph":[{"@type":"WebPage","@id":"https:\/\/sibo.nl\/fr\/catalogue\/","url":"https:\/\/sibo.nl\/fr\/catalogue\/","name":"Catalogues SIBO Fluidra \u2013 Piscines, Bassins & Irrigation","isPartOf":{"@id":"https:\/\/sibo.nl\/fr\/#website"},"primaryImageOfPage":{"@id":"https:\/\/sibo.nl\/fr\/catalogue\/#primaryimage"},"image":{"@id":"https:\/\/sibo.nl\/fr\/catalogue\/#primaryimage"},"thumbnailUrl":"https:\/\/sibo.nl\/wp-content\/uploads\/2019\/05\/Sibo_Fluidra-Logo-RGB.png","datePublished":"2018-08-01T14:28:43+00:00","dateModified":"2026-04-14T11:56:52+00:00","description":"Consultez le catalogue SIBO Fluidra : solutions pour piscines, bassins, irrigation et traitement de l\u2019eau. Lecture simple et accessible en ligne.","breadcrumb":{"@id":"https:\/\/sibo.nl\/fr\/catalogue\/#breadcrumb"},"inLanguage":"fr-FR","potentialAction":[{"@type":"ReadAction","target":["https:\/\/sibo.nl\/fr\/catalogue\/"]}]},{"@type":"ImageObject","inLanguage":"fr-FR","@id":"https:\/\/sibo.nl\/fr\/catalogue\/#primaryimage","url":"https:\/\/sibo.nl\/wp-content\/uploads\/2019\/05\/Sibo_Fluidra-Logo-RGB.png","contentUrl":"https:\/\/sibo.nl\/wp-content\/uploads\/2019\/05\/Sibo_Fluidra-Logo-RGB.png","width":524,"height":208},{"@type":"BreadcrumbList","@id":"https:\/\/sibo.nl\/fr\/catalogue\/#breadcrumb","itemListElement":[{"@type":"ListItem","position":1,"name":"Home","item":"https:\/\/sibo.nl\/fr\/"},{"@type":"ListItem","position":2,"name":"Catalogi overzicht"}]},{"@type":"WebSite","@id":"https:\/\/sibo.nl\/fr\/#website","url":"https:\/\/sibo.nl\/fr\/","name":"SIBO Fluidra","description":"Your One-Stop Shop Wholesaler","publisher":{"@id":"https:\/\/sibo.nl\/fr\/#organization"},"potentialAction":[{"@type":"SearchAction","target":{"@type":"EntryPoint","urlTemplate":"https:\/\/sibo.nl\/fr\/?s={search_term_string}"},"query-input":{"@type":"PropertyValueSpecification","valueRequired":true,"valueName":"search_term_string"}}],"inLanguage":"fr-FR"},{"@type":"Organization","@id":"https:\/\/sibo.nl\/fr\/#organization","name":"SIBO Fluidra Netherlands B.V.","url":"https:\/\/sibo.nl\/fr\/","logo":{"@type":"ImageObject","inLanguage":"fr-FR","@id":"https:\/\/sibo.nl\/fr\/#\/schema\/logo\/image\/","url":"https:\/\/sibo.nl\/wp-content\/uploads\/2019\/05\/Sibo_Fluidra-Logo-RGB.png","contentUrl":"https:\/\/sibo.nl\/wp-content\/uploads\/2019\/05\/Sibo_Fluidra-Logo-RGB.png","width":524,"height":208,"caption":"SIBO Fluidra Netherlands B.V."},"image":{"@id":"https:\/\/sibo.nl\/fr\/#\/schema\/logo\/image\/"},"sameAs":["https:\/\/www.facebook.com\/SiboVeghel\/","https:\/\/x.com\/SIBOBV","https:\/\/nl.linkedin.com\/company\/sibo-bv","https:\/\/www.youtube.com\/channel\/UCIwehKuyVSB5zdsFcjENAhg"]}]}},"ticketed":false,"_links":{"self":[{"href":"https:\/\/sibo.nl\/fr\/wp-json\/wp\/v2\/pages\/29990","targetHints":{"allow":["GET"]}}],"collection":[{"href":"https:\/\/sibo.nl\/fr\/wp-json\/wp\/v2\/pages"}],"about":[{"href":"https:\/\/sibo.nl\/fr\/wp-json\/wp\/v2\/types\/page"}],"author":[{"embeddable":true,"href":"https:\/\/sibo.nl\/fr\/wp-json\/wp\/v2\/users\/7"}],"replies":[{"embeddable":true,"href":"https:\/\/sibo.nl\/fr\/wp-json\/wp\/v2\/comments?post=29990"}],"version-history":[{"count":10,"href":"https:\/\/sibo.nl\/fr\/wp-json\/wp\/v2\/pages\/29990\/revisions"}],"predecessor-version":[{"id":32050,"href":"https:\/\/sibo.nl\/fr\/wp-json\/wp\/v2\/pages\/29990\/revisions\/32050"}],"wp:featuredmedia":[{"embeddable":true,"href":"https:\/\/sibo.nl\/fr\/wp-json\/wp\/v2\/media\/5161"}],"wp:attachment":[{"href":"https:\/\/sibo.nl\/fr\/wp-json\/wp\/v2\/media?parent=29990"}],"curies":[{"name":"wp","href":"https:\/\/api.w.org\/{rel}","templated":true}]}}