{"id":31313,"date":"2024-07-10T10:23:56","date_gmt":"2024-07-10T08:23:56","guid":{"rendered":"https:\/\/sibo.nl\/cookie-policy\/"},"modified":"2026-02-12T13:47:48","modified_gmt":"2026-02-12T12:47:48","slug":"cookie-policy","status":"publish","type":"page","link":"https:\/\/sibo.nl\/fr\/cookie-policy\/","title":{"rendered":"Cookie policy"},"content":{"rendered":"<h1>SIBO.NL &#8211; POLITIQUE RELATIVE AU COOKIES<\/h1>\n<h2>1. Qu\u2019est-ce qu\u2019un cookie ?<\/h2>\n<p>Les cookies ou dispositifs de stockage et de r\u00e9cup\u00e9ration des donn\u00e9es sont des fichiers envoy\u00e9s par un site Internet aux navigateurs des utilisateurs et sont automatiquement stock\u00e9s sur leurs appareils afin que le site Internet soit en mesure de v\u00e9rifier les habitudes de navigation ant\u00e9rieures des utilisateurs et de les \u00ab reconna\u00eetre \u00bb.<\/p>\n<p>Les cookies peuvent m\u00e9moriser d\u2019autres types d\u2019informations \u00e0 caract\u00e8re personnel, tel que le mot de passe d\u2019un utilisateur afin qu\u2019il n\u2019ait pas \u00e0 l\u2019entrer chaque fois qu\u2019un site est consult\u00e9, ou les pr\u00e9f\u00e9rences de l\u2019utilisateur en ce qui concerne la configuration d\u2019un site (langue, r\u00e9solution d\u2019\u00e9cran, entre autres).<\/p>\n<p>Les cookies sont essentiels au bon fonctionnement d\u2019Internet, et pr\u00e9sentent de nombreux avantages pour la fourniture de services interactifs car ils facilitent la navigation et l\u2019utilisation du site. Les cookies ne peuvent pas endommager vos appareils et, tant qu\u2019ils sont activ\u00e9s, ils aident \u00e0 identifier et \u00e0 r\u00e9soudre les erreurs.<\/p>\n<p>En bref, un cookie est simplement un ensemble de donn\u00e9es sur les habitudes de navigation qui est stock\u00e9 sur l\u2019appareil d\u2019un utilisateur et que les sites Internet d\u00e9tectent et reconnaissent afin qu\u2019ils soient en mesure de \u00ab se rappeler \u00bb les habitudes de navigation de cet utilisateur.<\/p>\n<p>Veuillez noter que tous les cookies n\u2019impliquent pas un traitement des donn\u00e9es \u00e0 caract\u00e8re personnel et, dans le cas d\u2019un traitement de ces donn\u00e9es, nous effectuerons ce traitement conform\u00e9ment \u00e0 notre <a href=\"https:\/\/sibo.nl\/fr\/privacy-statement\/\">Politique de confidentialit\u00e9<\/a>.<\/p>\n<p>Vous trouverez ci-dessous plus d\u2019informations sur les cookies utilis\u00e9s sur le site Internet.<\/p>\n<p>Ce site utilise ses propres cookies ainsi que des cookies tiers, dans le but d\u2019am\u00e9liorer l\u2019exp\u00e9rience de navigation de ses utilisateurs.<\/p>\n<p>Les applications suivantes sont utilis\u00e9es pour obtenir ces informations.<\/p>\n<h2>D\u00e9claration relative aux cookies<\/h2>\n<p><script id=\"CookieDeclaration\" data-culture=\"fr\" src=\"https:\/\/consent.cookiebot.com\/611f608d-fb3e-4f0b-82f4-ab2b17201bd3\/cd.js?lang=fr\" type=\"text\/javascript\" async>\n<\/script><\/p>\n<h2>Param\u00e8tres des cookies<\/h2>\n<p>Vous pouvez configurer les cookies via la Plateforme de gestion du consentement des cookies dans cette Politique, par l\u2019interm\u00e9diaire de votre navigateur et \u00e9galement sur les sites Internet des tiers qui installent des cookies sur votre appareil.<\/p>\n<h3>D\u00e9sactiver les Cookies via la plateforme de configuration des cookies.<\/h3>\n<p>Vous pouvez donner ou r\u00e9voquer votre consentement concernant le type de cookies utilis\u00e9s, via la Plateforme de gestion des consentements des cookies.<\/p>\n<h3>D\u00e9sactiver les cookies gr\u00e2ce \u00e0 votre navigateur Internet<\/h3>\n<p>Tous les navigateurs Internet permettent aux utilisateurs de restreindre le comportement d\u2019un cookie ou m\u00eame de d\u00e9sactiver les cookies en modifiant les param\u00e8tres ou les options du navigateur. Les \u00e9tapes \u00e0 suivre sont diff\u00e9rentes selon le navigateur. Des instructions sp\u00e9cifiques se trouvent dans le menu d\u2019aide de votre navigateur.<\/p>\n<p>Selon le navigateur utilis\u00e9, l\u2019utilisateur peut activer l\u2019une des options suivantes pour limiter la port\u00e9e des cookies install\u00e9s ou la mani\u00e8re dont ils sont ex\u00e9cut\u00e9s :<\/p>\n<p>&#8211; L\u2019option de navigation priv\u00e9e afin que l\u2019historique du navigateur, les mots de passe des sites Internet, les cookies et autres informations sur les sites visit\u00e9s ne soient pas stock\u00e9s.<br \/>\n&#8211; La fonction \u00ab ne pas suivre \u00bb, selon laquelle le navigateur demande que les sites Internet consult\u00e9s ne suivent pas vos habitudes de navigation, par exemple pour afficher des publicit\u00e9s susceptibles de vous int\u00e9resser sur les sites que vous visitez.<\/p>\n<table width=\"605\">\n<tbody>\n<tr>\n<td width=\"217\"><strong>Navigateur<\/strong><\/td>\n<td width=\"387\"><strong>Lien<\/strong><\/td>\n<\/tr>\n<tr>\n<td width=\"217\">Microsoft Internet Explorer<\/td>\n<td width=\"387\"><a href=\"https:\/\/support.microsoft.com\/en-us\/windows\/delete-and-manage-cookies-168dab11-0753-043d-7c16-ede5947fc64d\">https:\/\/support.microsoft.com\/en-us\/windows\/delete-and-manage-cookies-168dab11-0753-043d-7c16-ede5947fc64d<\/a><\/td>\n<\/tr>\n<tr>\n<td width=\"217\">Apple Safari<\/td>\n<td width=\"387\"><a href=\"https:\/\/support.apple.com\/en-ca\/guide\/safari\/sfri11471\/mac\">https:\/\/support.apple.com\/en-ca\/guide\/safari\/sfri11471\/mac<\/a><\/td>\n<\/tr>\n<tr>\n<td width=\"217\">Google Chrome<\/td>\n<td width=\"387\"><a href=\"https:\/\/support.google.com\/chrome\/answer\/95647?hl=en&amp;sjid=12736258041371457154-EU\">https:\/\/support.google.com\/chrome\/answer\/95647?hl=en&amp;sjid=12736258041371457154-EU<\/a><\/td>\n<\/tr>\n<tr>\n<td width=\"217\">Mozilla Firefox<\/td>\n<td width=\"387\"><a href=\"https:\/\/support.mozilla.org\/en-US\/kb\/websites-say-cookies-are-blocked-unblock-them#w_check-cookie-settings\">https:\/\/support.mozilla.org\/en-US\/kb\/websites-say-cookies-are-blocked-unblock-them#w_check-cookie-settings<\/a><\/td>\n<\/tr>\n<\/tbody>\n<\/table>\n<p>Veuillez noter que si vous d\u00e9sactivez les cookies ci-dessus, nous ne pourrons pas savoir ce que vous aimez ou d\u00e9testez sur nos pages et il nous sera difficile d\u2019am\u00e9liorer votre exp\u00e9rience utilisateur sur ce site.<\/p>\n<h2>Transferts internationaux de donn\u00e9es<\/h2>\n<p>Veuillez noter que l\u2019utilisation de cookies, en fonction de vos param\u00e8tres, peut impliquer un transfert de donn\u00e9es hors de l\u2019Espace \u00e9conomique europ\u00e9en, vers les \u00c9tats-Unis, conform\u00e9ment \u00e0 l\u2019article 45 du R\u00e8glement europ\u00e9en sur la protection des donn\u00e9es. Ce pays tiers a pris une d\u00e9cision d\u2019ad\u00e9quation et les tierces parties concern\u00e9es sont certifi\u00e9es par le nouveau cadre de protection de la vie priv\u00e9e. Pour plus d&rsquo;informations, veuillez consulter le lien suivant : <a href=\"https:\/\/commission.europa.eu\/document\/fa09cbad-dd7d-4684-ae60-be03fcb0fddf_en\">https:\/\/commission.europa.eu\/document\/fa09cbad-dd7d-4684-ae60-be03fcb0fddf_en<\/a><\/p>\n<h2>Informations compl\u00e9mentaires et exercice de vos droits<\/h2>\n<p>Sans pr\u00e9judice des possibilit\u00e9s offertes en ce qui concerne le param\u00e9trage des cookies, ainsi que des diff\u00e9rents m\u00e9canismes de gestion de ces cookies disponibles dans la pr\u00e9sente Politique, si vous avez des questions concernant le traitement de vos donn\u00e9es \u00e0 caract\u00e8re personnel ou si vous souhaitez exercer vos droits, veuillez consulter notre <a href=\"https:\/\/sibo.nl\/fr\/privacy-statement\/\">Politique de confidentialit\u00e9<\/a> pour plus d\u2019informations.<\/p>\n","protected":false},"excerpt":{"rendered":"<p>SIBO.NL &#8211; POLITIQUE RELATIVE AU COOKIES 1. Qu\u2019est-ce qu\u2019un cookie ? Les cookies ou dispositifs de stockage et de r\u00e9cup\u00e9ration des donn\u00e9es sont des fichiers envoy\u00e9s par un site Internet [&hellip;]<\/p>\n","protected":false},"author":4,"featured_media":0,"parent":0,"menu_order":0,"comment_status":"closed","ping_status":"closed","template":"","meta":{"_et_pb_use_builder":"","_et_pb_old_content":"","_et_gb_content_width":"","_price":"","_stock":"","_tribe_ticket_header":"","_tribe_default_ticket_provider":"","_tribe_ticket_capacity":"0","_ticket_start_date":"","_ticket_end_date":"","_tribe_ticket_show_description":"","_tribe_ticket_show_not_going":false,"_tribe_ticket_use_global_stock":"","_tribe_ticket_global_stock_level":"","_global_stock_mode":"","_global_stock_cap":"","_tribe_rsvp_for_event":"","_tribe_ticket_going_count":"","_tribe_ticket_not_going_count":"","_tribe_tickets_list":"[]","_tribe_ticket_has_attendee_info_fields":false,"footnotes":"","_tec_slr_enabled":"","_tec_slr_layout":""},"class_list":["post-31313","page","type-page","status-publish","hentry"],"yoast_head":"<!-- This site is optimized with the Yoast SEO plugin v24.9 - https:\/\/yoast.com\/wordpress\/plugins\/seo\/ -->\n<title>Cookie policy - Fluidra Benelux<\/title>\n<meta name=\"robots\" content=\"index, follow, max-snippet:-1, max-image-preview:large, max-video-preview:-1\" \/>\n<link rel=\"canonical\" href=\"https:\/\/sibo.nl\/fr\/cookie-policy\/\" \/>\n<meta property=\"og:locale\" content=\"fr_FR\" \/>\n<meta property=\"og:type\" content=\"article\" \/>\n<meta property=\"og:title\" content=\"Cookie policy - Fluidra Benelux\" \/>\n<meta property=\"og:description\" content=\"SIBO.NL &#8211; POLITIQUE RELATIVE AU COOKIES 1. Qu\u2019est-ce qu\u2019un cookie ? Les cookies ou dispositifs de stockage et de r\u00e9cup\u00e9ration des donn\u00e9es sont des fichiers envoy\u00e9s par un site Internet [&hellip;]\" \/>\n<meta property=\"og:url\" content=\"https:\/\/sibo.nl\/fr\/cookie-policy\/\" \/>\n<meta property=\"og:site_name\" content=\"Fluidra Benelux\" \/>\n<meta property=\"article:publisher\" content=\"https:\/\/www.facebook.com\/SiboVeghel\/\" \/>\n<meta property=\"article:modified_time\" content=\"2026-02-12T12:47:48+00:00\" \/>\n<meta property=\"og:image\" content=\"https:\/\/sibo.nl\/wp-content\/uploads\/2017\/04\/Foto-bedrijfspand-met-lichte-wolken.jpg\" \/>\n\t<meta property=\"og:image:width\" content=\"3673\" \/>\n\t<meta property=\"og:image:height\" content=\"2448\" \/>\n\t<meta property=\"og:image:type\" content=\"image\/jpeg\" \/>\n<meta name=\"twitter:card\" content=\"summary_large_image\" \/>\n<meta name=\"twitter:site\" content=\"@SIBOBV\" \/>\n<meta name=\"twitter:label1\" content=\"Dur\u00e9e de lecture estim\u00e9e\" \/>\n\t<meta name=\"twitter:data1\" content=\"4 minutes\" \/>\n<script type=\"application\/ld+json\" class=\"yoast-schema-graph\">{\"@context\":\"https:\/\/schema.org\",\"@graph\":[{\"@type\":\"WebPage\",\"@id\":\"https:\/\/sibo.nl\/fr\/cookie-policy\/\",\"url\":\"https:\/\/sibo.nl\/fr\/cookie-policy\/\",\"name\":\"Cookie policy - Fluidra Benelux\",\"isPartOf\":{\"@id\":\"https:\/\/sibo.nl\/fr\/#website\"},\"datePublished\":\"2024-07-10T08:23:56+00:00\",\"dateModified\":\"2026-02-12T12:47:48+00:00\",\"breadcrumb\":{\"@id\":\"https:\/\/sibo.nl\/fr\/cookie-policy\/#breadcrumb\"},\"inLanguage\":\"fr-FR\",\"potentialAction\":[{\"@type\":\"ReadAction\",\"target\":[\"https:\/\/sibo.nl\/fr\/cookie-policy\/\"]}]},{\"@type\":\"BreadcrumbList\",\"@id\":\"https:\/\/sibo.nl\/fr\/cookie-policy\/#breadcrumb\",\"itemListElement\":[{\"@type\":\"ListItem\",\"position\":1,\"name\":\"Home\",\"item\":\"https:\/\/sibo.nl\/fr\/\"},{\"@type\":\"ListItem\",\"position\":2,\"name\":\"Cookie policy\"}]},{\"@type\":\"WebSite\",\"@id\":\"https:\/\/sibo.nl\/fr\/#website\",\"url\":\"https:\/\/sibo.nl\/fr\/\",\"name\":\"SIBO Fluidra\",\"description\":\"Your One-Stop Shop Wholesaler\",\"publisher\":{\"@id\":\"https:\/\/sibo.nl\/fr\/#organization\"},\"potentialAction\":[{\"@type\":\"SearchAction\",\"target\":{\"@type\":\"EntryPoint\",\"urlTemplate\":\"https:\/\/sibo.nl\/fr\/?s={search_term_string}\"},\"query-input\":{\"@type\":\"PropertyValueSpecification\",\"valueRequired\":true,\"valueName\":\"search_term_string\"}}],\"inLanguage\":\"fr-FR\"},{\"@type\":\"Organization\",\"@id\":\"https:\/\/sibo.nl\/fr\/#organization\",\"name\":\"SIBO Fluidra Netherlands B.V.\",\"url\":\"https:\/\/sibo.nl\/fr\/\",\"logo\":{\"@type\":\"ImageObject\",\"inLanguage\":\"fr-FR\",\"@id\":\"https:\/\/sibo.nl\/fr\/#\/schema\/logo\/image\/\",\"url\":\"https:\/\/sibo.nl\/wp-content\/uploads\/2019\/05\/Sibo_Fluidra-Logo-RGB.png\",\"contentUrl\":\"https:\/\/sibo.nl\/wp-content\/uploads\/2019\/05\/Sibo_Fluidra-Logo-RGB.png\",\"width\":524,\"height\":208,\"caption\":\"SIBO Fluidra Netherlands B.V.\"},\"image\":{\"@id\":\"https:\/\/sibo.nl\/fr\/#\/schema\/logo\/image\/\"},\"sameAs\":[\"https:\/\/www.facebook.com\/SiboVeghel\/\",\"https:\/\/x.com\/SIBOBV\",\"https:\/\/nl.linkedin.com\/company\/sibo-bv\",\"https:\/\/www.youtube.com\/channel\/UCIwehKuyVSB5zdsFcjENAhg\"]}]}<\/script>\n<!-- \/ Yoast SEO plugin. -->","yoast_head_json":{"title":"Cookie policy - Fluidra Benelux","robots":{"index":"index","follow":"follow","max-snippet":"max-snippet:-1","max-image-preview":"max-image-preview:large","max-video-preview":"max-video-preview:-1"},"canonical":"https:\/\/sibo.nl\/fr\/cookie-policy\/","og_locale":"fr_FR","og_type":"article","og_title":"Cookie policy - Fluidra Benelux","og_description":"SIBO.NL &#8211; POLITIQUE RELATIVE AU COOKIES 1. Qu\u2019est-ce qu\u2019un cookie ? Les cookies ou dispositifs de stockage et de r\u00e9cup\u00e9ration des donn\u00e9es sont des fichiers envoy\u00e9s par un site Internet [&hellip;]","og_url":"https:\/\/sibo.nl\/fr\/cookie-policy\/","og_site_name":"Fluidra Benelux","article_publisher":"https:\/\/www.facebook.com\/SiboVeghel\/","article_modified_time":"2026-02-12T12:47:48+00:00","og_image":[{"width":3673,"height":2448,"url":"https:\/\/sibo.nl\/wp-content\/uploads\/2017\/04\/Foto-bedrijfspand-met-lichte-wolken.jpg","type":"image\/jpeg"}],"twitter_card":"summary_large_image","twitter_site":"@SIBOBV","twitter_misc":{"Dur\u00e9e de lecture estim\u00e9e":"4 minutes"},"schema":{"@context":"https:\/\/schema.org","@graph":[{"@type":"WebPage","@id":"https:\/\/sibo.nl\/fr\/cookie-policy\/","url":"https:\/\/sibo.nl\/fr\/cookie-policy\/","name":"Cookie policy - Fluidra Benelux","isPartOf":{"@id":"https:\/\/sibo.nl\/fr\/#website"},"datePublished":"2024-07-10T08:23:56+00:00","dateModified":"2026-02-12T12:47:48+00:00","breadcrumb":{"@id":"https:\/\/sibo.nl\/fr\/cookie-policy\/#breadcrumb"},"inLanguage":"fr-FR","potentialAction":[{"@type":"ReadAction","target":["https:\/\/sibo.nl\/fr\/cookie-policy\/"]}]},{"@type":"BreadcrumbList","@id":"https:\/\/sibo.nl\/fr\/cookie-policy\/#breadcrumb","itemListElement":[{"@type":"ListItem","position":1,"name":"Home","item":"https:\/\/sibo.nl\/fr\/"},{"@type":"ListItem","position":2,"name":"Cookie policy"}]},{"@type":"WebSite","@id":"https:\/\/sibo.nl\/fr\/#website","url":"https:\/\/sibo.nl\/fr\/","name":"SIBO Fluidra","description":"Your One-Stop Shop Wholesaler","publisher":{"@id":"https:\/\/sibo.nl\/fr\/#organization"},"potentialAction":[{"@type":"SearchAction","target":{"@type":"EntryPoint","urlTemplate":"https:\/\/sibo.nl\/fr\/?s={search_term_string}"},"query-input":{"@type":"PropertyValueSpecification","valueRequired":true,"valueName":"search_term_string"}}],"inLanguage":"fr-FR"},{"@type":"Organization","@id":"https:\/\/sibo.nl\/fr\/#organization","name":"SIBO Fluidra Netherlands B.V.","url":"https:\/\/sibo.nl\/fr\/","logo":{"@type":"ImageObject","inLanguage":"fr-FR","@id":"https:\/\/sibo.nl\/fr\/#\/schema\/logo\/image\/","url":"https:\/\/sibo.nl\/wp-content\/uploads\/2019\/05\/Sibo_Fluidra-Logo-RGB.png","contentUrl":"https:\/\/sibo.nl\/wp-content\/uploads\/2019\/05\/Sibo_Fluidra-Logo-RGB.png","width":524,"height":208,"caption":"SIBO Fluidra Netherlands B.V."},"image":{"@id":"https:\/\/sibo.nl\/fr\/#\/schema\/logo\/image\/"},"sameAs":["https:\/\/www.facebook.com\/SiboVeghel\/","https:\/\/x.com\/SIBOBV","https:\/\/nl.linkedin.com\/company\/sibo-bv","https:\/\/www.youtube.com\/channel\/UCIwehKuyVSB5zdsFcjENAhg"]}]}},"ticketed":false,"_links":{"self":[{"href":"https:\/\/sibo.nl\/fr\/wp-json\/wp\/v2\/pages\/31313","targetHints":{"allow":["GET"]}}],"collection":[{"href":"https:\/\/sibo.nl\/fr\/wp-json\/wp\/v2\/pages"}],"about":[{"href":"https:\/\/sibo.nl\/fr\/wp-json\/wp\/v2\/types\/page"}],"author":[{"embeddable":true,"href":"https:\/\/sibo.nl\/fr\/wp-json\/wp\/v2\/users\/4"}],"replies":[{"embeddable":true,"href":"https:\/\/sibo.nl\/fr\/wp-json\/wp\/v2\/comments?post=31313"}],"version-history":[{"count":8,"href":"https:\/\/sibo.nl\/fr\/wp-json\/wp\/v2\/pages\/31313\/revisions"}],"predecessor-version":[{"id":31314,"href":"https:\/\/sibo.nl\/fr\/wp-json\/wp\/v2\/pages\/31313\/revisions\/31314"}],"wp:attachment":[{"href":"https:\/\/sibo.nl\/fr\/wp-json\/wp\/v2\/media?parent=31313"}],"curies":[{"name":"wp","href":"https:\/\/api.w.org\/{rel}","templated":true}]}}