{"id":32242,"date":"2025-10-13T14:10:18","date_gmt":"2025-10-13T12:10:18","guid":{"rendered":"https:\/\/sibo.nl\/academy-2025-2026\/"},"modified":"2026-05-04T13:56:30","modified_gmt":"2026-05-04T11:56:30","slug":"academy-2025-2026","status":"publish","type":"page","link":"https:\/\/sibo.nl\/fr\/academy-2025-2026\/","title":{"rendered":"Academy 2025\/2026"},"content":{"rendered":"<p>[et_pb_section fb_built=\u00a0\u00bb1&Prime; _builder_version=\u00a0\u00bb4.27.4&Prime; _module_preset=\u00a0\u00bbdefault\u00a0\u00bb width=\u00a0\u00bb100%\u00a0\u00bb max_width=\u00a0\u00bb100%\u00a0\u00bb global_colors_info=\u00a0\u00bb{}\u00a0\u00bb][et_pb_row _builder_version=\u00a0\u00bb4.27.4&Prime; _module_preset=\u00a0\u00bbdefault\u00a0\u00bb global_colors_info=\u00a0\u00bb{}\u00a0\u00bb][et_pb_column type=\u00a0\u00bb4_4&Prime; _builder_version=\u00a0\u00bb4.27.4&Prime; _module_preset=\u00a0\u00bbdefault\u00a0\u00bb global_colors_info=\u00a0\u00bb{}\u00a0\u00bb][et_pb_text disabled_on=\u00a0\u00bbon|on|on\u00a0\u00bb _builder_version=\u00a0\u00bb4.27.4&Prime; _module_preset=\u00a0\u00bbdefault\u00a0\u00bb disabled=\u00a0\u00bbon\u00a0\u00bb global_colors_info=\u00a0\u00bb{}\u00a0\u00bb]<\/p>\n<h1>Ontdek onze evenementen en trainingen<\/h1>\n<h2>Ben jij als professional op zoek naar nieuwe vaardigheden en kennis?<\/h2>\n<p>Wat leuk dat je een kijkje neemt in onze dynamische activiteitenagenda! Bij Fluidra Benelux vind je een ruim aanbod aan jaarlijkse korte intensieve trainingen, waarbij je geholpen wordt door experts bij het ontwikkelen van gerichte vaardigheden en kennis over ons productassortiment en de laatste trends in de markt.<\/p>\n<h2>Evenementen<\/h2>\n<p>Onze evenementen staan in het teken van netwerken en kennisdeling, zodat jij het beste uit jouw vakgebied kunt halen. Of je nu inspiratie wil opdoen, in contact wil komen met vakgenoten, of de nieuwste producten wil ontdekken, bij Fluidra Benelux ben je aan het juiste adres.<\/p>\n<h2>Vraag jouw training aan<\/h2>\n<p>Ben je op zoek naar nieuwe kennis over een onderwerp die niet bij de huidige trainingen staat? Vraag dan een training op maat aan via onze\u00a0<a href=\"https:\/\/sibo.nl\/fr\/demande-formation\/\">\u2018Training Aanvraag\u2019 pagina<\/a>.<\/p>\n<p>[\/et_pb_text][et_pb_text _builder_version=\u00a0\u00bb4.27.4&Prime; _module_preset=\u00a0\u00bbdefault\u00a0\u00bb custom_padding=\u00a0\u00bb||||false|false\u00a0\u00bb hover_enabled=\u00a0\u00bb0&Prime; global_colors_info=\u00a0\u00bb{}\u00a0\u00bb sticky_enabled=\u00a0\u00bb0&Prime;]<\/p>\n<h2>Bient\u00f4t en ligne : le nouveau calendrier de la Fluidra Pro Academy<\/h2>\n<p>Nous travaillons actuellement d&rsquo;arrache-pied \u00e0 la planification d&rsquo;une nouvelle session de l&rsquo;Academy. Vous trouverez bient\u00f4t plus d&rsquo;informations \u00e0 ce sujet sur cette page.<\/p>\n<h2>Demandez votre formation sur mesure<\/h2>\n<p>Vous souhaitez acqu\u00e9rir de nouvelles connaissances sur un sujet qui ne figure pas parmi les formations actuelles ? Demandez alors une formation sur mesure via notre page <a href=\"https:\/\/sibo.nl\/fr\/demande-formation\/\">\u00ab Demande de formation \u00bb<\/a>.<\/p>\n<p><span data-teams=\"true\">\u00a0<\/span><\/p>\n<p>[\/et_pb_text][\/et_pb_column][\/et_pb_row][\/et_pb_section]<\/p>\n","protected":false},"excerpt":{"rendered":"<p>Ontdek onze evenementen en trainingen Ben jij als professional op zoek naar nieuwe vaardigheden en kennis? Wat leuk dat je een kijkje neemt in onze dynamische activiteitenagenda! Bij Fluidra Benelux [&hellip;]<\/p>\n","protected":false},"author":4,"featured_media":0,"parent":0,"menu_order":0,"comment_status":"closed","ping_status":"closed","template":"","meta":{"_et_pb_use_builder":"on","_et_pb_old_content":"","_et_gb_content_width":"","_price":"","_stock":"","_tribe_ticket_header":"","_tribe_default_ticket_provider":"","_tribe_ticket_capacity":"0","_ticket_start_date":"","_ticket_end_date":"","_tribe_ticket_show_description":"","_tribe_ticket_show_not_going":false,"_tribe_ticket_use_global_stock":"","_tribe_ticket_global_stock_level":"","_global_stock_mode":"","_global_stock_cap":"","_tribe_rsvp_for_event":"","_tribe_ticket_going_count":"","_tribe_ticket_not_going_count":"","_tribe_tickets_list":"[]","_tribe_ticket_has_attendee_info_fields":false,"footnotes":"","_tec_slr_enabled":"","_tec_slr_layout":""},"class_list":["post-32242","page","type-page","status-publish","hentry"],"yoast_head":"<!-- This site is optimized with the Yoast SEO plugin v24.9 - https:\/\/yoast.com\/wordpress\/plugins\/seo\/ -->\n<title>Academy 2025\/2026 - Fluidra Benelux<\/title>\n<meta name=\"robots\" content=\"index, follow, max-snippet:-1, max-image-preview:large, max-video-preview:-1\" \/>\n<link rel=\"canonical\" href=\"https:\/\/sibo.nl\/fr\/academy-2025-2026\/\" \/>\n<meta property=\"og:locale\" content=\"fr_FR\" \/>\n<meta property=\"og:type\" content=\"article\" \/>\n<meta property=\"og:title\" content=\"Academy 2025\/2026 - Fluidra Benelux\" \/>\n<meta property=\"og:description\" content=\"Ontdek onze evenementen en trainingen Ben jij als professional op zoek naar nieuwe vaardigheden en kennis? Wat leuk dat je een kijkje neemt in onze dynamische activiteitenagenda! Bij Fluidra Benelux [&hellip;]\" \/>\n<meta property=\"og:url\" content=\"https:\/\/sibo.nl\/fr\/academy-2025-2026\/\" \/>\n<meta property=\"og:site_name\" content=\"Fluidra Benelux\" \/>\n<meta property=\"article:publisher\" content=\"https:\/\/www.facebook.com\/SiboVeghel\/\" \/>\n<meta property=\"article:modified_time\" content=\"2026-05-04T11:56:30+00:00\" \/>\n<meta property=\"og:image\" content=\"https:\/\/sibo.nl\/wp-content\/uploads\/2017\/04\/Foto-bedrijfspand-met-lichte-wolken.jpg\" \/>\n\t<meta property=\"og:image:width\" content=\"3673\" \/>\n\t<meta property=\"og:image:height\" content=\"2448\" \/>\n\t<meta property=\"og:image:type\" content=\"image\/jpeg\" \/>\n<meta name=\"twitter:card\" content=\"summary_large_image\" \/>\n<meta name=\"twitter:site\" content=\"@SIBOBV\" \/>\n<meta name=\"twitter:label1\" content=\"Dur\u00e9e de lecture estim\u00e9e\" \/>\n\t<meta name=\"twitter:data1\" content=\"2 minutes\" \/>\n<script type=\"application\/ld+json\" class=\"yoast-schema-graph\">{\"@context\":\"https:\/\/schema.org\",\"@graph\":[{\"@type\":\"WebPage\",\"@id\":\"https:\/\/sibo.nl\/fr\/academy-2025-2026\/\",\"url\":\"https:\/\/sibo.nl\/fr\/academy-2025-2026\/\",\"name\":\"Academy 2025\/2026 - Fluidra Benelux\",\"isPartOf\":{\"@id\":\"https:\/\/sibo.nl\/fr\/#website\"},\"datePublished\":\"2025-10-13T12:10:18+00:00\",\"dateModified\":\"2026-05-04T11:56:30+00:00\",\"breadcrumb\":{\"@id\":\"https:\/\/sibo.nl\/fr\/academy-2025-2026\/#breadcrumb\"},\"inLanguage\":\"fr-FR\",\"potentialAction\":[{\"@type\":\"ReadAction\",\"target\":[\"https:\/\/sibo.nl\/fr\/academy-2025-2026\/\"]}]},{\"@type\":\"BreadcrumbList\",\"@id\":\"https:\/\/sibo.nl\/fr\/academy-2025-2026\/#breadcrumb\",\"itemListElement\":[{\"@type\":\"ListItem\",\"position\":1,\"name\":\"Home\",\"item\":\"https:\/\/sibo.nl\/fr\/\"},{\"@type\":\"ListItem\",\"position\":2,\"name\":\"Academy 2025\/2026\"}]},{\"@type\":\"WebSite\",\"@id\":\"https:\/\/sibo.nl\/fr\/#website\",\"url\":\"https:\/\/sibo.nl\/fr\/\",\"name\":\"SIBO Fluidra\",\"description\":\"Your One-Stop Shop Wholesaler\",\"publisher\":{\"@id\":\"https:\/\/sibo.nl\/fr\/#organization\"},\"potentialAction\":[{\"@type\":\"SearchAction\",\"target\":{\"@type\":\"EntryPoint\",\"urlTemplate\":\"https:\/\/sibo.nl\/fr\/?s={search_term_string}\"},\"query-input\":{\"@type\":\"PropertyValueSpecification\",\"valueRequired\":true,\"valueName\":\"search_term_string\"}}],\"inLanguage\":\"fr-FR\"},{\"@type\":\"Organization\",\"@id\":\"https:\/\/sibo.nl\/fr\/#organization\",\"name\":\"SIBO Fluidra Netherlands B.V.\",\"url\":\"https:\/\/sibo.nl\/fr\/\",\"logo\":{\"@type\":\"ImageObject\",\"inLanguage\":\"fr-FR\",\"@id\":\"https:\/\/sibo.nl\/fr\/#\/schema\/logo\/image\/\",\"url\":\"https:\/\/sibo.nl\/wp-content\/uploads\/2019\/05\/Sibo_Fluidra-Logo-RGB.png\",\"contentUrl\":\"https:\/\/sibo.nl\/wp-content\/uploads\/2019\/05\/Sibo_Fluidra-Logo-RGB.png\",\"width\":524,\"height\":208,\"caption\":\"SIBO Fluidra Netherlands B.V.\"},\"image\":{\"@id\":\"https:\/\/sibo.nl\/fr\/#\/schema\/logo\/image\/\"},\"sameAs\":[\"https:\/\/www.facebook.com\/SiboVeghel\/\",\"https:\/\/x.com\/SIBOBV\",\"https:\/\/nl.linkedin.com\/company\/sibo-bv\",\"https:\/\/www.youtube.com\/channel\/UCIwehKuyVSB5zdsFcjENAhg\"]}]}<\/script>\n<!-- \/ Yoast SEO plugin. -->","yoast_head_json":{"title":"Academy 2025\/2026 - Fluidra Benelux","robots":{"index":"index","follow":"follow","max-snippet":"max-snippet:-1","max-image-preview":"max-image-preview:large","max-video-preview":"max-video-preview:-1"},"canonical":"https:\/\/sibo.nl\/fr\/academy-2025-2026\/","og_locale":"fr_FR","og_type":"article","og_title":"Academy 2025\/2026 - Fluidra Benelux","og_description":"Ontdek onze evenementen en trainingen Ben jij als professional op zoek naar nieuwe vaardigheden en kennis? Wat leuk dat je een kijkje neemt in onze dynamische activiteitenagenda! Bij Fluidra Benelux [&hellip;]","og_url":"https:\/\/sibo.nl\/fr\/academy-2025-2026\/","og_site_name":"Fluidra Benelux","article_publisher":"https:\/\/www.facebook.com\/SiboVeghel\/","article_modified_time":"2026-05-04T11:56:30+00:00","og_image":[{"width":3673,"height":2448,"url":"https:\/\/sibo.nl\/wp-content\/uploads\/2017\/04\/Foto-bedrijfspand-met-lichte-wolken.jpg","type":"image\/jpeg"}],"twitter_card":"summary_large_image","twitter_site":"@SIBOBV","twitter_misc":{"Dur\u00e9e de lecture estim\u00e9e":"2 minutes"},"schema":{"@context":"https:\/\/schema.org","@graph":[{"@type":"WebPage","@id":"https:\/\/sibo.nl\/fr\/academy-2025-2026\/","url":"https:\/\/sibo.nl\/fr\/academy-2025-2026\/","name":"Academy 2025\/2026 - Fluidra Benelux","isPartOf":{"@id":"https:\/\/sibo.nl\/fr\/#website"},"datePublished":"2025-10-13T12:10:18+00:00","dateModified":"2026-05-04T11:56:30+00:00","breadcrumb":{"@id":"https:\/\/sibo.nl\/fr\/academy-2025-2026\/#breadcrumb"},"inLanguage":"fr-FR","potentialAction":[{"@type":"ReadAction","target":["https:\/\/sibo.nl\/fr\/academy-2025-2026\/"]}]},{"@type":"BreadcrumbList","@id":"https:\/\/sibo.nl\/fr\/academy-2025-2026\/#breadcrumb","itemListElement":[{"@type":"ListItem","position":1,"name":"Home","item":"https:\/\/sibo.nl\/fr\/"},{"@type":"ListItem","position":2,"name":"Academy 2025\/2026"}]},{"@type":"WebSite","@id":"https:\/\/sibo.nl\/fr\/#website","url":"https:\/\/sibo.nl\/fr\/","name":"SIBO Fluidra","description":"Your One-Stop Shop Wholesaler","publisher":{"@id":"https:\/\/sibo.nl\/fr\/#organization"},"potentialAction":[{"@type":"SearchAction","target":{"@type":"EntryPoint","urlTemplate":"https:\/\/sibo.nl\/fr\/?s={search_term_string}"},"query-input":{"@type":"PropertyValueSpecification","valueRequired":true,"valueName":"search_term_string"}}],"inLanguage":"fr-FR"},{"@type":"Organization","@id":"https:\/\/sibo.nl\/fr\/#organization","name":"SIBO Fluidra Netherlands B.V.","url":"https:\/\/sibo.nl\/fr\/","logo":{"@type":"ImageObject","inLanguage":"fr-FR","@id":"https:\/\/sibo.nl\/fr\/#\/schema\/logo\/image\/","url":"https:\/\/sibo.nl\/wp-content\/uploads\/2019\/05\/Sibo_Fluidra-Logo-RGB.png","contentUrl":"https:\/\/sibo.nl\/wp-content\/uploads\/2019\/05\/Sibo_Fluidra-Logo-RGB.png","width":524,"height":208,"caption":"SIBO Fluidra Netherlands B.V."},"image":{"@id":"https:\/\/sibo.nl\/fr\/#\/schema\/logo\/image\/"},"sameAs":["https:\/\/www.facebook.com\/SiboVeghel\/","https:\/\/x.com\/SIBOBV","https:\/\/nl.linkedin.com\/company\/sibo-bv","https:\/\/www.youtube.com\/channel\/UCIwehKuyVSB5zdsFcjENAhg"]}]}},"ticketed":false,"_links":{"self":[{"href":"https:\/\/sibo.nl\/fr\/wp-json\/wp\/v2\/pages\/32242","targetHints":{"allow":["GET"]}}],"collection":[{"href":"https:\/\/sibo.nl\/fr\/wp-json\/wp\/v2\/pages"}],"about":[{"href":"https:\/\/sibo.nl\/fr\/wp-json\/wp\/v2\/types\/page"}],"author":[{"embeddable":true,"href":"https:\/\/sibo.nl\/fr\/wp-json\/wp\/v2\/users\/4"}],"replies":[{"embeddable":true,"href":"https:\/\/sibo.nl\/fr\/wp-json\/wp\/v2\/comments?post=32242"}],"version-history":[{"count":2,"href":"https:\/\/sibo.nl\/fr\/wp-json\/wp\/v2\/pages\/32242\/revisions"}],"predecessor-version":[{"id":32246,"href":"https:\/\/sibo.nl\/fr\/wp-json\/wp\/v2\/pages\/32242\/revisions\/32246"}],"wp:attachment":[{"href":"https:\/\/sibo.nl\/fr\/wp-json\/wp\/v2\/media?parent=32242"}],"curies":[{"name":"wp","href":"https:\/\/api.w.org\/{rel}","templated":true}]}}